{"id":28319,"date":"2021-09-15T12:30:21","date_gmt":"2021-09-15T09:30:21","guid":{"rendered":"https:\/\/ddt.lv\/lv\/product\/led-gaismeklis-11w-700lm-3000k-ip20-800mm-smartbar-emos\/"},"modified":"2026-04-01T00:10:47","modified_gmt":"2026-03-31T21:10:47","slug":"led-gaismeklis-11w-700lm-3000k-ip20-800mm-smartbar-emos","status":"publish","type":"product","link":"https:\/\/ddt.lv\/lv\/product\/led-gaismeklis-11w-700lm-3000k-ip20-800mm-smartbar-emos\/","title":{"rendered":"LED gaismeklis 11W 700lm 3000K IP20 800mm SMARTBAR EMOS"},"content":{"rendered":"<p>izm\u0113rs 800 \u00d7 29 \u00d7 10 mm<br \/>\ngarums 800 mm<br \/>\nener\u0123ijas pat\u0113ri\u0146\u0161 11 W<br \/>\ngaismas pl\u016bsma 700 lm<br \/>\n kr\u0101sa silti balta<br \/>\nA ener\u0123ijas klase<br \/>\nmateri\u0101ls alum\u012bnijs (Al) + plastmasa<br \/>\nLED skaits 120<br \/>\naptum\u0161ojo\u0161s j\u0101, 2 sensori<br \/>\nkr\u0101su temperat\u016bra 3 000 K<br \/>\ngaismas le\u0146\u0137is 120 \u00b0<br \/>\nkalpo\u0161anas laiks 25 000 stundas<\/p>\n<p><\/p>","protected":false},"excerpt":{"rendered":"<p>izm\u0113rs 800 \u00d7 29 \u00d7 10 mm garums 800 mm ener\u0123ijas pat\u0113ri\u0146\u0161 11 W gaismas pl\u016bsma 700 lm kr\u0101sa silti balta A ener\u0123ijas klase materi\u0101ls alum\u012bnijs (Al) + plastmasa LED skaits 120 aptum\u0161ojo\u0161s j\u0101, 2 sensori kr\u0101su temperat\u016bra 3 000 K gaismas le\u0146\u0137is 120 \u00b0 kalpo\u0161anas laiks 25 000 stundas<\/p>\n","protected":false},"featured_media":28354,"comment_status":"closed","ping_status":"closed","template":"","meta":{"inline_featured_image":false},"product_cat":[772,904],"product_tag":[],"yst_prominent_words":[],"class_list":{"0":"post-28319","1":"product","2":"type-product","3":"status-publish","4":"has-post-thumbnail","6":"product_cat-atlaides","7":"product_cat-led-batten-tipa-gaismekli","9":"first","10":"instock","11":"sale","12":"taxable","13":"shipping-taxable","14":"purchasable","15":"product-type-simple"},"jetpack_sharing_enabled":true,"_links":{"self":[{"href":"https:\/\/ddt.lv\/lv\/wp-json\/wp\/v2\/product\/28319"}],"collection":[{"href":"https:\/\/ddt.lv\/lv\/wp-json\/wp\/v2\/product"}],"about":[{"href":"https:\/\/ddt.lv\/lv\/wp-json\/wp\/v2\/types\/product"}],"replies":[{"embeddable":true,"href":"https:\/\/ddt.lv\/lv\/wp-json\/wp\/v2\/comments?post=28319"}],"wp:featuredmedia":[{"embeddable":true,"href":"https:\/\/ddt.lv\/lv\/wp-json\/wp\/v2\/media\/28354"}],"wp:attachment":[{"href":"https:\/\/ddt.lv\/lv\/wp-json\/wp\/v2\/media?parent=28319"}],"wp:term":[{"taxonomy":"product_cat","embeddable":true,"href":"https:\/\/ddt.lv\/lv\/wp-json\/wp\/v2\/product_cat?post=28319"},{"taxonomy":"product_tag","embeddable":true,"href":"https:\/\/ddt.lv\/lv\/wp-json\/wp\/v2\/product_tag?post=28319"},{"taxonomy":"yst_prominent_words","embeddable":true,"href":"https:\/\/ddt.lv\/lv\/wp-json\/wp\/v2\/yst_prominent_words?post=28319"}],"curies":[{"name":"wp","href":"https:\/\/api.w.org\/{rel}","templated":true}]}}