{"id":28318,"date":"2021-09-15T12:30:20","date_gmt":"2021-09-15T09:30:20","guid":{"rendered":"https:\/\/ddt.lv\/lv\/product\/iebuvets-led-gaismeklis-ugr-34w-4000lm-4000k-ip20-595x595mm-balts-emos\/"},"modified":"2026-04-06T11:02:15","modified_gmt":"2026-04-06T08:02:15","slug":"iebuvets-led-gaismeklis-ugr-34w-4000lm-4000k-ip20-595x595mm-balts-emos","status":"publish","type":"product","link":"https:\/\/ddt.lv\/lv\/product\/iebuvets-led-gaismeklis-ugr-34w-4000lm-4000k-ip20-595x595mm-balts-emos\/","title":{"rendered":"Ieb\u016bv\u0113ts LED gaismeklis UGR 34W 4000lm 4000K IP20 595x595mm balts EMOS"},"content":{"rendered":"<p>kvadr\u0101tveida forma<br \/>\ngai\u0161a kr\u0101sa neitr\u0101li balta<br \/>\nener\u0123ijas pat\u0113ri\u0146\u0161 34 W<br \/>\nIP20 aizsardz\u012bba<br \/>\n\u0137erme\u0146a kr\u0101sa balta<br \/>\ngaismas pl\u016bsma 4000 lm<br \/>\n4 \u00d7 18 W CFL spuldzes nomai\u0146a<br \/>\nkr\u0101su temperat\u016bra 4 000 K<br \/>\nspriegums 220\u2013240 V.<br \/>\ngaismas le\u0146\u0137is 90 \u00b0<br \/>\nLED gaismas avots<br \/>\nUGR  80<br \/>\nizklied\u0113t\u0101ja materi\u0101ls plastmasa (PS)<br \/>\nizejas str\u0101va no 950 mA avota<br \/>\nfrekvence 50\/60 Hz<\/p>","protected":false},"excerpt":{"rendered":"<p>kvadr\u0101tveida forma gai\u0161a kr\u0101sa neitr\u0101li balta ener\u0123ijas pat\u0113ri\u0146\u0161 34 W IP20 aizsardz\u012bba \u0137erme\u0146a kr\u0101sa balta gaismas pl\u016bsma 4000 lm 4 \u00d7 18 W CFL spuldzes nomai\u0146a kr\u0101su temperat\u016bra 4 000 K spriegums 220\u2013240 V. gaismas le\u0146\u0137is 90 \u00b0 LED gaismas avots UGR 80 izklied\u0113t\u0101ja materi\u0101ls plastmasa (PS) izejas str\u0101va no 950 mA avota frekvence 50\/60 [&hellip;]<\/p>\n","protected":false},"featured_media":28348,"comment_status":"closed","ping_status":"closed","template":"","meta":{"inline_featured_image":false},"product_cat":[924],"product_tag":[],"yst_prominent_words":[],"class_list":{"0":"post-28318","1":"product","2":"type-product","3":"status-publish","4":"has-post-thumbnail","6":"product_cat-led-paneli","8":"first","9":"outofstock","10":"taxable","11":"shipping-taxable","12":"purchasable","13":"product-type-simple"},"jetpack_sharing_enabled":true,"_links":{"self":[{"href":"https:\/\/ddt.lv\/lv\/wp-json\/wp\/v2\/product\/28318"}],"collection":[{"href":"https:\/\/ddt.lv\/lv\/wp-json\/wp\/v2\/product"}],"about":[{"href":"https:\/\/ddt.lv\/lv\/wp-json\/wp\/v2\/types\/product"}],"replies":[{"embeddable":true,"href":"https:\/\/ddt.lv\/lv\/wp-json\/wp\/v2\/comments?post=28318"}],"wp:featuredmedia":[{"embeddable":true,"href":"https:\/\/ddt.lv\/lv\/wp-json\/wp\/v2\/media\/28348"}],"wp:attachment":[{"href":"https:\/\/ddt.lv\/lv\/wp-json\/wp\/v2\/media?parent=28318"}],"wp:term":[{"taxonomy":"product_cat","embeddable":true,"href":"https:\/\/ddt.lv\/lv\/wp-json\/wp\/v2\/product_cat?post=28318"},{"taxonomy":"product_tag","embeddable":true,"href":"https:\/\/ddt.lv\/lv\/wp-json\/wp\/v2\/product_tag?post=28318"},{"taxonomy":"yst_prominent_words","embeddable":true,"href":"https:\/\/ddt.lv\/lv\/wp-json\/wp\/v2\/yst_prominent_words?post=28318"}],"curies":[{"name":"wp","href":"https:\/\/api.w.org\/{rel}","templated":true}]}}