{"id":28317,"date":"2021-09-15T12:20:16","date_gmt":"2021-09-15T09:20:16","guid":{"rendered":"https:\/\/ddt.lv\/lv\/product\/galda-lampa-dexter-led-6w-300lm-ip20-4000k-balta-emos\/"},"modified":"2026-04-13T09:57:14","modified_gmt":"2026-04-13T06:57:14","slug":"galda-lampa-dexter-led-6w-300lm-ip20-4000k-balta-emos","status":"publish","type":"product","link":"https:\/\/ddt.lv\/lv\/product\/galda-lampa-dexter-led-6w-300lm-ip20-4000k-balta-emos\/","title":{"rendered":"Galda lampa DEXTER LED 6W 300lm IP20 4000K balta EMOS"},"content":{"rendered":"<p>aptum\u0161o\u0161ana 6 cikli<br \/>\nstr\u0101vas transformators 12 V \/ 500 mA<br \/>\nkr\u0101sa balta, antrac\u012bts<br \/>\ngaismas pl\u016bsma 300 lm<br \/>\ngai\u0161a kr\u0101sa neitr\u0101li balta<\/p>","protected":false},"excerpt":{"rendered":"<p>aptum\u0161o\u0161ana 6 cikli str\u0101vas transformators 12 V \/ 500 mA kr\u0101sa balta, antrac\u012bts gaismas pl\u016bsma 300 lm gai\u0161a kr\u0101sa neitr\u0101li balta<\/p>\n","protected":false},"featured_media":28343,"comment_status":"closed","ping_status":"closed","template":"","meta":{"inline_featured_image":false},"product_cat":[1292,746],"product_tag":[],"yst_prominent_words":[],"class_list":{"0":"post-28317","1":"product","2":"type-product","3":"status-publish","4":"has-post-thumbnail","6":"product_cat-galda-lampas-un-stavlampas-apgaismojums","7":"product_cat-pagarinataji-pagarinataji-un-sadalitaji","9":"first","10":"outofstock","11":"taxable","12":"shipping-taxable","13":"purchasable","14":"product-type-simple"},"jetpack_sharing_enabled":true,"_links":{"self":[{"href":"https:\/\/ddt.lv\/lv\/wp-json\/wp\/v2\/product\/28317"}],"collection":[{"href":"https:\/\/ddt.lv\/lv\/wp-json\/wp\/v2\/product"}],"about":[{"href":"https:\/\/ddt.lv\/lv\/wp-json\/wp\/v2\/types\/product"}],"replies":[{"embeddable":true,"href":"https:\/\/ddt.lv\/lv\/wp-json\/wp\/v2\/comments?post=28317"}],"wp:featuredmedia":[{"embeddable":true,"href":"https:\/\/ddt.lv\/lv\/wp-json\/wp\/v2\/media\/28343"}],"wp:attachment":[{"href":"https:\/\/ddt.lv\/lv\/wp-json\/wp\/v2\/media?parent=28317"}],"wp:term":[{"taxonomy":"product_cat","embeddable":true,"href":"https:\/\/ddt.lv\/lv\/wp-json\/wp\/v2\/product_cat?post=28317"},{"taxonomy":"product_tag","embeddable":true,"href":"https:\/\/ddt.lv\/lv\/wp-json\/wp\/v2\/product_tag?post=28317"},{"taxonomy":"yst_prominent_words","embeddable":true,"href":"https:\/\/ddt.lv\/lv\/wp-json\/wp\/v2\/yst_prominent_words?post=28317"}],"curies":[{"name":"wp","href":"https:\/\/api.w.org\/{rel}","templated":true}]}}