{"id":28316,"date":"2021-09-15T12:20:16","date_gmt":"2021-09-15T09:20:16","guid":{"rendered":"https:\/\/ddt.lv\/lv\/product\/led-r63-e27-10w-806lm-4100k-reflektor-spuldze-emos\/"},"modified":"2026-04-13T09:52:28","modified_gmt":"2026-04-13T06:52:28","slug":"led-r63-e27-10w-806lm-4100k-reflektor-spuldze-emos","status":"publish","type":"product","link":"https:\/\/ddt.lv\/lv\/product\/led-r63-e27-10w-806lm-4100k-reflektor-spuldze-emos\/","title":{"rendered":"LED R63 E27 10W 806lm 4100K reflektor spuldze EMOS"},"content":{"rendered":"<p>pamatne (spuldzes tur\u0113t\u0101js) E27<br \/>\ngai\u0161a kr\u0101sa neitr\u0101li balta<br \/>\n60 W spuldzes nomai\u0146a<br \/>\nener\u0123ijas pat\u0113ri\u0146\u0161 10 W<br \/>\ngaismas pl\u016bsma 806 lm<\/p>\n<p>formas atstarot\u0101js R63<br \/>\nkr\u0101su temperat\u016bra 4 100 K<br \/>\nspriegums 230 V ~ \/ 50 Hz<br \/>\ngaismas le\u0146\u0137is 120 \u00b0<br \/>\nkr\u0101su atveido\u0161anas indekss (CRI) Ra&gt; 80<br \/>\nener\u0123\u0113tisk\u0101 klase (no 1.9.2021.) F<br \/>\nkalpo\u0161anas laiks 30 000 stundas<\/p>","protected":false},"excerpt":{"rendered":"<p>pamatne (spuldzes tur\u0113t\u0101js) E27 gai\u0161a kr\u0101sa neitr\u0101li balta 60 W spuldzes nomai\u0146a ener\u0123ijas pat\u0113ri\u0146\u0161 10 W gaismas pl\u016bsma 806 lm formas atstarot\u0101js R63 kr\u0101su temperat\u016bra 4 100 K spriegums 230 V ~ \/ 50 Hz gaismas le\u0146\u0137is 120 \u00b0 kr\u0101su atveido\u0161anas indekss (CRI) Ra&gt; 80 ener\u0123\u0113tisk\u0101 klase (no 1.9.2021.) F kalpo\u0161anas laiks 30 000 stundas<\/p>\n","protected":false},"featured_media":28339,"comment_status":"closed","ping_status":"closed","template":"","meta":{"inline_featured_image":false},"product_cat":[772,850],"product_tag":[],"yst_prominent_words":[],"class_list":{"0":"post-28316","1":"product","2":"type-product","3":"status-publish","4":"has-post-thumbnail","6":"product_cat-atlaides","7":"product_cat-e27-spuldzes","9":"first","10":"instock","11":"sale","12":"taxable","13":"shipping-taxable","14":"purchasable","15":"product-type-simple"},"jetpack_sharing_enabled":true,"_links":{"self":[{"href":"https:\/\/ddt.lv\/lv\/wp-json\/wp\/v2\/product\/28316"}],"collection":[{"href":"https:\/\/ddt.lv\/lv\/wp-json\/wp\/v2\/product"}],"about":[{"href":"https:\/\/ddt.lv\/lv\/wp-json\/wp\/v2\/types\/product"}],"replies":[{"embeddable":true,"href":"https:\/\/ddt.lv\/lv\/wp-json\/wp\/v2\/comments?post=28316"}],"wp:featuredmedia":[{"embeddable":true,"href":"https:\/\/ddt.lv\/lv\/wp-json\/wp\/v2\/media\/28339"}],"wp:attachment":[{"href":"https:\/\/ddt.lv\/lv\/wp-json\/wp\/v2\/media?parent=28316"}],"wp:term":[{"taxonomy":"product_cat","embeddable":true,"href":"https:\/\/ddt.lv\/lv\/wp-json\/wp\/v2\/product_cat?post=28316"},{"taxonomy":"product_tag","embeddable":true,"href":"https:\/\/ddt.lv\/lv\/wp-json\/wp\/v2\/product_tag?post=28316"},{"taxonomy":"yst_prominent_words","embeddable":true,"href":"https:\/\/ddt.lv\/lv\/wp-json\/wp\/v2\/yst_prominent_words?post=28316"}],"curies":[{"name":"wp","href":"https:\/\/api.w.org\/{rel}","templated":true}]}}