{"id":28314,"date":"2021-09-15T12:20:15","date_gmt":"2021-09-15T09:20:15","guid":{"rendered":"https:\/\/ddt.lv\/lv\/product\/led-gls-a60-e27-10w-230v-806lm-2700k-cri95-spuldze-emos\/"},"modified":"2026-04-13T09:56:19","modified_gmt":"2026-04-13T06:56:19","slug":"led-gls-a60-e27-10w-230v-806lm-2700k-cri95-spuldze-emos","status":"publish","type":"product","link":"https:\/\/ddt.lv\/lv\/product\/led-gls-a60-e27-10w-230v-806lm-2700k-cri95-spuldze-emos\/","title":{"rendered":"LED GLS A60 E27 10W 230V 806lm 2700K CRI augstas kr\u0101su iz\u0161\u0137irtsp\u0113jas Ra&gt;95 spuldze EMOS"},"content":{"rendered":"<p>kr\u0101su atveido\u0161anas indekss (CRI): Ra&gt; 95<\/p>\n<p>apgaismojuma le\u0146\u0137is: 300 \u00b0<\/p>\n<p>Ener\u0123ijas klase: A +<\/p>\n<p>forma: klasiska A60<\/p>\n<p>jauda: 10 W<\/p>\n<p>spriegums: 230 V ~ \/ 50 Hz<\/p>\n<p>spuldzes ekvivalents: 60W<\/p>\n<p>gaismas efektivit\u0101te: 81 lm \/ W<\/p>\n<p>gaismas pl\u016bsma: 806 lm<\/p>\n<p>tehnolo\u0123ija: LED<\/p>\n<p>kr\u0101su temperat\u016bra: 2 700 K<\/p>","protected":false},"excerpt":{"rendered":"<p>kr\u0101su atveido\u0161anas indekss (CRI): Ra&gt; 95 apgaismojuma le\u0146\u0137is: 300 \u00b0 Ener\u0123ijas klase: A + forma: klasiska A60 jauda: 10 W spriegums: 230 V ~ \/ 50 Hz spuldzes ekvivalents: 60W gaismas efektivit\u0101te: 81 lm \/ W gaismas pl\u016bsma: 806 lm tehnolo\u0123ija: LED kr\u0101su temperat\u016bra: 2 700 K<\/p>\n","protected":false},"featured_media":28336,"comment_status":"closed","ping_status":"closed","template":"","meta":{"inline_featured_image":false},"product_cat":[850],"product_tag":[],"yst_prominent_words":[],"class_list":{"0":"post-28314","1":"product","2":"type-product","3":"status-publish","4":"has-post-thumbnail","6":"product_cat-e27-spuldzes","8":"first","9":"instock","10":"taxable","11":"shipping-taxable","12":"purchasable","13":"product-type-simple"},"jetpack_sharing_enabled":true,"_links":{"self":[{"href":"https:\/\/ddt.lv\/lv\/wp-json\/wp\/v2\/product\/28314"}],"collection":[{"href":"https:\/\/ddt.lv\/lv\/wp-json\/wp\/v2\/product"}],"about":[{"href":"https:\/\/ddt.lv\/lv\/wp-json\/wp\/v2\/types\/product"}],"replies":[{"embeddable":true,"href":"https:\/\/ddt.lv\/lv\/wp-json\/wp\/v2\/comments?post=28314"}],"wp:featuredmedia":[{"embeddable":true,"href":"https:\/\/ddt.lv\/lv\/wp-json\/wp\/v2\/media\/28336"}],"wp:attachment":[{"href":"https:\/\/ddt.lv\/lv\/wp-json\/wp\/v2\/media?parent=28314"}],"wp:term":[{"taxonomy":"product_cat","embeddable":true,"href":"https:\/\/ddt.lv\/lv\/wp-json\/wp\/v2\/product_cat?post=28314"},{"taxonomy":"product_tag","embeddable":true,"href":"https:\/\/ddt.lv\/lv\/wp-json\/wp\/v2\/product_tag?post=28314"},{"taxonomy":"yst_prominent_words","embeddable":true,"href":"https:\/\/ddt.lv\/lv\/wp-json\/wp\/v2\/yst_prominent_words?post=28314"}],"curies":[{"name":"wp","href":"https:\/\/api.w.org\/{rel}","templated":true}]}}