{"id":28313,"date":"2021-09-15T12:20:14","date_gmt":"2021-09-15T09:20:14","guid":{"rendered":"https:\/\/ddt.lv\/lv\/product\/led-candle-e14-8w-230v-806lm-6500k-spuldze-emos\/"},"modified":"2026-04-13T09:57:36","modified_gmt":"2026-04-13T06:57:36","slug":"led-candle-e14-8w-230v-806lm-6500k-spuldze-emos","status":"publish","type":"product","link":"https:\/\/ddt.lv\/lv\/product\/led-candle-e14-8w-230v-806lm-6500k-spuldze-emos\/","title":{"rendered":"LED Candle E14 8W 230V 806lm 6500K spuldze EMOS"},"content":{"rendered":"<p>pamatne (spuldzes tur\u0113t\u0101js) E14<br \/>\ngai\u0161a kr\u0101sa auksti balta<br \/>\n60 W spuldzes nomai\u0146a<br \/>\nener\u0123ijas pat\u0113ri\u0146\u0161 8 W<br \/>\ngaismas pl\u016bsma 806 lm<\/p>\n<p>Sveces forma<br \/>\nkr\u0101su temperat\u016bra 6 500 K<br \/>\nspriegums 230 V ~ \/ 50 Hz<br \/>\nstaru le\u0146\u0137is 250 \u00b0<br \/>\nkr\u0101su atveido\u0161anas indekss (CRI) Ra&gt; 80<br \/>\nener\u0123\u0113tisk\u0101 klase (no 1.9.2021.) E<br \/>\nkalpo\u0161anas laiks 30 000 stundas<\/p>","protected":false},"excerpt":{"rendered":"<p>pamatne (spuldzes tur\u0113t\u0101js) E14 gai\u0161a kr\u0101sa auksti balta 60 W spuldzes nomai\u0146a ener\u0123ijas pat\u0113ri\u0146\u0161 8 W gaismas pl\u016bsma 806 lm Sveces forma kr\u0101su temperat\u016bra 6 500 K spriegums 230 V ~ \/ 50 Hz staru le\u0146\u0137is 250 \u00b0 kr\u0101su atveido\u0161anas indekss (CRI) Ra&gt; 80 ener\u0123\u0113tisk\u0101 klase (no 1.9.2021.) E kalpo\u0161anas laiks 30 000 stundas<\/p>\n","protected":false},"featured_media":28325,"comment_status":"closed","ping_status":"closed","template":"","meta":{"inline_featured_image":false},"product_cat":[851],"product_tag":[],"yst_prominent_words":[],"class_list":{"0":"post-28313","1":"product","2":"type-product","3":"status-publish","4":"has-post-thumbnail","6":"product_cat-e14-spuldzes","8":"first","9":"outofstock","10":"taxable","11":"shipping-taxable","12":"purchasable","13":"product-type-simple"},"jetpack_sharing_enabled":true,"_links":{"self":[{"href":"https:\/\/ddt.lv\/lv\/wp-json\/wp\/v2\/product\/28313"}],"collection":[{"href":"https:\/\/ddt.lv\/lv\/wp-json\/wp\/v2\/product"}],"about":[{"href":"https:\/\/ddt.lv\/lv\/wp-json\/wp\/v2\/types\/product"}],"replies":[{"embeddable":true,"href":"https:\/\/ddt.lv\/lv\/wp-json\/wp\/v2\/comments?post=28313"}],"wp:featuredmedia":[{"embeddable":true,"href":"https:\/\/ddt.lv\/lv\/wp-json\/wp\/v2\/media\/28325"}],"wp:attachment":[{"href":"https:\/\/ddt.lv\/lv\/wp-json\/wp\/v2\/media?parent=28313"}],"wp:term":[{"taxonomy":"product_cat","embeddable":true,"href":"https:\/\/ddt.lv\/lv\/wp-json\/wp\/v2\/product_cat?post=28313"},{"taxonomy":"product_tag","embeddable":true,"href":"https:\/\/ddt.lv\/lv\/wp-json\/wp\/v2\/product_tag?post=28313"},{"taxonomy":"yst_prominent_words","embeddable":true,"href":"https:\/\/ddt.lv\/lv\/wp-json\/wp\/v2\/yst_prominent_words?post=28313"}],"curies":[{"name":"wp","href":"https:\/\/api.w.org\/{rel}","templated":true}]}}