{"id":28312,"date":"2021-09-15T12:20:14","date_gmt":"2021-09-15T09:20:14","guid":{"rendered":"https:\/\/ddt.lv\/lv\/product\/led-candle-e14-8w-230v-806lm-2700k-spuldze-emos\/"},"modified":"2026-04-17T13:25:44","modified_gmt":"2026-04-17T10:25:44","slug":"led-candle-e14-8w-230v-806lm-2700k-spuldze-emos","status":"publish","type":"product","link":"https:\/\/ddt.lv\/lv\/product\/led-candle-e14-8w-230v-806lm-2700k-spuldze-emos\/","title":{"rendered":"LED Candle E14 8W 230V 806lm 2700K spuldze EMOS"},"content":{"rendered":"<p>pamatne (spuldzes tur\u0113t\u0101js) E14<br \/>\ngai\u0161a kr\u0101sa silti balta<br \/>\n60 W spuldzes nomai\u0146a<br \/>\nener\u0123ijas pat\u0113ri\u0146\u0161 8 W<br \/>\ngaismas pl\u016bsma 806 lm<\/p>\n<p>Sveces forma<br \/>\nkr\u0101su temperat\u016bra 2 700 K<br \/>\nspriegums 230 V ~ \/ 50 Hz<br \/>\nstaru le\u0146\u0137is 250 \u00b0<br \/>\nkr\u0101su atveido\u0161anas indekss (CRI) Ra&gt; 80<br \/>\nener\u0123\u0113tisk\u0101 klase (no 1.9.2021.) E<br \/>\nkalpo\u0161anas laiks 30 000 stundas<br \/>\nLED tehnolo\u0123ija<br \/>\nmikrosh\u0113mu skaits 10<\/p>","protected":false},"excerpt":{"rendered":"<p>pamatne (spuldzes tur\u0113t\u0101js) E14 gai\u0161a kr\u0101sa silti balta 60 W spuldzes nomai\u0146a ener\u0123ijas pat\u0113ri\u0146\u0161 8 W gaismas pl\u016bsma 806 lm Sveces forma kr\u0101su temperat\u016bra 2 700 K spriegums 230 V ~ \/ 50 Hz staru le\u0146\u0137is 250 \u00b0 kr\u0101su atveido\u0161anas indekss (CRI) Ra&gt; 80 ener\u0123\u0113tisk\u0101 klase (no 1.9.2021.) E kalpo\u0161anas laiks 30 000 stundas LED [&hellip;]<\/p>\n","protected":false},"featured_media":28330,"comment_status":"closed","ping_status":"closed","template":"","meta":{"inline_featured_image":false},"product_cat":[772,851],"product_tag":[],"yst_prominent_words":[],"class_list":{"0":"post-28312","1":"product","2":"type-product","3":"status-publish","4":"has-post-thumbnail","6":"product_cat-atlaides","7":"product_cat-e14-spuldzes","9":"first","10":"instock","11":"sale","12":"taxable","13":"shipping-taxable","14":"purchasable","15":"product-type-simple"},"jetpack_sharing_enabled":true,"_links":{"self":[{"href":"https:\/\/ddt.lv\/lv\/wp-json\/wp\/v2\/product\/28312"}],"collection":[{"href":"https:\/\/ddt.lv\/lv\/wp-json\/wp\/v2\/product"}],"about":[{"href":"https:\/\/ddt.lv\/lv\/wp-json\/wp\/v2\/types\/product"}],"replies":[{"embeddable":true,"href":"https:\/\/ddt.lv\/lv\/wp-json\/wp\/v2\/comments?post=28312"}],"wp:featuredmedia":[{"embeddable":true,"href":"https:\/\/ddt.lv\/lv\/wp-json\/wp\/v2\/media\/28330"}],"wp:attachment":[{"href":"https:\/\/ddt.lv\/lv\/wp-json\/wp\/v2\/media?parent=28312"}],"wp:term":[{"taxonomy":"product_cat","embeddable":true,"href":"https:\/\/ddt.lv\/lv\/wp-json\/wp\/v2\/product_cat?post=28312"},{"taxonomy":"product_tag","embeddable":true,"href":"https:\/\/ddt.lv\/lv\/wp-json\/wp\/v2\/product_tag?post=28312"},{"taxonomy":"yst_prominent_words","embeddable":true,"href":"https:\/\/ddt.lv\/lv\/wp-json\/wp\/v2\/yst_prominent_words?post=28312"}],"curies":[{"name":"wp","href":"https:\/\/api.w.org\/{rel}","templated":true}]}}