{"id":28310,"date":"2021-09-15T12:20:13","date_gmt":"2021-09-15T09:20:13","guid":{"rendered":"https:\/\/ddt.lv\/lv\/product\/led-globe-g95-e27-11-5w-240v-1060lm-2700k-spuldze-emos\/"},"modified":"2026-04-13T10:00:53","modified_gmt":"2026-04-13T07:00:53","slug":"led-globe-g95-e27-11-5w-240v-1060lm-2700k-spuldze-emos","status":"publish","type":"product","link":"https:\/\/ddt.lv\/lv\/product\/led-globe-g95-e27-11-5w-240v-1060lm-2700k-spuldze-emos\/","title":{"rendered":"LED GLOBE G95 E27 11.5W 240V 1060lm 2700K spuldze EMOS"},"content":{"rendered":"<p>pamatne (spuldzes tur\u0113t\u0101js) E27<br \/>\ngai\u0161a kr\u0101sa silti balta<br \/>\n75 W spuldzes nomai\u0146a<br \/>\nener\u0123ijas pat\u0113ri\u0146\u0161 11,5 W<br \/>\ngaismas pl\u016bsma 1060 lm<\/p>\n<p>Globusa forma<br \/>\nkr\u0101su temperat\u016bra 2 700 K<br \/>\nspriegums 230 V ~ \/ 50 Hz<br \/>\ngaismas le\u0146\u0137is 300 \u00b0<br \/>\nkr\u0101su atveido\u0161anas indekss (CRI) Ra&gt; 80<br \/>\nener\u0123\u0113tisk\u0101 klase (no 1.9.2021.) F<br \/>\nkalpo\u0161anas laiks 30 000 stundas<br \/>\nLED tehnolo\u0123ija<br \/>\nmikrosh\u0113mu skaits 15<br \/>\npalai\u0161anas laiks 0,1 s<br \/>\nmikrosh\u0113mas tips 2835<\/p>","protected":false},"excerpt":{"rendered":"<p>pamatne (spuldzes tur\u0113t\u0101js) E27 gai\u0161a kr\u0101sa silti balta 75 W spuldzes nomai\u0146a ener\u0123ijas pat\u0113ri\u0146\u0161 11,5 W gaismas pl\u016bsma 1060 lm Globusa forma kr\u0101su temperat\u016bra 2 700 K spriegums 230 V ~ \/ 50 Hz gaismas le\u0146\u0137is 300 \u00b0 kr\u0101su atveido\u0161anas indekss (CRI) Ra&gt; 80 ener\u0123\u0113tisk\u0101 klase (no 1.9.2021.) F kalpo\u0161anas laiks 30 000 stundas LED [&hellip;]<\/p>\n","protected":false},"featured_media":28323,"comment_status":"closed","ping_status":"closed","template":"","meta":{"inline_featured_image":false},"product_cat":[850],"product_tag":[],"yst_prominent_words":[],"class_list":{"0":"post-28310","1":"product","2":"type-product","3":"status-publish","4":"has-post-thumbnail","6":"product_cat-e27-spuldzes","8":"first","9":"instock","10":"taxable","11":"shipping-taxable","12":"purchasable","13":"product-type-simple"},"jetpack_sharing_enabled":true,"_links":{"self":[{"href":"https:\/\/ddt.lv\/lv\/wp-json\/wp\/v2\/product\/28310"}],"collection":[{"href":"https:\/\/ddt.lv\/lv\/wp-json\/wp\/v2\/product"}],"about":[{"href":"https:\/\/ddt.lv\/lv\/wp-json\/wp\/v2\/types\/product"}],"replies":[{"embeddable":true,"href":"https:\/\/ddt.lv\/lv\/wp-json\/wp\/v2\/comments?post=28310"}],"wp:featuredmedia":[{"embeddable":true,"href":"https:\/\/ddt.lv\/lv\/wp-json\/wp\/v2\/media\/28323"}],"wp:attachment":[{"href":"https:\/\/ddt.lv\/lv\/wp-json\/wp\/v2\/media?parent=28310"}],"wp:term":[{"taxonomy":"product_cat","embeddable":true,"href":"https:\/\/ddt.lv\/lv\/wp-json\/wp\/v2\/product_cat?post=28310"},{"taxonomy":"product_tag","embeddable":true,"href":"https:\/\/ddt.lv\/lv\/wp-json\/wp\/v2\/product_tag?post=28310"},{"taxonomy":"yst_prominent_words","embeddable":true,"href":"https:\/\/ddt.lv\/lv\/wp-json\/wp\/v2\/yst_prominent_words?post=28310"}],"curies":[{"name":"wp","href":"https:\/\/api.w.org\/{rel}","templated":true}]}}