{"id":28255,"date":"2021-09-14T12:50:15","date_gmt":"2021-09-14T09:50:15","guid":{"rendered":"https:\/\/ddt.lv\/lv\/product\/led-ball-e14-8w-230v-806lm-2700k-spuldze-emos\/"},"modified":"2026-04-01T00:17:19","modified_gmt":"2026-03-31T21:17:19","slug":"led-ball-e14-8w-230v-806lm-2700k-spuldze-emos","status":"publish","type":"product","link":"https:\/\/ddt.lv\/lv\/product\/led-ball-e14-8w-230v-806lm-2700k-spuldze-emos\/","title":{"rendered":"LED BALL E14 8W 230V 806lm 2700K spuldze EMOS"},"content":{"rendered":"<p>v\u0101ci\u0146\u0161 (spuldzes tur\u0113t\u0101js) E14<br \/>\ngai\u0161a kr\u0101sa silti balta<br \/>\nl\u012bdzv\u0113rt\u012bga 60 W spuldzei<br \/>\njauda 8 W<br \/>\ngaismas pl\u016bsma 806 lm<\/p>","protected":false},"excerpt":{"rendered":"<p>v\u0101ci\u0146\u0161 (spuldzes tur\u0113t\u0101js) E14 gai\u0161a kr\u0101sa silti balta l\u012bdzv\u0113rt\u012bga 60 W spuldzei jauda 8 W gaismas pl\u016bsma 806 lm<\/p>\n","protected":false},"featured_media":28297,"comment_status":"closed","ping_status":"closed","template":"","meta":{"inline_featured_image":false},"product_cat":[851],"product_tag":[],"yst_prominent_words":[],"class_list":{"0":"post-28255","1":"product","2":"type-product","3":"status-publish","4":"has-post-thumbnail","6":"product_cat-e14-spuldzes","8":"first","9":"instock","10":"taxable","11":"shipping-taxable","12":"purchasable","13":"product-type-simple"},"jetpack_sharing_enabled":true,"_links":{"self":[{"href":"https:\/\/ddt.lv\/lv\/wp-json\/wp\/v2\/product\/28255"}],"collection":[{"href":"https:\/\/ddt.lv\/lv\/wp-json\/wp\/v2\/product"}],"about":[{"href":"https:\/\/ddt.lv\/lv\/wp-json\/wp\/v2\/types\/product"}],"replies":[{"embeddable":true,"href":"https:\/\/ddt.lv\/lv\/wp-json\/wp\/v2\/comments?post=28255"}],"wp:featuredmedia":[{"embeddable":true,"href":"https:\/\/ddt.lv\/lv\/wp-json\/wp\/v2\/media\/28297"}],"wp:attachment":[{"href":"https:\/\/ddt.lv\/lv\/wp-json\/wp\/v2\/media?parent=28255"}],"wp:term":[{"taxonomy":"product_cat","embeddable":true,"href":"https:\/\/ddt.lv\/lv\/wp-json\/wp\/v2\/product_cat?post=28255"},{"taxonomy":"product_tag","embeddable":true,"href":"https:\/\/ddt.lv\/lv\/wp-json\/wp\/v2\/product_tag?post=28255"},{"taxonomy":"yst_prominent_words","embeddable":true,"href":"https:\/\/ddt.lv\/lv\/wp-json\/wp\/v2\/yst_prominent_words?post=28255"}],"curies":[{"name":"wp","href":"https:\/\/api.w.org\/{rel}","templated":true}]}}