{"id":28253,"date":"2021-09-14T12:50:14","date_gmt":"2021-09-14T09:50:14","guid":{"rendered":"https:\/\/ddt.lv\/lv\/product\/led-ball-e27-8w-230v-806lm-6500k-spuldze-emos\/"},"modified":"2026-04-06T10:57:41","modified_gmt":"2026-04-06T07:57:41","slug":"led-ball-e27-8w-230v-806lm-6500k-spuldze-emos","status":"publish","type":"product","link":"https:\/\/ddt.lv\/lv\/product\/led-ball-e27-8w-230v-806lm-6500k-spuldze-emos\/","title":{"rendered":"LED BALL E27 8W 230V 806lm 6500K spuldze EMOS"},"content":{"rendered":"<p>ligzda (spuldzes tur\u0113t\u0101js) E27<br \/>\ngai\u0161a kr\u0101sa auksti balta<br \/>\n60 W spuldzes nomai\u0146a<br \/>\nener\u0123ijas pat\u0113ri\u0146\u0161 8 W<br \/>\ngaismas pl\u016bsma \/ spilgtums 806 lm<\/p>","protected":false},"excerpt":{"rendered":"<p>ligzda (spuldzes tur\u0113t\u0101js) E27 gai\u0161a kr\u0101sa auksti balta 60 W spuldzes nomai\u0146a ener\u0123ijas pat\u0113ri\u0146\u0161 8 W gaismas pl\u016bsma \/ spilgtums 806 lm<\/p>\n","protected":false},"featured_media":28289,"comment_status":"closed","ping_status":"closed","template":"","meta":{"inline_featured_image":false},"product_cat":[850],"product_tag":[],"yst_prominent_words":[],"class_list":{"0":"post-28253","1":"product","2":"type-product","3":"status-publish","4":"has-post-thumbnail","6":"product_cat-e27-spuldzes","8":"first","9":"instock","10":"taxable","11":"shipping-taxable","12":"purchasable","13":"product-type-simple"},"jetpack_sharing_enabled":true,"_links":{"self":[{"href":"https:\/\/ddt.lv\/lv\/wp-json\/wp\/v2\/product\/28253"}],"collection":[{"href":"https:\/\/ddt.lv\/lv\/wp-json\/wp\/v2\/product"}],"about":[{"href":"https:\/\/ddt.lv\/lv\/wp-json\/wp\/v2\/types\/product"}],"replies":[{"embeddable":true,"href":"https:\/\/ddt.lv\/lv\/wp-json\/wp\/v2\/comments?post=28253"}],"wp:featuredmedia":[{"embeddable":true,"href":"https:\/\/ddt.lv\/lv\/wp-json\/wp\/v2\/media\/28289"}],"wp:attachment":[{"href":"https:\/\/ddt.lv\/lv\/wp-json\/wp\/v2\/media?parent=28253"}],"wp:term":[{"taxonomy":"product_cat","embeddable":true,"href":"https:\/\/ddt.lv\/lv\/wp-json\/wp\/v2\/product_cat?post=28253"},{"taxonomy":"product_tag","embeddable":true,"href":"https:\/\/ddt.lv\/lv\/wp-json\/wp\/v2\/product_tag?post=28253"},{"taxonomy":"yst_prominent_words","embeddable":true,"href":"https:\/\/ddt.lv\/lv\/wp-json\/wp\/v2\/yst_prominent_words?post=28253"}],"curies":[{"name":"wp","href":"https:\/\/api.w.org\/{rel}","templated":true}]}}