{"id":28248,"date":"2021-09-14T12:50:13","date_gmt":"2021-09-14T09:50:13","guid":{"rendered":"https:\/\/ddt.lv\/lv\/product\/led-gls-a65-e27-15w-240v-1240lm-2700k-spuldze-emos\/"},"modified":"2026-04-13T09:50:44","modified_gmt":"2026-04-13T06:50:44","slug":"led-gls-a65-e27-15w-240v-1240lm-2700k-spuldze-emos","status":"publish","type":"product","link":"https:\/\/ddt.lv\/lv\/product\/led-gls-a65-e27-15w-240v-1240lm-2700k-spuldze-emos\/","title":{"rendered":"LED GLS A65 E27 15W 240V 1240lm 2700K spuldze EMOS"},"content":{"rendered":"<p>ligzda (spuldzes tur\u0113t\u0101js) E27<br \/>\ngai\u0161a kr\u0101sa silti balta<br \/>\n85 W spuldzes nomai\u0146a<br \/>\nener\u0123ijas pat\u0113ri\u0146\u0161 15 W<br \/>\ngaismas pl\u016bsma \/ spilgtums 1240 lm<\/p>","protected":false},"excerpt":{"rendered":"<p>ligzda (spuldzes tur\u0113t\u0101js) E27 gai\u0161a kr\u0101sa silti balta 85 W spuldzes nomai\u0146a ener\u0123ijas pat\u0113ri\u0146\u0161 15 W gaismas pl\u016bsma \/ spilgtums 1240 lm<\/p>\n","protected":false},"featured_media":28279,"comment_status":"closed","ping_status":"closed","template":"","meta":{"inline_featured_image":false},"product_cat":[772,850],"product_tag":[],"yst_prominent_words":[],"class_list":{"0":"post-28248","1":"product","2":"type-product","3":"status-publish","4":"has-post-thumbnail","6":"product_cat-atlaides","7":"product_cat-e27-spuldzes","9":"first","10":"instock","11":"sale","12":"taxable","13":"shipping-taxable","14":"purchasable","15":"product-type-simple"},"jetpack_sharing_enabled":true,"_links":{"self":[{"href":"https:\/\/ddt.lv\/lv\/wp-json\/wp\/v2\/product\/28248"}],"collection":[{"href":"https:\/\/ddt.lv\/lv\/wp-json\/wp\/v2\/product"}],"about":[{"href":"https:\/\/ddt.lv\/lv\/wp-json\/wp\/v2\/types\/product"}],"replies":[{"embeddable":true,"href":"https:\/\/ddt.lv\/lv\/wp-json\/wp\/v2\/comments?post=28248"}],"wp:featuredmedia":[{"embeddable":true,"href":"https:\/\/ddt.lv\/lv\/wp-json\/wp\/v2\/media\/28279"}],"wp:attachment":[{"href":"https:\/\/ddt.lv\/lv\/wp-json\/wp\/v2\/media?parent=28248"}],"wp:term":[{"taxonomy":"product_cat","embeddable":true,"href":"https:\/\/ddt.lv\/lv\/wp-json\/wp\/v2\/product_cat?post=28248"},{"taxonomy":"product_tag","embeddable":true,"href":"https:\/\/ddt.lv\/lv\/wp-json\/wp\/v2\/product_tag?post=28248"},{"taxonomy":"yst_prominent_words","embeddable":true,"href":"https:\/\/ddt.lv\/lv\/wp-json\/wp\/v2\/yst_prominent_words?post=28248"}],"curies":[{"name":"wp","href":"https:\/\/api.w.org\/{rel}","templated":true}]}}