{"id":28245,"date":"2021-09-14T12:40:15","date_gmt":"2021-09-14T09:40:15","guid":{"rendered":"https:\/\/ddt.lv\/lv\/product\/led-gls-filament-a67-e27-17w-240v-2452lm-2700k-spuldze-emos\/"},"modified":"2026-04-01T00:25:48","modified_gmt":"2026-03-31T21:25:48","slug":"led-gls-filament-a67-e27-17w-240v-2452lm-2700k-spuldze-emos","status":"publish","type":"product","link":"https:\/\/ddt.lv\/lv\/product\/led-gls-filament-a67-e27-17w-240v-2452lm-2700k-spuldze-emos\/","title":{"rendered":"LED GLS FILAMENT A67 E27 17W 240V 2452lm 2700K spuldze EMOS"},"content":{"rendered":"<p>ligzda (spuldzes tur\u0113t\u0101js) E27<br \/>\ngai\u0161a kr\u0101sa silti balta<br \/>\n150 W spuldzes nomai\u0146a<br \/>\nener\u0123ijas pat\u0113ri\u0146\u0161 17 W<br \/>\ngaismas pl\u016bsma \/ spilgtums 2,452 lm<\/p>","protected":false},"excerpt":{"rendered":"<p>ligzda (spuldzes tur\u0113t\u0101js) E27 gai\u0161a kr\u0101sa silti balta 150 W spuldzes nomai\u0146a ener\u0123ijas pat\u0113ri\u0146\u0161 17 W gaismas pl\u016bsma \/ spilgtums 2,452 lm<\/p>\n","protected":false},"featured_media":28274,"comment_status":"closed","ping_status":"closed","template":"","meta":{"inline_featured_image":false},"product_cat":[925],"product_tag":[],"yst_prominent_words":[],"class_list":{"0":"post-28245","1":"product","2":"type-product","3":"status-publish","4":"has-post-thumbnail","6":"product_cat-filament-tipa-spuldzes","8":"first","9":"instock","10":"taxable","11":"shipping-taxable","12":"purchasable","13":"product-type-simple"},"jetpack_sharing_enabled":true,"_links":{"self":[{"href":"https:\/\/ddt.lv\/lv\/wp-json\/wp\/v2\/product\/28245"}],"collection":[{"href":"https:\/\/ddt.lv\/lv\/wp-json\/wp\/v2\/product"}],"about":[{"href":"https:\/\/ddt.lv\/lv\/wp-json\/wp\/v2\/types\/product"}],"replies":[{"embeddable":true,"href":"https:\/\/ddt.lv\/lv\/wp-json\/wp\/v2\/comments?post=28245"}],"wp:featuredmedia":[{"embeddable":true,"href":"https:\/\/ddt.lv\/lv\/wp-json\/wp\/v2\/media\/28274"}],"wp:attachment":[{"href":"https:\/\/ddt.lv\/lv\/wp-json\/wp\/v2\/media?parent=28245"}],"wp:term":[{"taxonomy":"product_cat","embeddable":true,"href":"https:\/\/ddt.lv\/lv\/wp-json\/wp\/v2\/product_cat?post=28245"},{"taxonomy":"product_tag","embeddable":true,"href":"https:\/\/ddt.lv\/lv\/wp-json\/wp\/v2\/product_tag?post=28245"},{"taxonomy":"yst_prominent_words","embeddable":true,"href":"https:\/\/ddt.lv\/lv\/wp-json\/wp\/v2\/yst_prominent_words?post=28245"}],"curies":[{"name":"wp","href":"https:\/\/api.w.org\/{rel}","templated":true}]}}