{"id":28242,"date":"2021-09-14T12:40:13","date_gmt":"2021-09-14T09:40:13","guid":{"rendered":"https:\/\/ddt.lv\/lv\/product\/savienojuma-vads-usb-a-spraudnis-usb-micro-b-spraudnis-1m-zelta-emos\/"},"modified":"2026-04-13T10:02:32","modified_gmt":"2026-04-13T07:02:32","slug":"savienojuma-vads-usb-a-spraudnis-usb-micro-b-spraudnis-1m-zelta-emos","status":"publish","type":"product","link":"https:\/\/ddt.lv\/lv\/product\/savienojuma-vads-usb-a-spraudnis-usb-micro-b-spraudnis-1m-zelta-emos\/","title":{"rendered":"Savienojuma vads USB A spraudnis-USB micro B spraudnis 1m zelta EMOS"},"content":{"rendered":"<p>USB kabelis apa\u013ca dizaina un zelta kr\u0101s\u0101. Tekstila pinums. Tas ir piem\u0113rots mobilajiem t\u0101lru\u0146iem un cit\u0101m mobilaj\u0101m ier\u012bc\u0113m.<\/p>","protected":false},"excerpt":{"rendered":"<p>USB kabelis apa\u013ca dizaina un zelta kr\u0101s\u0101. Tekstila pinums. Tas ir piem\u0113rots mobilajiem t\u0101lru\u0146iem un cit\u0101m mobilaj\u0101m ier\u012bc\u0113m.<\/p>\n","protected":false},"featured_media":28259,"comment_status":"closed","ping_status":"closed","template":"","meta":{"inline_featured_image":false},"product_cat":[742],"product_tag":[],"yst_prominent_words":[],"class_list":{"0":"post-28242","1":"product","2":"type-product","3":"status-publish","4":"has-post-thumbnail","6":"product_cat-savienojuma-vadi","8":"first","9":"instock","10":"taxable","11":"shipping-taxable","12":"purchasable","13":"product-type-simple"},"jetpack_sharing_enabled":true,"_links":{"self":[{"href":"https:\/\/ddt.lv\/lv\/wp-json\/wp\/v2\/product\/28242"}],"collection":[{"href":"https:\/\/ddt.lv\/lv\/wp-json\/wp\/v2\/product"}],"about":[{"href":"https:\/\/ddt.lv\/lv\/wp-json\/wp\/v2\/types\/product"}],"replies":[{"embeddable":true,"href":"https:\/\/ddt.lv\/lv\/wp-json\/wp\/v2\/comments?post=28242"}],"wp:featuredmedia":[{"embeddable":true,"href":"https:\/\/ddt.lv\/lv\/wp-json\/wp\/v2\/media\/28259"}],"wp:attachment":[{"href":"https:\/\/ddt.lv\/lv\/wp-json\/wp\/v2\/media?parent=28242"}],"wp:term":[{"taxonomy":"product_cat","embeddable":true,"href":"https:\/\/ddt.lv\/lv\/wp-json\/wp\/v2\/product_cat?post=28242"},{"taxonomy":"product_tag","embeddable":true,"href":"https:\/\/ddt.lv\/lv\/wp-json\/wp\/v2\/product_tag?post=28242"},{"taxonomy":"yst_prominent_words","embeddable":true,"href":"https:\/\/ddt.lv\/lv\/wp-json\/wp\/v2\/yst_prominent_words?post=28242"}],"curies":[{"name":"wp","href":"https:\/\/api.w.org\/{rel}","templated":true}]}}