{"id":28165,"date":"2021-09-13T13:50:14","date_gmt":"2021-09-13T10:50:14","guid":{"rendered":"https:\/\/ddt.lv\/lv\/product\/pagarinatajs-3f-5m-cgsg-5cx25-h05rr-f-400v-max16a-ip44-54-emos\/"},"modified":"2026-04-08T14:36:51","modified_gmt":"2026-04-08T11:36:51","slug":"pagarinatajs-3f-5m-cgsg-5cx25-h05rr-f-400v-max16a-ip44-54-emos","status":"publish","type":"product","link":"https:\/\/ddt.lv\/lv\/product\/pagarinatajs-3f-5m-cgsg-5cx25-h05rr-f-400v-max16a-ip44-54-emos\/","title":{"rendered":"Pagarin\u0101t\u0101js 3F 5m CGSG 5C\u00d72,5 H05RR-F 400V max16A IP44\/54 EMOS"},"content":{"rendered":"<p>Gumijas pagarin\u0101t\u0101js no 5 m l\u012bdz 400 V ~ tiek izmantots, lai pagarin\u0101tu elektroener\u0123iju tur, kur fiks\u0113t\u0101 kontaktligzda nevar sasniegt.<\/p>","protected":false},"excerpt":{"rendered":"<p>Gumijas pagarin\u0101t\u0101js no 5 m l\u012bdz 400 V ~ tiek izmantots, lai pagarin\u0101tu elektroener\u0123iju tur, kur fiks\u0113t\u0101 kontaktligzda nevar sasniegt.<\/p>\n","protected":false},"featured_media":28226,"comment_status":"closed","ping_status":"closed","template":"","meta":{"inline_featured_image":false},"product_cat":[746],"product_tag":[],"yst_prominent_words":[],"class_list":{"0":"post-28165","1":"product","2":"type-product","3":"status-publish","4":"has-post-thumbnail","6":"product_cat-pagarinataji-pagarinataji-un-sadalitaji","8":"first","9":"outofstock","10":"taxable","11":"shipping-taxable","12":"purchasable","13":"product-type-simple"},"jetpack_sharing_enabled":true,"_links":{"self":[{"href":"https:\/\/ddt.lv\/lv\/wp-json\/wp\/v2\/product\/28165"}],"collection":[{"href":"https:\/\/ddt.lv\/lv\/wp-json\/wp\/v2\/product"}],"about":[{"href":"https:\/\/ddt.lv\/lv\/wp-json\/wp\/v2\/types\/product"}],"replies":[{"embeddable":true,"href":"https:\/\/ddt.lv\/lv\/wp-json\/wp\/v2\/comments?post=28165"}],"wp:featuredmedia":[{"embeddable":true,"href":"https:\/\/ddt.lv\/lv\/wp-json\/wp\/v2\/media\/28226"}],"wp:attachment":[{"href":"https:\/\/ddt.lv\/lv\/wp-json\/wp\/v2\/media?parent=28165"}],"wp:term":[{"taxonomy":"product_cat","embeddable":true,"href":"https:\/\/ddt.lv\/lv\/wp-json\/wp\/v2\/product_cat?post=28165"},{"taxonomy":"product_tag","embeddable":true,"href":"https:\/\/ddt.lv\/lv\/wp-json\/wp\/v2\/product_tag?post=28165"},{"taxonomy":"yst_prominent_words","embeddable":true,"href":"https:\/\/ddt.lv\/lv\/wp-json\/wp\/v2\/yst_prominent_words?post=28165"}],"curies":[{"name":"wp","href":"https:\/\/api.w.org\/{rel}","templated":true}]}}