{"id":28164,"date":"2021-09-13T13:50:14","date_gmt":"2021-09-13T10:50:14","guid":{"rendered":"https:\/\/ddt.lv\/lv\/product\/pagarinatajs-4-1-5m-3680w-3x1-5mm2-ar-zemi-ar-sledzi-melns-emos\/"},"modified":"2026-04-08T14:35:38","modified_gmt":"2026-04-08T11:35:38","slug":"pagarinatajs-4-1-5m-3680w-3x1-5mm2-ar-zemi-ar-sledzi-melns-emos","status":"publish","type":"product","link":"https:\/\/ddt.lv\/lv\/product\/pagarinatajs-4-1-5m-3680w-3x1-5mm2-ar-zemi-ar-sledzi-melns-emos\/","title":{"rendered":"Pagarin\u0101t\u0101js 4\/1.5m 3680W 3&#215;1.5mm2 ar zemi ar sl\u0113dzi melns EMOS"},"content":{"rendered":"<p>garums 1,5 m<br \/>\nvietu skaits 4 \u00d7 2P + PE SCHUKO<br \/>\nsl\u0113dzis j\u0101<br \/>\nspriegums \/ str\u0101va 250 V ~ \/ 16 A maks.<br \/>\nkr\u0101sa melna<\/p>\n<p><\/p>","protected":false},"excerpt":{"rendered":"<p>garums 1,5 m vietu skaits 4 \u00d7 2P + PE SCHUKO sl\u0113dzis j\u0101 spriegums \/ str\u0101va 250 V ~ \/ 16 A maks. kr\u0101sa melna<\/p>\n","protected":false},"featured_media":28224,"comment_status":"closed","ping_status":"closed","template":"","meta":{"inline_featured_image":false},"product_cat":[746],"product_tag":[],"yst_prominent_words":[],"class_list":{"0":"post-28164","1":"product","2":"type-product","3":"status-publish","4":"has-post-thumbnail","6":"product_cat-pagarinataji-pagarinataji-un-sadalitaji","8":"first","9":"outofstock","10":"taxable","11":"shipping-taxable","12":"purchasable","13":"product-type-simple"},"jetpack_sharing_enabled":true,"_links":{"self":[{"href":"https:\/\/ddt.lv\/lv\/wp-json\/wp\/v2\/product\/28164"}],"collection":[{"href":"https:\/\/ddt.lv\/lv\/wp-json\/wp\/v2\/product"}],"about":[{"href":"https:\/\/ddt.lv\/lv\/wp-json\/wp\/v2\/types\/product"}],"replies":[{"embeddable":true,"href":"https:\/\/ddt.lv\/lv\/wp-json\/wp\/v2\/comments?post=28164"}],"wp:featuredmedia":[{"embeddable":true,"href":"https:\/\/ddt.lv\/lv\/wp-json\/wp\/v2\/media\/28224"}],"wp:attachment":[{"href":"https:\/\/ddt.lv\/lv\/wp-json\/wp\/v2\/media?parent=28164"}],"wp:term":[{"taxonomy":"product_cat","embeddable":true,"href":"https:\/\/ddt.lv\/lv\/wp-json\/wp\/v2\/product_cat?post=28164"},{"taxonomy":"product_tag","embeddable":true,"href":"https:\/\/ddt.lv\/lv\/wp-json\/wp\/v2\/product_tag?post=28164"},{"taxonomy":"yst_prominent_words","embeddable":true,"href":"https:\/\/ddt.lv\/lv\/wp-json\/wp\/v2\/yst_prominent_words?post=28164"}],"curies":[{"name":"wp","href":"https:\/\/api.w.org\/{rel}","templated":true}]}}