{"id":28163,"date":"2021-09-13T13:50:14","date_gmt":"2021-09-13T10:50:14","guid":{"rendered":"https:\/\/ddt.lv\/lv\/product\/elektroenergijas-paterina-skaititajs-elektronisks-rozete-230v-emos\/"},"modified":"2026-04-13T09:48:13","modified_gmt":"2026-04-13T06:48:13","slug":"elektroenergijas-paterina-skaititajs-elektronisks-rozete-230v-emos","status":"publish","type":"product","link":"https:\/\/ddt.lv\/lv\/product\/elektroenergijas-paterina-skaititajs-elektronisks-rozete-230v-emos\/","title":{"rendered":"Elektroener\u0123ijas pat\u0113ri\u0146a skait\u012bt\u0101js elektronisks rozete 230V EMOS"},"content":{"rendered":"<p>V\u0113laties izsekot ener\u0123ijas pat\u0113ri\u0146am # Tad noteikti izm\u0113\u0123iniet \u0161o paroc\u012bgo jaudas m\u0113r\u012bt\u0101ju.<br \/>\nmaks. slodze 3 680 W<br \/>\nspriegums \/ str\u0101va 230 V ~ \/ 16 A maks.<br \/>\nm\u0113r\u012b\u0161anas diapazons no 2 W l\u012bdz 3680 W<br \/>\np\u0101rslodzes LED indikators<br \/>\nmaks. re\u0123istr\u0113tais laiks 999 stundas<br \/>\nrezerves baterija 2 \u00d7 1,5 V (LR44 \/ AG13)<br \/>\nener\u0123ijas pat\u0113ri\u0146\u0161 ir no 0 kWh l\u012bdz 999 kWh<\/p>","protected":false},"excerpt":{"rendered":"<p>V\u0113laties izsekot ener\u0123ijas pat\u0113ri\u0146am # Tad noteikti izm\u0113\u0123iniet \u0161o paroc\u012bgo jaudas m\u0113r\u012bt\u0101ju. maks. slodze 3 680 W spriegums \/ str\u0101va 230 V ~ \/ 16 A maks. m\u0113r\u012b\u0161anas diapazons no 2 W l\u012bdz 3680 W p\u0101rslodzes LED indikators maks. re\u0123istr\u0113tais laiks 999 stundas rezerves baterija 2 \u00d7 1,5 V (LR44 \/ AG13) ener\u0123ijas pat\u0113ri\u0146\u0161 ir [&hellip;]<\/p>\n","protected":false},"featured_media":28228,"comment_status":"closed","ping_status":"closed","template":"","meta":{"inline_featured_image":false},"product_cat":[1380],"product_tag":[],"yst_prominent_words":[],"class_list":{"0":"post-28163","1":"product","2":"type-product","3":"status-publish","4":"has-post-thumbnail","6":"product_cat-elektroenergijas-skaititaji","8":"first","9":"outofstock","10":"taxable","11":"shipping-taxable","12":"purchasable","13":"product-type-simple"},"jetpack_sharing_enabled":true,"_links":{"self":[{"href":"https:\/\/ddt.lv\/lv\/wp-json\/wp\/v2\/product\/28163"}],"collection":[{"href":"https:\/\/ddt.lv\/lv\/wp-json\/wp\/v2\/product"}],"about":[{"href":"https:\/\/ddt.lv\/lv\/wp-json\/wp\/v2\/types\/product"}],"replies":[{"embeddable":true,"href":"https:\/\/ddt.lv\/lv\/wp-json\/wp\/v2\/comments?post=28163"}],"wp:featuredmedia":[{"embeddable":true,"href":"https:\/\/ddt.lv\/lv\/wp-json\/wp\/v2\/media\/28228"}],"wp:attachment":[{"href":"https:\/\/ddt.lv\/lv\/wp-json\/wp\/v2\/media?parent=28163"}],"wp:term":[{"taxonomy":"product_cat","embeddable":true,"href":"https:\/\/ddt.lv\/lv\/wp-json\/wp\/v2\/product_cat?post=28163"},{"taxonomy":"product_tag","embeddable":true,"href":"https:\/\/ddt.lv\/lv\/wp-json\/wp\/v2\/product_tag?post=28163"},{"taxonomy":"yst_prominent_words","embeddable":true,"href":"https:\/\/ddt.lv\/lv\/wp-json\/wp\/v2\/yst_prominent_words?post=28163"}],"curies":[{"name":"wp","href":"https:\/\/api.w.org\/{rel}","templated":true}]}}