{"id":28162,"date":"2021-09-13T13:50:13","date_gmt":"2021-09-13T10:50:13","guid":{"rendered":"https:\/\/ddt.lv\/lv\/product\/bezvadu-durvju-zvans-rozetei-sudraba-ip44-16-melodijas-85db-230v-emos\/"},"modified":"2026-04-13T09:57:12","modified_gmt":"2026-04-13T06:57:12","slug":"bezvadu-durvju-zvans-rozetei-sudraba-ip44-16-melodijas-85db-230v-emos","status":"publish","type":"product","link":"https:\/\/ddt.lv\/lv\/product\/bezvadu-durvju-zvans-rozetei-sudraba-ip44-16-melodijas-85db-230v-emos\/","title":{"rendered":"Bezvadu durvju zvans rozetei sudraba. IP44 16 melodijas 85dB 230V EMOS"},"content":{"rendered":"<p>To raksturo \u0101rk\u0101rt\u0113js dizains un jo \u012bpa\u0161i iesp\u0113jas, pateicoties kur\u0101m tam nav konkurences Eiropas tirg\u016b. Durvju zvans un \u016bdensnecaurlaid\u012bga poga sazin\u0101s viens ar otru, izmantojot radiovi\u013c\u0146us l\u012bdz 120 m att\u0101lum\u0101, t\u0101p\u0113c jums nav j\u0101rok, j\u0101urbj vai j\u0101velk kabe\u013ci. \u0160is komplekts ir viegli savienojams p\u0101ros ar neierobe\u017eotu skaitu citu zvanu, kas nodro\u0161ina neparastu sasniedzam\u012bbu un pla\u0161u lietojumu kl\u0101stu.<\/p>","protected":false},"excerpt":{"rendered":"<p>To raksturo \u0101rk\u0101rt\u0113js dizains un jo \u012bpa\u0161i iesp\u0113jas, pateicoties kur\u0101m tam nav konkurences Eiropas tirg\u016b. Durvju zvans un \u016bdensnecaurlaid\u012bga poga sazin\u0101s viens ar otru, izmantojot radiovi\u013c\u0146us l\u012bdz 120 m att\u0101lum\u0101, t\u0101p\u0113c jums nav j\u0101rok, j\u0101urbj vai j\u0101velk kabe\u013ci. \u0160is komplekts ir viegli savienojams p\u0101ros ar neierobe\u017eotu skaitu citu zvanu, kas nodro\u0161ina neparastu sasniedzam\u012bbu un pla\u0161u [&hellip;]<\/p>\n","protected":false},"featured_media":28209,"comment_status":"closed","ping_status":"closed","template":"","meta":{"inline_featured_image":false},"product_cat":[772,543],"product_tag":[],"yst_prominent_words":[],"class_list":{"0":"post-28162","1":"product","2":"type-product","3":"status-publish","4":"has-post-thumbnail","6":"product_cat-atlaides","7":"product_cat-durvju-zvani","9":"first","10":"instock","11":"sale","12":"taxable","13":"shipping-taxable","14":"purchasable","15":"product-type-simple"},"jetpack_sharing_enabled":true,"_links":{"self":[{"href":"https:\/\/ddt.lv\/lv\/wp-json\/wp\/v2\/product\/28162"}],"collection":[{"href":"https:\/\/ddt.lv\/lv\/wp-json\/wp\/v2\/product"}],"about":[{"href":"https:\/\/ddt.lv\/lv\/wp-json\/wp\/v2\/types\/product"}],"replies":[{"embeddable":true,"href":"https:\/\/ddt.lv\/lv\/wp-json\/wp\/v2\/comments?post=28162"}],"wp:featuredmedia":[{"embeddable":true,"href":"https:\/\/ddt.lv\/lv\/wp-json\/wp\/v2\/media\/28209"}],"wp:attachment":[{"href":"https:\/\/ddt.lv\/lv\/wp-json\/wp\/v2\/media?parent=28162"}],"wp:term":[{"taxonomy":"product_cat","embeddable":true,"href":"https:\/\/ddt.lv\/lv\/wp-json\/wp\/v2\/product_cat?post=28162"},{"taxonomy":"product_tag","embeddable":true,"href":"https:\/\/ddt.lv\/lv\/wp-json\/wp\/v2\/product_tag?post=28162"},{"taxonomy":"yst_prominent_words","embeddable":true,"href":"https:\/\/ddt.lv\/lv\/wp-json\/wp\/v2\/yst_prominent_words?post=28162"}],"curies":[{"name":"wp","href":"https:\/\/api.w.org\/{rel}","templated":true}]}}