{"id":28157,"date":"2021-09-13T13:10:14","date_gmt":"2021-09-13T10:10:14","guid":{"rendered":"https:\/\/ddt.lv\/lv\/product\/lukturis-uzladejams-led-2x3w-1w-cob-670lm-ar-magnetu-emos\/"},"modified":"2026-04-13T09:56:44","modified_gmt":"2026-04-13T06:56:44","slug":"lukturis-uzladejams-led-2x3w-1w-cob-670lm-ar-magnetu-emos","status":"publish","type":"product","link":"https:\/\/ddt.lv\/lv\/product\/lukturis-uzladejams-led-2x3w-1w-cob-670lm-ar-magnetu-emos\/","title":{"rendered":"Lukturis uzl\u0101d\u0113jams LED 2x3W+1W COB 670lm ar magn\u0113tu EMOS"},"content":{"rendered":"<p>Lukturis ir apr\u012bkots ar praktisku \u0101\u0137i \u0113rtai piek\u0101r\u0161anai un \u010detriem magn\u0113tiem, lai to var\u0113tu noenkurot uz met\u0101la virsmas. Tam ir ar\u012b saliekama da\u013ca, kuru varat viegli piel\u0101got, lai gaisma sp\u012bd\u0113tu tie\u0161i t\u0101d\u0101 le\u0146\u0137\u012b, k\u0101ds jums nepiecie\u0161ams. Tr\u012bs gaismas re\u017e\u012bmi, atk\u0101rtoti uzl\u0101d\u0113jams litija jonu akumulators un aizsardz\u012bbas funkcija pret p\u0101rm\u0113r\u012bgu uzl\u0101di vai p\u0101rl\u0101d\u0113\u0161anu padara EMOS P4535 lampu par nenov\u0113rt\u0113jamu pavadoni m\u0101j\u0101s un ce\u013c\u0101.<\/p>","protected":false},"excerpt":{"rendered":"<p>Lukturis ir apr\u012bkots ar praktisku \u0101\u0137i \u0113rtai piek\u0101r\u0161anai un \u010detriem magn\u0113tiem, lai to var\u0113tu noenkurot uz met\u0101la virsmas. Tam ir ar\u012b saliekama da\u013ca, kuru varat viegli piel\u0101got, lai gaisma sp\u012bd\u0113tu tie\u0161i t\u0101d\u0101 le\u0146\u0137\u012b, k\u0101ds jums nepiecie\u0161ams. Tr\u012bs gaismas re\u017e\u012bmi, atk\u0101rtoti uzl\u0101d\u0113jams litija jonu akumulators un aizsardz\u012bbas funkcija pret p\u0101rm\u0113r\u012bgu uzl\u0101di vai p\u0101rl\u0101d\u0113\u0161anu padara EMOS P4535 [&hellip;]<\/p>\n","protected":false},"featured_media":28175,"comment_status":"closed","ping_status":"closed","template":"","meta":{"inline_featured_image":false},"product_cat":[728],"product_tag":[],"yst_prominent_words":[],"class_list":{"0":"post-28157","1":"product","2":"type-product","3":"status-publish","4":"has-post-thumbnail","6":"product_cat-ar-magnetu","8":"first","9":"instock","10":"taxable","11":"shipping-taxable","12":"purchasable","13":"product-type-simple"},"jetpack_sharing_enabled":true,"_links":{"self":[{"href":"https:\/\/ddt.lv\/lv\/wp-json\/wp\/v2\/product\/28157"}],"collection":[{"href":"https:\/\/ddt.lv\/lv\/wp-json\/wp\/v2\/product"}],"about":[{"href":"https:\/\/ddt.lv\/lv\/wp-json\/wp\/v2\/types\/product"}],"replies":[{"embeddable":true,"href":"https:\/\/ddt.lv\/lv\/wp-json\/wp\/v2\/comments?post=28157"}],"wp:featuredmedia":[{"embeddable":true,"href":"https:\/\/ddt.lv\/lv\/wp-json\/wp\/v2\/media\/28175"}],"wp:attachment":[{"href":"https:\/\/ddt.lv\/lv\/wp-json\/wp\/v2\/media?parent=28157"}],"wp:term":[{"taxonomy":"product_cat","embeddable":true,"href":"https:\/\/ddt.lv\/lv\/wp-json\/wp\/v2\/product_cat?post=28157"},{"taxonomy":"product_tag","embeddable":true,"href":"https:\/\/ddt.lv\/lv\/wp-json\/wp\/v2\/product_tag?post=28157"},{"taxonomy":"yst_prominent_words","embeddable":true,"href":"https:\/\/ddt.lv\/lv\/wp-json\/wp\/v2\/yst_prominent_words?post=28157"}],"curies":[{"name":"wp","href":"https:\/\/api.w.org\/{rel}","templated":true}]}}