{"id":28156,"date":"2021-09-13T13:10:14","date_gmt":"2021-09-13T10:10:14","guid":{"rendered":"https:\/\/ddt.lv\/lv\/product\/lukturis-uzladejams-5-1-led-450lm-ar-magnetuaki-auto-ladetajs-emos\/"},"modified":"2026-04-06T10:51:52","modified_gmt":"2026-04-06T07:51:52","slug":"lukturis-uzladejams-5-1-led-450lm-ar-magnetuaki-auto-ladetajs-emos","status":"publish","type":"product","link":"https:\/\/ddt.lv\/lv\/product\/lukturis-uzladejams-5-1-led-450lm-ar-magnetuaki-auto-ladetajs-emos\/","title":{"rendered":"Lukturis uzl\u0101d\u0113jams 5+1 LED 450lm ar magn\u0113tu, \u0101\u0137i + auto l\u0101d\u0113t\u0101js EMOS"},"content":{"rendered":"<p>Vai j\u016bs ilgojaties p\u0113c univers\u0101la gaismas avota, kas j\u016bs neatst\u0101s visos apst\u0101k\u013cos? Uzl\u0101d\u0113jama COB LED darba gaisma P4525 k\u013c\u016bst par j\u016bsu labo roku jebkurai aktivit\u0101tei, kas jums j\u0101apgaismo. Neatkar\u012bgi no t\u0101, vai esat m\u0101j\u0101s, darbn\u012bc\u0101 vai darb\u0101. J\u016bs vienm\u0113r varat pa\u013cauties uz atk\u0101rtoti uzl\u0101d\u0113jamu triecieniztur\u012bgu un \u016bdensnecaurlaid\u012bgu lampu ar IP43 aizsardz\u012bbu, kas apr\u012bkota ar praktisku \u0101\u0137i un magn\u0113tu pakarin\u0101\u0161anai, k\u0101 ar\u012b baro\u0161anas avotu elektrot\u012bklam un automa\u0161\u012bnai.<\/p>\n<p><\/p>","protected":false},"excerpt":{"rendered":"<p>Vai j\u016bs ilgojaties p\u0113c univers\u0101la gaismas avota, kas j\u016bs neatst\u0101s visos apst\u0101k\u013cos? Uzl\u0101d\u0113jama COB LED darba gaisma P4525 k\u013c\u016bst par j\u016bsu labo roku jebkurai aktivit\u0101tei, kas jums j\u0101apgaismo. Neatkar\u012bgi no t\u0101, vai esat m\u0101j\u0101s, darbn\u012bc\u0101 vai darb\u0101. J\u016bs vienm\u0113r varat pa\u013cauties uz atk\u0101rtoti uzl\u0101d\u0113jamu triecieniztur\u012bgu un \u016bdensnecaurlaid\u012bgu lampu ar IP43 aizsardz\u012bbu, kas apr\u012bkota ar praktisku [&hellip;]<\/p>\n","protected":false},"featured_media":28191,"comment_status":"closed","ping_status":"closed","template":"","meta":{"inline_featured_image":false},"product_cat":[728],"product_tag":[],"yst_prominent_words":[],"class_list":{"0":"post-28156","1":"product","2":"type-product","3":"status-publish","4":"has-post-thumbnail","6":"product_cat-ar-magnetu","8":"first","9":"instock","10":"taxable","11":"shipping-taxable","12":"purchasable","13":"product-type-simple"},"jetpack_sharing_enabled":true,"_links":{"self":[{"href":"https:\/\/ddt.lv\/lv\/wp-json\/wp\/v2\/product\/28156"}],"collection":[{"href":"https:\/\/ddt.lv\/lv\/wp-json\/wp\/v2\/product"}],"about":[{"href":"https:\/\/ddt.lv\/lv\/wp-json\/wp\/v2\/types\/product"}],"replies":[{"embeddable":true,"href":"https:\/\/ddt.lv\/lv\/wp-json\/wp\/v2\/comments?post=28156"}],"wp:featuredmedia":[{"embeddable":true,"href":"https:\/\/ddt.lv\/lv\/wp-json\/wp\/v2\/media\/28191"}],"wp:attachment":[{"href":"https:\/\/ddt.lv\/lv\/wp-json\/wp\/v2\/media?parent=28156"}],"wp:term":[{"taxonomy":"product_cat","embeddable":true,"href":"https:\/\/ddt.lv\/lv\/wp-json\/wp\/v2\/product_cat?post=28156"},{"taxonomy":"product_tag","embeddable":true,"href":"https:\/\/ddt.lv\/lv\/wp-json\/wp\/v2\/product_tag?post=28156"},{"taxonomy":"yst_prominent_words","embeddable":true,"href":"https:\/\/ddt.lv\/lv\/wp-json\/wp\/v2\/yst_prominent_words?post=28156"}],"curies":[{"name":"wp","href":"https:\/\/api.w.org\/{rel}","templated":true}]}}