{"id":28078,"date":"2021-09-08T13:30:16","date_gmt":"2021-09-08T10:30:16","guid":{"rendered":"https:\/\/ddt.lv\/lv\/product\/lukturis-3xled-12lm-3xaaa-plastmasas-balts-iepakojuma-3-gab-emos\/"},"modified":"2026-04-06T10:52:51","modified_gmt":"2026-04-06T07:52:51","slug":"lukturis-3xled-12lm-3xaaa-plastmasas-balts-iepakojuma-3-gab-emos","status":"publish","type":"product","link":"https:\/\/ddt.lv\/lv\/product\/lukturis-3xled-12lm-3xaaa-plastmasas-balts-iepakojuma-3-gab-emos\/","title":{"rendered":"Lukturis 3xLED 12lm (3xAAA) plastmasas, balts iepakojum\u0101 3 gab. EMOS"},"content":{"rendered":"<p>Praktisks LED luktur\u012btis ar 3 diod\u0113m. To var piestiprin\u0101t jebkur\u0101 viet\u0101 ar l\u012bmlenti aizmugur\u0113.<\/p>","protected":false},"excerpt":{"rendered":"<p>Praktisks LED luktur\u012btis ar 3 diod\u0113m. To var piestiprin\u0101t jebkur\u0101 viet\u0101 ar l\u012bmlenti aizmugur\u0113.<\/p>\n","protected":false},"featured_media":28123,"comment_status":"closed","ping_status":"closed","template":"","meta":{"inline_featured_image":false},"product_cat":[729],"product_tag":[],"yst_prominent_words":[],"class_list":{"0":"post-28078","1":"product","2":"type-product","3":"status-publish","4":"has-post-thumbnail","6":"product_cat-laternas","8":"first","9":"outofstock","10":"taxable","11":"shipping-taxable","12":"purchasable","13":"product-type-simple"},"jetpack_sharing_enabled":true,"_links":{"self":[{"href":"https:\/\/ddt.lv\/lv\/wp-json\/wp\/v2\/product\/28078"}],"collection":[{"href":"https:\/\/ddt.lv\/lv\/wp-json\/wp\/v2\/product"}],"about":[{"href":"https:\/\/ddt.lv\/lv\/wp-json\/wp\/v2\/types\/product"}],"replies":[{"embeddable":true,"href":"https:\/\/ddt.lv\/lv\/wp-json\/wp\/v2\/comments?post=28078"}],"wp:featuredmedia":[{"embeddable":true,"href":"https:\/\/ddt.lv\/lv\/wp-json\/wp\/v2\/media\/28123"}],"wp:attachment":[{"href":"https:\/\/ddt.lv\/lv\/wp-json\/wp\/v2\/media?parent=28078"}],"wp:term":[{"taxonomy":"product_cat","embeddable":true,"href":"https:\/\/ddt.lv\/lv\/wp-json\/wp\/v2\/product_cat?post=28078"},{"taxonomy":"product_tag","embeddable":true,"href":"https:\/\/ddt.lv\/lv\/wp-json\/wp\/v2\/product_tag?post=28078"},{"taxonomy":"yst_prominent_words","embeddable":true,"href":"https:\/\/ddt.lv\/lv\/wp-json\/wp\/v2\/yst_prominent_words?post=28078"}],"curies":[{"name":"wp","href":"https:\/\/api.w.org\/{rel}","templated":true}]}}