{"id":28076,"date":"2021-09-08T13:30:15","date_gmt":"2021-09-08T10:30:15","guid":{"rendered":"https:\/\/ddt.lv\/lv\/product\/pagarinatajs-3-5m-ar-sledzi-ar-zemi-balts-schuko-emos\/"},"modified":"2026-04-08T14:40:48","modified_gmt":"2026-04-08T11:40:48","slug":"pagarinatajs-3-5m-ar-sledzi-ar-zemi-balts-schuko-emos","status":"publish","type":"product","link":"https:\/\/ddt.lv\/lv\/product\/pagarinatajs-3-5m-ar-sledzi-ar-zemi-balts-schuko-emos\/","title":{"rendered":"Pagarin\u0101t\u0101js 3\/5m ar sl\u0113dzi ar zemi balts Schuko EMOS"},"content":{"rendered":"<p>Ar 5 m 250 V ~ pagarin\u0101juma kabe\u013ca sl\u0113dzi, ko var izmantot str\u0101vas padevei pat viet\u0101s, kas atrodas t\u0101lu no kontaktligzdas.<\/p>","protected":false},"excerpt":{"rendered":"<p>Ar 5 m 250 V ~ pagarin\u0101juma kabe\u013ca sl\u0113dzi, ko var izmantot str\u0101vas padevei pat viet\u0101s, kas atrodas t\u0101lu no kontaktligzdas.<\/p>\n","protected":false},"featured_media":28115,"comment_status":"closed","ping_status":"closed","template":"","meta":{"inline_featured_image":false},"product_cat":[746],"product_tag":[],"yst_prominent_words":[],"class_list":{"0":"post-28076","1":"product","2":"type-product","3":"status-publish","4":"has-post-thumbnail","6":"product_cat-pagarinataji-pagarinataji-un-sadalitaji","8":"first","9":"instock","10":"taxable","11":"shipping-taxable","12":"purchasable","13":"product-type-simple"},"jetpack_sharing_enabled":true,"_links":{"self":[{"href":"https:\/\/ddt.lv\/lv\/wp-json\/wp\/v2\/product\/28076"}],"collection":[{"href":"https:\/\/ddt.lv\/lv\/wp-json\/wp\/v2\/product"}],"about":[{"href":"https:\/\/ddt.lv\/lv\/wp-json\/wp\/v2\/types\/product"}],"replies":[{"embeddable":true,"href":"https:\/\/ddt.lv\/lv\/wp-json\/wp\/v2\/comments?post=28076"}],"wp:featuredmedia":[{"embeddable":true,"href":"https:\/\/ddt.lv\/lv\/wp-json\/wp\/v2\/media\/28115"}],"wp:attachment":[{"href":"https:\/\/ddt.lv\/lv\/wp-json\/wp\/v2\/media?parent=28076"}],"wp:term":[{"taxonomy":"product_cat","embeddable":true,"href":"https:\/\/ddt.lv\/lv\/wp-json\/wp\/v2\/product_cat?post=28076"},{"taxonomy":"product_tag","embeddable":true,"href":"https:\/\/ddt.lv\/lv\/wp-json\/wp\/v2\/product_tag?post=28076"},{"taxonomy":"yst_prominent_words","embeddable":true,"href":"https:\/\/ddt.lv\/lv\/wp-json\/wp\/v2\/yst_prominent_words?post=28076"}],"curies":[{"name":"wp","href":"https:\/\/api.w.org\/{rel}","templated":true}]}}