{"id":28070,"date":"2021-09-08T13:30:13","date_gmt":"2021-09-08T10:30:13","guid":{"rendered":"https:\/\/ddt.lv\/lv\/product\/gumijas-pagarinatajs-schuko-1-kontaktligzda-10m-3x-25mm2-16a-ip44-emos\/"},"modified":"2026-04-08T14:37:17","modified_gmt":"2026-04-08T11:37:17","slug":"gumijas-pagarinatajs-schuko-1-kontaktligzda-10m-3x-25mm2-16a-ip44-emos","status":"publish","type":"product","link":"https:\/\/ddt.lv\/lv\/product\/gumijas-pagarinatajs-schuko-1-kontaktligzda-10m-3x-25mm2-16a-ip44-emos\/","title":{"rendered":"Gumijas pagarin\u0101t\u0101js SCHUKO &#8211; 1 kontaktligzda, 10m, 3x 2,5mm2 16A IP44 EMOS"},"content":{"rendered":"<p>garums 10 m<br \/>\nspriegums 250 V ~ \/ 16 A maks.<br \/>\nstieples \u0161\u0137\u0113rsgriezums 2,5 mm\u00b2<br \/>\naizsardz\u012bba IP44<br \/>\nkontaktligzdu skaits 1 \u00d7 2P + PE, IP44 SCHUKO<\/p>","protected":false},"excerpt":{"rendered":"<p>garums 10 m spriegums 250 V ~ \/ 16 A maks. stieples \u0161\u0137\u0113rsgriezums 2,5 mm\u00b2 aizsardz\u012bba IP44 kontaktligzdu skaits 1 \u00d7 2P + PE, IP44 SCHUKO<\/p>\n","protected":false},"featured_media":28104,"comment_status":"closed","ping_status":"closed","template":"","meta":{"inline_featured_image":false},"product_cat":[746],"product_tag":[],"yst_prominent_words":[],"class_list":{"0":"post-28070","1":"product","2":"type-product","3":"status-publish","4":"has-post-thumbnail","6":"product_cat-pagarinataji-pagarinataji-un-sadalitaji","8":"first","9":"instock","10":"taxable","11":"shipping-taxable","12":"purchasable","13":"product-type-simple"},"jetpack_sharing_enabled":true,"_links":{"self":[{"href":"https:\/\/ddt.lv\/lv\/wp-json\/wp\/v2\/product\/28070"}],"collection":[{"href":"https:\/\/ddt.lv\/lv\/wp-json\/wp\/v2\/product"}],"about":[{"href":"https:\/\/ddt.lv\/lv\/wp-json\/wp\/v2\/types\/product"}],"replies":[{"embeddable":true,"href":"https:\/\/ddt.lv\/lv\/wp-json\/wp\/v2\/comments?post=28070"}],"wp:featuredmedia":[{"embeddable":true,"href":"https:\/\/ddt.lv\/lv\/wp-json\/wp\/v2\/media\/28104"}],"wp:attachment":[{"href":"https:\/\/ddt.lv\/lv\/wp-json\/wp\/v2\/media?parent=28070"}],"wp:term":[{"taxonomy":"product_cat","embeddable":true,"href":"https:\/\/ddt.lv\/lv\/wp-json\/wp\/v2\/product_cat?post=28070"},{"taxonomy":"product_tag","embeddable":true,"href":"https:\/\/ddt.lv\/lv\/wp-json\/wp\/v2\/product_tag?post=28070"},{"taxonomy":"yst_prominent_words","embeddable":true,"href":"https:\/\/ddt.lv\/lv\/wp-json\/wp\/v2\/yst_prominent_words?post=28070"}],"curies":[{"name":"wp","href":"https:\/\/api.w.org\/{rel}","templated":true}]}}