{"id":28068,"date":"2021-09-08T13:20:20","date_gmt":"2021-09-08T10:20:20","guid":{"rendered":"https:\/\/ddt.lv\/lv\/product\/pagarinataja-rozesu-bloka-turetajs-5-6-vietas-emos\/"},"modified":"2026-04-08T14:37:17","modified_gmt":"2026-04-08T11:37:17","slug":"pagarinataja-rozesu-bloka-turetajs-5-6-vietas-emos","status":"publish","type":"product","link":"https:\/\/ddt.lv\/lv\/product\/pagarinataja-rozesu-bloka-turetajs-5-6-vietas-emos\/","title":{"rendered":"Pagarin\u0101t\u0101ja \/ roze\u0161u bloka tur\u0113t\u0101js 5-6 vietas EMOS"},"content":{"rendered":"<p>Pagarin\u0101t\u0101ja kontaktligzdas tur\u0113t\u0101js stiprin\u0101\u0161anai pie sienas.<br \/>\nKvalitat\u012bvs tur\u0113t\u0101js pagarin\u0101juma kontaktligzd\u0101m, \u012bpa\u0161i piem\u0113rots uzst\u0101d\u012b\u0161anai uz cietas virsmas (sienas, galda). T\u0101tad jums vienm\u0113r var b\u016bt pagarin\u0101t\u0101js, kur tas ir nepiecie\u0161ams.<\/p>","protected":false},"excerpt":{"rendered":"<p>Pagarin\u0101t\u0101ja kontaktligzdas tur\u0113t\u0101js stiprin\u0101\u0161anai pie sienas. Kvalitat\u012bvs tur\u0113t\u0101js pagarin\u0101juma kontaktligzd\u0101m, \u012bpa\u0161i piem\u0113rots uzst\u0101d\u012b\u0161anai uz cietas virsmas (sienas, galda). T\u0101tad jums vienm\u0113r var b\u016bt pagarin\u0101t\u0101js, kur tas ir nepiecie\u0161ams.<\/p>\n","protected":false},"featured_media":28085,"comment_status":"closed","ping_status":"closed","template":"","meta":{"inline_featured_image":false},"product_cat":[1347],"product_tag":[],"yst_prominent_words":[],"class_list":{"0":"post-28068","1":"product","2":"type-product","3":"status-publish","4":"has-post-thumbnail","6":"product_cat-rozesu-bloki","8":"first","9":"instock","10":"taxable","11":"shipping-taxable","12":"purchasable","13":"product-type-simple"},"jetpack_sharing_enabled":true,"_links":{"self":[{"href":"https:\/\/ddt.lv\/lv\/wp-json\/wp\/v2\/product\/28068"}],"collection":[{"href":"https:\/\/ddt.lv\/lv\/wp-json\/wp\/v2\/product"}],"about":[{"href":"https:\/\/ddt.lv\/lv\/wp-json\/wp\/v2\/types\/product"}],"replies":[{"embeddable":true,"href":"https:\/\/ddt.lv\/lv\/wp-json\/wp\/v2\/comments?post=28068"}],"wp:featuredmedia":[{"embeddable":true,"href":"https:\/\/ddt.lv\/lv\/wp-json\/wp\/v2\/media\/28085"}],"wp:attachment":[{"href":"https:\/\/ddt.lv\/lv\/wp-json\/wp\/v2\/media?parent=28068"}],"wp:term":[{"taxonomy":"product_cat","embeddable":true,"href":"https:\/\/ddt.lv\/lv\/wp-json\/wp\/v2\/product_cat?post=28068"},{"taxonomy":"product_tag","embeddable":true,"href":"https:\/\/ddt.lv\/lv\/wp-json\/wp\/v2\/product_tag?post=28068"},{"taxonomy":"yst_prominent_words","embeddable":true,"href":"https:\/\/ddt.lv\/lv\/wp-json\/wp\/v2\/yst_prominent_words?post=28068"}],"curies":[{"name":"wp","href":"https:\/\/api.w.org\/{rel}","templated":true}]}}