{"id":28066,"date":"2021-09-08T13:20:20","date_gmt":"2021-09-08T10:20:20","guid":{"rendered":"https:\/\/ddt.lv\/lv\/product\/ladejama-ierice-4-viet-aa-aaa-nimh-100-240v-emos\/"},"modified":"2026-04-08T14:40:39","modified_gmt":"2026-04-08T11:40:39","slug":"ladejama-ierice-4-viet-aa-aaa-nimh-100-240v-emos","status":"publish","type":"product","link":"https:\/\/ddt.lv\/lv\/product\/ladejama-ierice-4-viet-aa-aaa-nimh-100-240v-emos\/","title":{"rendered":"L\u0101d\u0113jam\u0101 ier\u012bce 4 viet. AA\/AAA NiMH 100-240V EMOS"},"content":{"rendered":"<p>Autom\u0101tiska uzl\u0101des s\u0101k\u0161ana un beigas<br \/>\nAA\/AAA NiMH uzl\u0101d\u0113jam\u0101m baterij\u0101m.<br \/>\nKr\u0101sains LED indikators, kas inform\u0113 par uzl\u0101des st\u0101vokli.<\/p>\n<p><\/p>","protected":false},"excerpt":{"rendered":"<p>Autom\u0101tiska uzl\u0101des s\u0101k\u0161ana un beigas AA\/AAA NiMH uzl\u0101d\u0113jam\u0101m baterij\u0101m. Kr\u0101sains LED indikators, kas inform\u0113 par uzl\u0101des st\u0101vokli.<\/p>\n","protected":false},"featured_media":28090,"comment_status":"closed","ping_status":"closed","template":"","meta":{"inline_featured_image":false},"product_cat":[453],"product_tag":[],"yst_prominent_words":[],"class_list":{"0":"post-28066","1":"product","2":"type-product","3":"status-publish","4":"has-post-thumbnail","6":"product_cat-ladesanas-ierices","8":"first","9":"instock","10":"taxable","11":"shipping-taxable","12":"purchasable","13":"product-type-simple"},"jetpack_sharing_enabled":true,"_links":{"self":[{"href":"https:\/\/ddt.lv\/lv\/wp-json\/wp\/v2\/product\/28066"}],"collection":[{"href":"https:\/\/ddt.lv\/lv\/wp-json\/wp\/v2\/product"}],"about":[{"href":"https:\/\/ddt.lv\/lv\/wp-json\/wp\/v2\/types\/product"}],"replies":[{"embeddable":true,"href":"https:\/\/ddt.lv\/lv\/wp-json\/wp\/v2\/comments?post=28066"}],"wp:featuredmedia":[{"embeddable":true,"href":"https:\/\/ddt.lv\/lv\/wp-json\/wp\/v2\/media\/28090"}],"wp:attachment":[{"href":"https:\/\/ddt.lv\/lv\/wp-json\/wp\/v2\/media?parent=28066"}],"wp:term":[{"taxonomy":"product_cat","embeddable":true,"href":"https:\/\/ddt.lv\/lv\/wp-json\/wp\/v2\/product_cat?post=28066"},{"taxonomy":"product_tag","embeddable":true,"href":"https:\/\/ddt.lv\/lv\/wp-json\/wp\/v2\/product_tag?post=28066"},{"taxonomy":"yst_prominent_words","embeddable":true,"href":"https:\/\/ddt.lv\/lv\/wp-json\/wp\/v2\/yst_prominent_words?post=28066"}],"curies":[{"name":"wp","href":"https:\/\/api.w.org\/{rel}","templated":true}]}}