{"id":28065,"date":"2021-09-08T13:20:19","date_gmt":"2021-09-08T10:20:19","guid":{"rendered":"https:\/\/ddt.lv\/lv\/product\/wi-fi-durvju-logu-signalizacija-2xaaa-emos\/"},"modified":"2026-04-27T08:36:19","modified_gmt":"2026-04-27T05:36:19","slug":"wi-fi-durvju-logu-signalizacija-2xaaa-emos","status":"publish","type":"product","link":"https:\/\/ddt.lv\/lv\/product\/wi-fi-durvju-logu-signalizacija-2xaaa-emos\/","title":{"rendered":"Wi-Fi durvju\/logu signaliz\u0101cija (2xAAA) EMOS"},"content":{"rendered":"<p>Ier\u012bce, kas aktiviz\u0113 sir\u0113nu (atver durvis \/ logu) un nos\u016bta trauksmes zi\u0146ojumu viedt\u0101lrunim. Kluso re\u017e\u012bmu ir iesp\u0113jams iestat\u012bt tikai ar pazi\u0146ojumu viedt\u0101lrunim (deaktiviz\u0113ta sir\u0113na). Lietojumprogramm\u0101 var izmantot neierobe\u017eotu skaitu p\u0101r\u012b savienotu sensoru. Vienk\u0101r\u0161a uzst\u0101d\u012b\u0161ana (3M abpus\u0113jas uzl\u012bmes), str\u0101vas padeve 2 \u00d7 AAA.<\/p>","protected":false},"excerpt":{"rendered":"<p>Ier\u012bce, kas aktiviz\u0113 sir\u0113nu (atver durvis \/ logu) un nos\u016bta trauksmes zi\u0146ojumu viedt\u0101lrunim. Kluso re\u017e\u012bmu ir iesp\u0113jams iestat\u012bt tikai ar pazi\u0146ojumu viedt\u0101lrunim (deaktiviz\u0113ta sir\u0113na). Lietojumprogramm\u0101 var izmantot neierobe\u017eotu skaitu p\u0101r\u012b savienotu sensoru. Vienk\u0101r\u0161a uzst\u0101d\u012b\u0161ana (3M abpus\u0113jas uzl\u012bmes), str\u0101vas padeve 2 \u00d7 AAA.<\/p>\n","protected":false},"featured_media":28080,"comment_status":"closed","ping_status":"closed","template":"","meta":{"inline_featured_image":false},"product_cat":[926],"product_tag":[],"yst_prominent_words":[],"class_list":{"0":"post-28065","1":"product","2":"type-product","3":"status-publish","4":"has-post-thumbnail","6":"product_cat-domofoni","8":"first","9":"instock","10":"taxable","11":"shipping-taxable","12":"purchasable","13":"product-type-simple"},"jetpack_sharing_enabled":true,"_links":{"self":[{"href":"https:\/\/ddt.lv\/lv\/wp-json\/wp\/v2\/product\/28065"}],"collection":[{"href":"https:\/\/ddt.lv\/lv\/wp-json\/wp\/v2\/product"}],"about":[{"href":"https:\/\/ddt.lv\/lv\/wp-json\/wp\/v2\/types\/product"}],"replies":[{"embeddable":true,"href":"https:\/\/ddt.lv\/lv\/wp-json\/wp\/v2\/comments?post=28065"}],"wp:featuredmedia":[{"embeddable":true,"href":"https:\/\/ddt.lv\/lv\/wp-json\/wp\/v2\/media\/28080"}],"wp:attachment":[{"href":"https:\/\/ddt.lv\/lv\/wp-json\/wp\/v2\/media?parent=28065"}],"wp:term":[{"taxonomy":"product_cat","embeddable":true,"href":"https:\/\/ddt.lv\/lv\/wp-json\/wp\/v2\/product_cat?post=28065"},{"taxonomy":"product_tag","embeddable":true,"href":"https:\/\/ddt.lv\/lv\/wp-json\/wp\/v2\/product_tag?post=28065"},{"taxonomy":"yst_prominent_words","embeddable":true,"href":"https:\/\/ddt.lv\/lv\/wp-json\/wp\/v2\/yst_prominent_words?post=28065"}],"curies":[{"name":"wp","href":"https:\/\/api.w.org\/{rel}","templated":true}]}}