{"id":27977,"date":"2021-09-07T14:00:16","date_gmt":"2021-09-07T11:00:16","guid":{"rendered":"https:\/\/ddt.lv\/lv\/product\/led-prozektors-ar-sens-smd-30w-ip54-2400lm-4k-pel-emos-ideo\/"},"modified":"2026-04-01T21:45:29","modified_gmt":"2026-04-01T18:45:29","slug":"led-prozektors-ar-sens-smd-30w-ip54-2400lm-4k-pel-emos-ideo","status":"publish","type":"product","link":"https:\/\/ddt.lv\/lv\/product\/led-prozektors-ar-sens-smd-30w-ip54-2400lm-4k-pel-emos-ideo\/","title":{"rendered":"LED pro\u017eektors ar sens. SMD 30W IP54 2400lm 4K pel.EMOS IDEO"},"content":{"rendered":"<p>nomaina 260 W<br \/>\nbaro\u0161anas avots no t\u012bkla<br \/>\ngaismas pl\u016bsma 2400 lm<br \/>\ns\u0113rija IDEO<br \/>\nizmantot virsmas mont\u0101\u017eai<br \/>\ngaismas avota LED<br \/>\nkr\u0101su temperat\u016bra 4000 K<br \/>\nkr\u0101su atveido\u0161anas indekss (CRI) Ra&gt; 80<br \/>\nPIR sensora darb\u012bbas r\u0101diuss ir 10 m<br \/>\ndarba temperat\u016bras diapazons -20 \u00b0 C l\u012bdz +40 \u00b0 C<br \/>\nkalpo\u0161anas laiks 25 000 stundas<br \/>\nkr\u0101sa pel\u0113ka<br \/>\nspriegums 220\u2013240 V ~<\/p>","protected":false},"excerpt":{"rendered":"<p>nomaina 260 W baro\u0161anas avots no t\u012bkla gaismas pl\u016bsma 2400 lm s\u0113rija IDEO izmantot virsmas mont\u0101\u017eai gaismas avota LED kr\u0101su temperat\u016bra 4000 K kr\u0101su atveido\u0161anas indekss (CRI) Ra&gt; 80 PIR sensora darb\u012bbas r\u0101diuss ir 10 m darba temperat\u016bras diapazons -20 \u00b0 C l\u012bdz +40 \u00b0 C kalpo\u0161anas laiks 25 000 stundas kr\u0101sa pel\u0113ka spriegums 220\u2013240 [&hellip;]<\/p>\n","protected":false},"featured_media":28054,"comment_status":"closed","ping_status":"closed","template":"","meta":{"inline_featured_image":false},"product_cat":[908],"product_tag":[],"yst_prominent_words":[],"class_list":{"0":"post-27977","1":"product","2":"type-product","3":"status-publish","4":"has-post-thumbnail","6":"product_cat-led-prozektori","8":"first","9":"instock","10":"taxable","11":"shipping-taxable","12":"purchasable","13":"product-type-simple"},"jetpack_sharing_enabled":true,"_links":{"self":[{"href":"https:\/\/ddt.lv\/lv\/wp-json\/wp\/v2\/product\/27977"}],"collection":[{"href":"https:\/\/ddt.lv\/lv\/wp-json\/wp\/v2\/product"}],"about":[{"href":"https:\/\/ddt.lv\/lv\/wp-json\/wp\/v2\/types\/product"}],"replies":[{"embeddable":true,"href":"https:\/\/ddt.lv\/lv\/wp-json\/wp\/v2\/comments?post=27977"}],"wp:featuredmedia":[{"embeddable":true,"href":"https:\/\/ddt.lv\/lv\/wp-json\/wp\/v2\/media\/28054"}],"wp:attachment":[{"href":"https:\/\/ddt.lv\/lv\/wp-json\/wp\/v2\/media?parent=27977"}],"wp:term":[{"taxonomy":"product_cat","embeddable":true,"href":"https:\/\/ddt.lv\/lv\/wp-json\/wp\/v2\/product_cat?post=27977"},{"taxonomy":"product_tag","embeddable":true,"href":"https:\/\/ddt.lv\/lv\/wp-json\/wp\/v2\/product_tag?post=27977"},{"taxonomy":"yst_prominent_words","embeddable":true,"href":"https:\/\/ddt.lv\/lv\/wp-json\/wp\/v2\/yst_prominent_words?post=27977"}],"curies":[{"name":"wp","href":"https:\/\/api.w.org\/{rel}","templated":true}]}}