{"id":27976,"date":"2021-09-07T14:00:16","date_gmt":"2021-09-07T11:00:16","guid":{"rendered":"https:\/\/ddt.lv\/lv\/product\/led-prozektors-smd-30w-ip65-2400lm-120-4000k-emos-ideo\/"},"modified":"2026-04-01T21:30:30","modified_gmt":"2026-04-01T18:30:30","slug":"led-prozektors-smd-30w-ip65-2400lm-120-4000k-emos-ideo","status":"publish","type":"product","link":"https:\/\/ddt.lv\/lv\/product\/led-prozektors-smd-30w-ip65-2400lm-120-4000k-emos-ideo\/","title":{"rendered":"LED pro\u017eektors SMD 30W IP65 2400lm 120&#8217; 4000K EMOS IDEO"},"content":{"rendered":"<p>nomaina 260 W<br \/>\nbaro\u0161anas avots no t\u012bkla<br \/>\ngaismas pl\u016bsma 2400 lm<br \/>\ns\u0113rija IDEO<br \/>\nizmantot virsmas mont\u0101\u017eai<br \/>\ngaismas avota LED<br \/>\nkr\u0101su temperat\u016bra 4000 K<br \/>\nkr\u0101su atveido\u0161anas indekss (CRI) Ra&gt; 80<br \/>\ndarba temperat\u016bras diapazons -20 \u00b0 C l\u012bdz +40 \u00b0 C<br \/>\nkalpo\u0161anas laiks 25 000 stundas<\/p>","protected":false},"excerpt":{"rendered":"<p>nomaina 260 W baro\u0161anas avots no t\u012bkla gaismas pl\u016bsma 2400 lm s\u0113rija IDEO izmantot virsmas mont\u0101\u017eai gaismas avota LED kr\u0101su temperat\u016bra 4000 K kr\u0101su atveido\u0161anas indekss (CRI) Ra&gt; 80 darba temperat\u016bras diapazons -20 \u00b0 C l\u012bdz +40 \u00b0 C kalpo\u0161anas laiks 25 000 stundas<\/p>\n","protected":false},"featured_media":28046,"comment_status":"closed","ping_status":"closed","template":"","meta":{"inline_featured_image":false},"product_cat":[908],"product_tag":[],"yst_prominent_words":[],"class_list":{"0":"post-27976","1":"product","2":"type-product","3":"status-publish","4":"has-post-thumbnail","6":"product_cat-led-prozektori","8":"first","9":"instock","10":"taxable","11":"shipping-taxable","12":"purchasable","13":"product-type-simple"},"jetpack_sharing_enabled":true,"_links":{"self":[{"href":"https:\/\/ddt.lv\/lv\/wp-json\/wp\/v2\/product\/27976"}],"collection":[{"href":"https:\/\/ddt.lv\/lv\/wp-json\/wp\/v2\/product"}],"about":[{"href":"https:\/\/ddt.lv\/lv\/wp-json\/wp\/v2\/types\/product"}],"replies":[{"embeddable":true,"href":"https:\/\/ddt.lv\/lv\/wp-json\/wp\/v2\/comments?post=27976"}],"wp:featuredmedia":[{"embeddable":true,"href":"https:\/\/ddt.lv\/lv\/wp-json\/wp\/v2\/media\/28046"}],"wp:attachment":[{"href":"https:\/\/ddt.lv\/lv\/wp-json\/wp\/v2\/media?parent=27976"}],"wp:term":[{"taxonomy":"product_cat","embeddable":true,"href":"https:\/\/ddt.lv\/lv\/wp-json\/wp\/v2\/product_cat?post=27976"},{"taxonomy":"product_tag","embeddable":true,"href":"https:\/\/ddt.lv\/lv\/wp-json\/wp\/v2\/product_tag?post=27976"},{"taxonomy":"yst_prominent_words","embeddable":true,"href":"https:\/\/ddt.lv\/lv\/wp-json\/wp\/v2\/yst_prominent_words?post=27976"}],"curies":[{"name":"wp","href":"https:\/\/api.w.org\/{rel}","templated":true}]}}