{"id":27975,"date":"2021-09-07T14:00:15","date_gmt":"2021-09-07T11:00:15","guid":{"rendered":"https:\/\/ddt.lv\/lv\/product\/led-virtene-emos-party-50led-2-25w-10x-bumbas-krasainas-ip44-5m-darza-terases\/"},"modified":"2026-04-13T10:05:49","modified_gmt":"2026-04-13T07:05:49","slug":"led-virtene-emos-party-50led-2-25w-10x-bumbas-krasainas-ip44-5m-darza-terases","status":"publish","type":"product","link":"https:\/\/ddt.lv\/lv\/product\/led-virtene-emos-party-50led-2-25w-10x-bumbas-krasainas-ip44-5m-darza-terases\/","title":{"rendered":"LED virtene EMOS Party 50LED 2.25W 10x bumbas kr\u0101sainas RGB IP44 5m, d\u0101rza, terases"},"content":{"rendered":"<p>gaismas avots LED<br \/>\nLED skaits 50<br \/>\nstr\u0101vas vada garums 5 m<br \/>\nkabe\u013ca kr\u0101sa ir melna<br \/>\nener\u0123ijas pat\u0113ri\u0146\u0161 2,25 W<br \/>\nieejas spriegums 230 V AC<br \/>\naizsardz\u012bba IP44<br \/>\nkalpo\u0161anas laiks 10 000 stundas<\/p>","protected":false},"excerpt":{"rendered":"<p>gaismas avots LED LED skaits 50 str\u0101vas vada garums 5 m kabe\u013ca kr\u0101sa ir melna ener\u0123ijas pat\u0113ri\u0146\u0161 2,25 W ieejas spriegums 230 V AC aizsardz\u012bba IP44 kalpo\u0161anas laiks 10 000 stundas<\/p>\n","protected":false},"featured_media":28025,"comment_status":"closed","ping_status":"closed","template":"","meta":{"inline_featured_image":false},"product_cat":[1587,772,912],"product_tag":[],"yst_prominent_words":[],"class_list":{"0":"post-27975","1":"product","2":"type-product","3":"status-publish","4":"has-post-thumbnail","6":"product_cat-apgaismojums-virtenes","7":"product_cat-atlaides","8":"product_cat-ara-virtenes","10":"first","11":"instock","12":"sale","13":"taxable","14":"shipping-taxable","15":"purchasable","16":"product-type-simple"},"jetpack_sharing_enabled":true,"_links":{"self":[{"href":"https:\/\/ddt.lv\/lv\/wp-json\/wp\/v2\/product\/27975"}],"collection":[{"href":"https:\/\/ddt.lv\/lv\/wp-json\/wp\/v2\/product"}],"about":[{"href":"https:\/\/ddt.lv\/lv\/wp-json\/wp\/v2\/types\/product"}],"replies":[{"embeddable":true,"href":"https:\/\/ddt.lv\/lv\/wp-json\/wp\/v2\/comments?post=27975"}],"wp:featuredmedia":[{"embeddable":true,"href":"https:\/\/ddt.lv\/lv\/wp-json\/wp\/v2\/media\/28025"}],"wp:attachment":[{"href":"https:\/\/ddt.lv\/lv\/wp-json\/wp\/v2\/media?parent=27975"}],"wp:term":[{"taxonomy":"product_cat","embeddable":true,"href":"https:\/\/ddt.lv\/lv\/wp-json\/wp\/v2\/product_cat?post=27975"},{"taxonomy":"product_tag","embeddable":true,"href":"https:\/\/ddt.lv\/lv\/wp-json\/wp\/v2\/product_tag?post=27975"},{"taxonomy":"yst_prominent_words","embeddable":true,"href":"https:\/\/ddt.lv\/lv\/wp-json\/wp\/v2\/yst_prominent_words?post=27975"}],"curies":[{"name":"wp","href":"https:\/\/api.w.org\/{rel}","templated":true}]}}