{"id":27972,"date":"2021-09-07T14:00:14","date_gmt":"2021-09-07T11:00:14","guid":{"rendered":"https:\/\/ddt.lv\/lv\/product\/pareja-no-e27-uz-e14-entac\/"},"modified":"2026-04-13T09:57:53","modified_gmt":"2026-04-13T06:57:53","slug":"pareja-no-e27-uz-e14-entac","status":"publish","type":"product","link":"https:\/\/ddt.lv\/lv\/product\/pareja-no-e27-uz-e14-entac\/","title":{"rendered":"P\u0101reja no E27 uz E14 ENTAC"},"content":{"rendered":"<p>Entac kontaktligzdas p\u0101rveidot\u0101ji ir neliels pal\u012bgs m\u0101jsaimniec\u012bb\u0101m.  Tie ir \u0101rk\u0101rt\u012bgi viegli lietojami un \u0101tri. . Izmantojot m\u016bsu adapterus, ligzdu E27 var p\u0101rveidot par E14.<\/p>","protected":false},"excerpt":{"rendered":"<p>Entac kontaktligzdas p\u0101rveidot\u0101ji ir neliels pal\u012bgs m\u0101jsaimniec\u012bb\u0101m. Tie ir \u0101rk\u0101rt\u012bgi viegli lietojami un \u0101tri. . Izmantojot m\u016bsu adapterus, ligzdu E27 var p\u0101rveidot par E14.<\/p>\n","protected":false},"featured_media":28019,"comment_status":"closed","ping_status":"closed","template":"","meta":{"inline_featured_image":false},"product_cat":[772,747],"product_tag":[],"yst_prominent_words":[],"class_list":{"0":"post-27972","1":"product","2":"type-product","3":"status-publish","4":"has-post-thumbnail","6":"product_cat-atlaides","7":"product_cat-sadalitaji-adapteri","9":"first","10":"instock","11":"sale","12":"taxable","13":"shipping-taxable","14":"purchasable","15":"product-type-simple"},"jetpack_sharing_enabled":true,"_links":{"self":[{"href":"https:\/\/ddt.lv\/lv\/wp-json\/wp\/v2\/product\/27972"}],"collection":[{"href":"https:\/\/ddt.lv\/lv\/wp-json\/wp\/v2\/product"}],"about":[{"href":"https:\/\/ddt.lv\/lv\/wp-json\/wp\/v2\/types\/product"}],"replies":[{"embeddable":true,"href":"https:\/\/ddt.lv\/lv\/wp-json\/wp\/v2\/comments?post=27972"}],"wp:featuredmedia":[{"embeddable":true,"href":"https:\/\/ddt.lv\/lv\/wp-json\/wp\/v2\/media\/28019"}],"wp:attachment":[{"href":"https:\/\/ddt.lv\/lv\/wp-json\/wp\/v2\/media?parent=27972"}],"wp:term":[{"taxonomy":"product_cat","embeddable":true,"href":"https:\/\/ddt.lv\/lv\/wp-json\/wp\/v2\/product_cat?post=27972"},{"taxonomy":"product_tag","embeddable":true,"href":"https:\/\/ddt.lv\/lv\/wp-json\/wp\/v2\/product_tag?post=27972"},{"taxonomy":"yst_prominent_words","embeddable":true,"href":"https:\/\/ddt.lv\/lv\/wp-json\/wp\/v2\/yst_prominent_words?post=27972"}],"curies":[{"name":"wp","href":"https:\/\/api.w.org\/{rel}","templated":true}]}}