{"id":27971,"date":"2021-09-07T14:00:14","date_gmt":"2021-09-07T11:00:14","guid":{"rendered":"https:\/\/ddt.lv\/lv\/product\/sadalitajs-ar-sledzi-1-schuko-ar-zemejumu-2-emos\/"},"modified":"2026-04-20T12:10:30","modified_gmt":"2026-04-20T09:10:30","slug":"sadalitajs-ar-sledzi-1-schuko-ar-zemejumu-2-emos","status":"publish","type":"product","link":"https:\/\/ddt.lv\/lv\/product\/sadalitajs-ar-sledzi-1-schuko-ar-zemejumu-2-emos\/","title":{"rendered":"Sadal\u012bt\u0101js ar sl\u0113dzi 1 Schuko ar zem\u0113jumu+2 EMOS"},"content":{"rendered":"<p>Praktisks SCHUKO kontaktligzdas sadal\u012bt\u0101js balt\u0101 kr\u0101s\u0101 ar sl\u0113dzi. Pievienojiet to 250 V ~ kontaktligzdai, p\u0113c tam pievienojiet vair\u0101kas ier\u012bces vienlaikus.<\/p>","protected":false},"excerpt":{"rendered":"<p>Praktisks SCHUKO kontaktligzdas sadal\u012bt\u0101js balt\u0101 kr\u0101s\u0101 ar sl\u0113dzi. Pievienojiet to 250 V ~ kontaktligzdai, p\u0113c tam pievienojiet vair\u0101kas ier\u012bces vienlaikus.<\/p>\n","protected":false},"featured_media":28021,"comment_status":"closed","ping_status":"closed","template":"","meta":{"inline_featured_image":false},"product_cat":[747],"product_tag":[],"yst_prominent_words":[],"class_list":{"0":"post-27971","1":"product","2":"type-product","3":"status-publish","4":"has-post-thumbnail","6":"product_cat-sadalitaji-adapteri","8":"first","9":"instock","10":"taxable","11":"shipping-taxable","12":"purchasable","13":"product-type-simple"},"jetpack_sharing_enabled":true,"_links":{"self":[{"href":"https:\/\/ddt.lv\/lv\/wp-json\/wp\/v2\/product\/27971"}],"collection":[{"href":"https:\/\/ddt.lv\/lv\/wp-json\/wp\/v2\/product"}],"about":[{"href":"https:\/\/ddt.lv\/lv\/wp-json\/wp\/v2\/types\/product"}],"replies":[{"embeddable":true,"href":"https:\/\/ddt.lv\/lv\/wp-json\/wp\/v2\/comments?post=27971"}],"wp:featuredmedia":[{"embeddable":true,"href":"https:\/\/ddt.lv\/lv\/wp-json\/wp\/v2\/media\/28021"}],"wp:attachment":[{"href":"https:\/\/ddt.lv\/lv\/wp-json\/wp\/v2\/media?parent=27971"}],"wp:term":[{"taxonomy":"product_cat","embeddable":true,"href":"https:\/\/ddt.lv\/lv\/wp-json\/wp\/v2\/product_cat?post=27971"},{"taxonomy":"product_tag","embeddable":true,"href":"https:\/\/ddt.lv\/lv\/wp-json\/wp\/v2\/product_tag?post=27971"},{"taxonomy":"yst_prominent_words","embeddable":true,"href":"https:\/\/ddt.lv\/lv\/wp-json\/wp\/v2\/yst_prominent_words?post=27971"}],"curies":[{"name":"wp","href":"https:\/\/api.w.org\/{rel}","templated":true}]}}