{"id":27970,"date":"2021-09-07T14:00:14","date_gmt":"2021-09-07T11:00:14","guid":{"rendered":"https:\/\/ddt.lv\/lv\/product\/sadalitajs-ar-sledzi-2-ligzdas-ar-zemejumu-balts-emos\/"},"modified":"2026-04-17T13:35:20","modified_gmt":"2026-04-17T10:35:20","slug":"sadalitajs-ar-sledzi-2-ligzdas-ar-zemejumu-balts-emos","status":"publish","type":"product","link":"https:\/\/ddt.lv\/lv\/product\/sadalitajs-ar-sledzi-2-ligzdas-ar-zemejumu-balts-emos\/","title":{"rendered":"Sadal\u012bt\u0101js ar sl\u0113dzi 2 ligzdas ar zem\u0113jumu balts EMOS"},"content":{"rendered":"<p>Praktisks kontaktligzdas sadal\u012bt\u0101js balt\u0101 kr\u0101s\u0101. Varat izmantot centrmezglu, lai vienlaikus savienotu vair\u0101kas ier\u012bces. \u012apa\u0161a priek\u0161roc\u012bba ir t\u0101, ka sl\u0113dzis \u013cauj \u0101tri un viegli p\u0101rtraukt pievienoto ier\u012b\u010du baro\u0161anu.<\/p>\n<p><\/p>","protected":false},"excerpt":{"rendered":"<p>Praktisks kontaktligzdas sadal\u012bt\u0101js balt\u0101 kr\u0101s\u0101. Varat izmantot centrmezglu, lai vienlaikus savienotu vair\u0101kas ier\u012bces. \u012apa\u0161a priek\u0161roc\u012bba ir t\u0101, ka sl\u0113dzis \u013cauj \u0101tri un viegli p\u0101rtraukt pievienoto ier\u012b\u010du baro\u0161anu.<\/p>\n","protected":false},"featured_media":28013,"comment_status":"closed","ping_status":"closed","template":"","meta":{"inline_featured_image":false},"product_cat":[747],"product_tag":[],"yst_prominent_words":[],"class_list":{"0":"post-27970","1":"product","2":"type-product","3":"status-publish","4":"has-post-thumbnail","6":"product_cat-sadalitaji-adapteri","8":"first","9":"instock","10":"taxable","11":"shipping-taxable","12":"purchasable","13":"product-type-simple"},"jetpack_sharing_enabled":true,"_links":{"self":[{"href":"https:\/\/ddt.lv\/lv\/wp-json\/wp\/v2\/product\/27970"}],"collection":[{"href":"https:\/\/ddt.lv\/lv\/wp-json\/wp\/v2\/product"}],"about":[{"href":"https:\/\/ddt.lv\/lv\/wp-json\/wp\/v2\/types\/product"}],"replies":[{"embeddable":true,"href":"https:\/\/ddt.lv\/lv\/wp-json\/wp\/v2\/comments?post=27970"}],"wp:featuredmedia":[{"embeddable":true,"href":"https:\/\/ddt.lv\/lv\/wp-json\/wp\/v2\/media\/28013"}],"wp:attachment":[{"href":"https:\/\/ddt.lv\/lv\/wp-json\/wp\/v2\/media?parent=27970"}],"wp:term":[{"taxonomy":"product_cat","embeddable":true,"href":"https:\/\/ddt.lv\/lv\/wp-json\/wp\/v2\/product_cat?post=27970"},{"taxonomy":"product_tag","embeddable":true,"href":"https:\/\/ddt.lv\/lv\/wp-json\/wp\/v2\/product_tag?post=27970"},{"taxonomy":"yst_prominent_words","embeddable":true,"href":"https:\/\/ddt.lv\/lv\/wp-json\/wp\/v2\/yst_prominent_words?post=27970"}],"curies":[{"name":"wp","href":"https:\/\/api.w.org\/{rel}","templated":true}]}}