{"id":27964,"date":"2021-09-07T13:50:21","date_gmt":"2021-09-07T10:50:21","guid":{"rendered":"https:\/\/ddt.lv\/lv\/product\/led-g9-2-5w-230v-225lm-3000k-spuldze-emos\/"},"modified":"2026-04-06T11:00:33","modified_gmt":"2026-04-06T08:00:33","slug":"led-g9-2-5w-230v-225lm-3000k-spuldze-emos","status":"publish","type":"product","link":"https:\/\/ddt.lv\/lv\/product\/led-g9-2-5w-230v-225lm-3000k-spuldze-emos\/","title":{"rendered":"LED G9 2.5W 230V 225lm 3000K spuldze EMOS"},"content":{"rendered":"<p>v\u0101ci\u0146\u0161 (spuldzes tur\u0113t\u0101js) G9<br \/>\ngai\u0161a kr\u0101sa silti balta<br \/>\nl\u012bdzv\u0113rt\u012bga 23 W spuldzei<br \/>\njauda 2,5 W<br \/>\ngaismas pl\u016bsma 225 lm<\/p>","protected":false},"excerpt":{"rendered":"<p>v\u0101ci\u0146\u0161 (spuldzes tur\u0113t\u0101js) G9 gai\u0161a kr\u0101sa silti balta l\u012bdzv\u0113rt\u012bga 23 W spuldzei jauda 2,5 W gaismas pl\u016bsma 225 lm<\/p>\n","protected":false},"featured_media":27991,"comment_status":"closed","ping_status":"closed","template":"","meta":{"inline_featured_image":false},"product_cat":[854],"product_tag":[],"yst_prominent_words":[],"class_list":{"0":"post-27964","1":"product","2":"type-product","3":"status-publish","4":"has-post-thumbnail","6":"product_cat-g9-spuldzes","8":"first","9":"outofstock","10":"taxable","11":"shipping-taxable","12":"purchasable","13":"product-type-simple"},"jetpack_sharing_enabled":true,"_links":{"self":[{"href":"https:\/\/ddt.lv\/lv\/wp-json\/wp\/v2\/product\/27964"}],"collection":[{"href":"https:\/\/ddt.lv\/lv\/wp-json\/wp\/v2\/product"}],"about":[{"href":"https:\/\/ddt.lv\/lv\/wp-json\/wp\/v2\/types\/product"}],"replies":[{"embeddable":true,"href":"https:\/\/ddt.lv\/lv\/wp-json\/wp\/v2\/comments?post=27964"}],"wp:featuredmedia":[{"embeddable":true,"href":"https:\/\/ddt.lv\/lv\/wp-json\/wp\/v2\/media\/27991"}],"wp:attachment":[{"href":"https:\/\/ddt.lv\/lv\/wp-json\/wp\/v2\/media?parent=27964"}],"wp:term":[{"taxonomy":"product_cat","embeddable":true,"href":"https:\/\/ddt.lv\/lv\/wp-json\/wp\/v2\/product_cat?post=27964"},{"taxonomy":"product_tag","embeddable":true,"href":"https:\/\/ddt.lv\/lv\/wp-json\/wp\/v2\/product_tag?post=27964"},{"taxonomy":"yst_prominent_words","embeddable":true,"href":"https:\/\/ddt.lv\/lv\/wp-json\/wp\/v2\/yst_prominent_words?post=27964"}],"curies":[{"name":"wp","href":"https:\/\/api.w.org\/{rel}","templated":true}]}}