{"id":27963,"date":"2021-09-07T13:50:20","date_gmt":"2021-09-07T10:50:20","guid":{"rendered":"https:\/\/ddt.lv\/lv\/product\/led-candle-e14-6w-230v-470lm-4000k-ra97-spuldze-emos\/"},"modified":"2026-04-13T10:00:30","modified_gmt":"2026-04-13T07:00:30","slug":"led-candle-e14-6w-230v-470lm-4000k-ra97-spuldze-emos","status":"publish","type":"product","link":"https:\/\/ddt.lv\/lv\/product\/led-candle-e14-6w-230v-470lm-4000k-ra97-spuldze-emos\/","title":{"rendered":"LED CANDLE E14 6W 230V 470lm 4000K Ra&gt;97 spuldze EMOS"},"content":{"rendered":"<p>M\u0101jas patieso atmosf\u0113ru rada ne tikai kam\u012bns vai \u0123imenes fotogr\u0101fijas. Atbilsto\u0161s apgaismojums ir galvenais.<\/p>\n<p>M\u016bsdien\u0101s LED produkti ir nep\u0101rsp\u0113jami ekonomijas un spilgtuma zi\u0146\u0101. Bet, ja v\u0113laties kaut ko vair\u0101k, ir v\u0113rts piev\u0113rst uzman\u012bbu ar\u012b kr\u0101su atveido\u0161anas indeksam (CRI).<\/p>\n<p>CRI (kr\u0101su atveido\u0161anas indekss), ko bie\u017ei d\u0113v\u0113 par Ra (render\u0113\u0161anas vid\u0113jais r\u0101d\u012bt\u0101js), nor\u0101da, cik uzticami gaismas avots sp\u0113j reproduc\u0113t kr\u0101sas sal\u012bdzin\u0101jum\u0101 ar dabisko dienasgaismu. Parasti tiek p\u0101rdoti produkti ar CRI aptuveni 80, kas ir minim\u0101l\u0101 v\u0113rt\u012bba saska\u0146\u0101 ar ES noteikumiem. Bet lab\u0101kie mode\u013ci pied\u0101v\u0101 CRI, kas liel\u0101ks par 95, un 100 ir absol\u016btais maksimums. Cik daudz \u0161is viens parametrs var ietekm\u0113t apk\u0101rt\u0113jo kr\u0101su uztveri?<\/p>","protected":false},"excerpt":{"rendered":"<p>M\u0101jas patieso atmosf\u0113ru rada ne tikai kam\u012bns vai \u0123imenes fotogr\u0101fijas. Atbilsto\u0161s apgaismojums ir galvenais. M\u016bsdien\u0101s LED produkti ir nep\u0101rsp\u0113jami ekonomijas un spilgtuma zi\u0146\u0101. Bet, ja v\u0113laties kaut ko vair\u0101k, ir v\u0113rts piev\u0113rst uzman\u012bbu ar\u012b kr\u0101su atveido\u0161anas indeksam (CRI). CRI (kr\u0101su atveido\u0161anas indekss), ko bie\u017ei d\u0113v\u0113 par Ra (render\u0113\u0161anas vid\u0113jais r\u0101d\u012bt\u0101js), nor\u0101da, cik uzticami gaismas avots [&hellip;]<\/p>\n","protected":false},"featured_media":27988,"comment_status":"closed","ping_status":"closed","template":"","meta":{"inline_featured_image":false},"product_cat":[851],"product_tag":[],"yst_prominent_words":[],"class_list":{"0":"post-27963","1":"product","2":"type-product","3":"status-publish","4":"has-post-thumbnail","6":"product_cat-e14-spuldzes","8":"first","9":"instock","10":"taxable","11":"shipping-taxable","12":"purchasable","13":"product-type-simple"},"jetpack_sharing_enabled":true,"_links":{"self":[{"href":"https:\/\/ddt.lv\/lv\/wp-json\/wp\/v2\/product\/27963"}],"collection":[{"href":"https:\/\/ddt.lv\/lv\/wp-json\/wp\/v2\/product"}],"about":[{"href":"https:\/\/ddt.lv\/lv\/wp-json\/wp\/v2\/types\/product"}],"replies":[{"embeddable":true,"href":"https:\/\/ddt.lv\/lv\/wp-json\/wp\/v2\/comments?post=27963"}],"wp:featuredmedia":[{"embeddable":true,"href":"https:\/\/ddt.lv\/lv\/wp-json\/wp\/v2\/media\/27988"}],"wp:attachment":[{"href":"https:\/\/ddt.lv\/lv\/wp-json\/wp\/v2\/media?parent=27963"}],"wp:term":[{"taxonomy":"product_cat","embeddable":true,"href":"https:\/\/ddt.lv\/lv\/wp-json\/wp\/v2\/product_cat?post=27963"},{"taxonomy":"product_tag","embeddable":true,"href":"https:\/\/ddt.lv\/lv\/wp-json\/wp\/v2\/product_tag?post=27963"},{"taxonomy":"yst_prominent_words","embeddable":true,"href":"https:\/\/ddt.lv\/lv\/wp-json\/wp\/v2\/yst_prominent_words?post=27963"}],"curies":[{"name":"wp","href":"https:\/\/api.w.org\/{rel}","templated":true}]}}