{"id":27962,"date":"2021-09-07T13:50:20","date_gmt":"2021-09-07T10:50:20","guid":{"rendered":"https:\/\/ddt.lv\/lv\/product\/led-ball-e14-8w-230v-806lm-4000k-spuldze-emos\/"},"modified":"2026-04-13T10:00:30","modified_gmt":"2026-04-13T07:00:30","slug":"led-ball-e14-8w-230v-806lm-4000k-spuldze-emos","status":"publish","type":"product","link":"https:\/\/ddt.lv\/lv\/product\/led-ball-e14-8w-230v-806lm-4000k-spuldze-emos\/","title":{"rendered":"LED BALL E27 8W 230V 806lm 4000K spuldze EMOS"},"content":{"rendered":"<p>v\u0101ci\u0146\u0161 (spuldzes tur\u0113t\u0101js) E27<br \/>\ngai\u0161a kr\u0101sa neitr\u0101li balta<br \/>\nl\u012bdzv\u0113rt\u012bga 60 W spuldzei<br \/>\njauda 8 W<br \/>\ngaismas pl\u016bsma 806 lm<\/p>","protected":false},"excerpt":{"rendered":"<p>v\u0101ci\u0146\u0161 (spuldzes tur\u0113t\u0101js) E27 gai\u0161a kr\u0101sa neitr\u0101li balta l\u012bdzv\u0113rt\u012bga 60 W spuldzei jauda 8 W gaismas pl\u016bsma 806 lm<\/p>\n","protected":false},"featured_media":27983,"comment_status":"closed","ping_status":"closed","template":"","meta":{"inline_featured_image":false},"product_cat":[851,850],"product_tag":[],"yst_prominent_words":[],"class_list":{"0":"post-27962","1":"product","2":"type-product","3":"status-publish","4":"has-post-thumbnail","6":"product_cat-e14-spuldzes","7":"product_cat-e27-spuldzes","9":"first","10":"outofstock","11":"taxable","12":"shipping-taxable","13":"purchasable","14":"product-type-simple"},"jetpack_sharing_enabled":true,"_links":{"self":[{"href":"https:\/\/ddt.lv\/lv\/wp-json\/wp\/v2\/product\/27962"}],"collection":[{"href":"https:\/\/ddt.lv\/lv\/wp-json\/wp\/v2\/product"}],"about":[{"href":"https:\/\/ddt.lv\/lv\/wp-json\/wp\/v2\/types\/product"}],"replies":[{"embeddable":true,"href":"https:\/\/ddt.lv\/lv\/wp-json\/wp\/v2\/comments?post=27962"}],"wp:featuredmedia":[{"embeddable":true,"href":"https:\/\/ddt.lv\/lv\/wp-json\/wp\/v2\/media\/27983"}],"wp:attachment":[{"href":"https:\/\/ddt.lv\/lv\/wp-json\/wp\/v2\/media?parent=27962"}],"wp:term":[{"taxonomy":"product_cat","embeddable":true,"href":"https:\/\/ddt.lv\/lv\/wp-json\/wp\/v2\/product_cat?post=27962"},{"taxonomy":"product_tag","embeddable":true,"href":"https:\/\/ddt.lv\/lv\/wp-json\/wp\/v2\/product_tag?post=27962"},{"taxonomy":"yst_prominent_words","embeddable":true,"href":"https:\/\/ddt.lv\/lv\/wp-json\/wp\/v2\/yst_prominent_words?post=27962"}],"curies":[{"name":"wp","href":"https:\/\/api.w.org\/{rel}","templated":true}]}}