{"id":27934,"date":"2021-09-03T14:00:12","date_gmt":"2021-09-03T11:00:12","guid":{"rendered":"https:\/\/ddt.lv\/lv\/product\/atstarojosa-limlente-25mm-2m-krasaina-emos\/"},"modified":"2026-04-13T09:52:18","modified_gmt":"2026-04-13T06:52:18","slug":"atstarojosa-limlente-25mm-2m-krasaina-emos","status":"publish","type":"product","link":"https:\/\/ddt.lv\/lv\/product\/atstarojosa-limlente-25mm-2m-krasaina-emos\/","title":{"rendered":"Atstarojo\u0161a l\u012bmlente 25mm\/2m kr\u0101saina 1gb EMOS"},"content":{"rendered":"<p>Liel\u0101kai dro\u0161\u012bbai visur, kur tas nepiecie\u0161ams. Atstarojo\u0161\u0101 lente atstaro gaismu atpaka\u013c avot\u0101 ar samazin\u0101tu redzam\u012bbu.<\/p>\n<p><\/p>","protected":false},"excerpt":{"rendered":"<p>Liel\u0101kai dro\u0161\u012bbai visur, kur tas nepiecie\u0161ams. Atstarojo\u0161\u0101 lente atstaro gaismu atpaka\u013c avot\u0101 ar samazin\u0101tu redzam\u012bbu.<\/p>\n","protected":false},"featured_media":27947,"comment_status":"closed","ping_status":"closed","template":"","meta":{"inline_featured_image":false},"product_cat":[1295],"product_tag":[],"yst_prominent_words":[],"class_list":{"0":"post-27934","1":"product","2":"type-product","3":"status-publish","4":"has-post-thumbnail","6":"product_cat-limlentes","8":"first","9":"instock","10":"taxable","11":"shipping-taxable","12":"purchasable","13":"product-type-simple"},"jetpack_sharing_enabled":true,"_links":{"self":[{"href":"https:\/\/ddt.lv\/lv\/wp-json\/wp\/v2\/product\/27934"}],"collection":[{"href":"https:\/\/ddt.lv\/lv\/wp-json\/wp\/v2\/product"}],"about":[{"href":"https:\/\/ddt.lv\/lv\/wp-json\/wp\/v2\/types\/product"}],"replies":[{"embeddable":true,"href":"https:\/\/ddt.lv\/lv\/wp-json\/wp\/v2\/comments?post=27934"}],"wp:featuredmedia":[{"embeddable":true,"href":"https:\/\/ddt.lv\/lv\/wp-json\/wp\/v2\/media\/27947"}],"wp:attachment":[{"href":"https:\/\/ddt.lv\/lv\/wp-json\/wp\/v2\/media?parent=27934"}],"wp:term":[{"taxonomy":"product_cat","embeddable":true,"href":"https:\/\/ddt.lv\/lv\/wp-json\/wp\/v2\/product_cat?post=27934"},{"taxonomy":"product_tag","embeddable":true,"href":"https:\/\/ddt.lv\/lv\/wp-json\/wp\/v2\/product_tag?post=27934"},{"taxonomy":"yst_prominent_words","embeddable":true,"href":"https:\/\/ddt.lv\/lv\/wp-json\/wp\/v2\/yst_prominent_words?post=27934"}],"curies":[{"name":"wp","href":"https:\/\/api.w.org\/{rel}","templated":true}]}}