{"id":27931,"date":"2021-09-03T14:00:11","date_gmt":"2021-09-03T11:00:11","guid":{"rendered":"https:\/\/ddt.lv\/lv\/product\/limlente-silikona-pasvulkanizejosa-25mm-3m-emos\/"},"modified":"2026-04-13T09:51:27","modified_gmt":"2026-04-13T06:51:27","slug":"limlente-silikona-pasvulkanizejosa-25mm-3m-emos","status":"publish","type":"product","link":"https:\/\/ddt.lv\/lv\/product\/limlente-silikona-pasvulkanizejosa-25mm-3m-emos\/","title":{"rendered":"L\u012bmlente silikona pa\u0161vulkaniz\u0113jo\u0161\u0101 25mm\/3m EMOS"},"content":{"rendered":"<p>Vulkaniz\u0113jo\u0161a lente ar t\u0101 saukto pa\u0161sarau\u0161an\u0101s sp\u0113ju. \u0160\u012b augstas kvalit\u0101tes izol\u0101cijas lente iztur laika apst\u0101k\u013cus un ir \u016bdensiztur\u012bga.<\/p>\n<p><\/p>","protected":false},"excerpt":{"rendered":"<p>Vulkaniz\u0113jo\u0161a lente ar t\u0101 saukto pa\u0161sarau\u0161an\u0101s sp\u0113ju. \u0160\u012b augstas kvalit\u0101tes izol\u0101cijas lente iztur laika apst\u0101k\u013cus un ir \u016bdensiztur\u012bga.<\/p>\n","protected":false},"featured_media":27941,"comment_status":"closed","ping_status":"closed","template":"","meta":{"inline_featured_image":false},"product_cat":[1295],"product_tag":[],"yst_prominent_words":[],"class_list":{"0":"post-27931","1":"product","2":"type-product","3":"status-publish","4":"has-post-thumbnail","6":"product_cat-limlentes","8":"first","9":"instock","10":"taxable","11":"shipping-taxable","12":"purchasable","13":"product-type-simple"},"jetpack_sharing_enabled":true,"_links":{"self":[{"href":"https:\/\/ddt.lv\/lv\/wp-json\/wp\/v2\/product\/27931"}],"collection":[{"href":"https:\/\/ddt.lv\/lv\/wp-json\/wp\/v2\/product"}],"about":[{"href":"https:\/\/ddt.lv\/lv\/wp-json\/wp\/v2\/types\/product"}],"replies":[{"embeddable":true,"href":"https:\/\/ddt.lv\/lv\/wp-json\/wp\/v2\/comments?post=27931"}],"wp:featuredmedia":[{"embeddable":true,"href":"https:\/\/ddt.lv\/lv\/wp-json\/wp\/v2\/media\/27941"}],"wp:attachment":[{"href":"https:\/\/ddt.lv\/lv\/wp-json\/wp\/v2\/media?parent=27931"}],"wp:term":[{"taxonomy":"product_cat","embeddable":true,"href":"https:\/\/ddt.lv\/lv\/wp-json\/wp\/v2\/product_cat?post=27931"},{"taxonomy":"product_tag","embeddable":true,"href":"https:\/\/ddt.lv\/lv\/wp-json\/wp\/v2\/product_tag?post=27931"},{"taxonomy":"yst_prominent_words","embeddable":true,"href":"https:\/\/ddt.lv\/lv\/wp-json\/wp\/v2\/yst_prominent_words?post=27931"}],"curies":[{"name":"wp","href":"https:\/\/api.w.org\/{rel}","templated":true}]}}