{"id":27912,"date":"2021-09-03T11:10:19","date_gmt":"2021-09-03T08:10:19","guid":{"rendered":"https:\/\/ddt.lv\/lv\/product\/digitalais-virtuves-termometrs-ar-zondi-20c_-250c-1xaaa-emos\/"},"modified":"2026-04-13T11:50:23","modified_gmt":"2026-04-13T08:50:23","slug":"digitalais-virtuves-termometrs-ar-zondi-20c_-250c-1xaaa-emos","status":"publish","type":"product","link":"https:\/\/ddt.lv\/lv\/product\/digitalais-virtuves-termometrs-ar-zondi-20c_-250c-1xaaa-emos\/","title":{"rendered":"Digit\u0101lais virtuves termometrs ar zondi -20C_+250C (1xAAA) EMOS"},"content":{"rendered":"<p><\/p>\n<div id=\"tw-target-text-container\" class=\"tw-ta-container F0azHf tw-nfl\">\n<pre id=\"tw-target-text\" class=\"tw-data-text tw-text-large XcVN5d tw-ta\" dir=\"ltr\" data-placeholder=\"Tulkojums\"><span class=\"Y2IQFc\" lang=\"lv\">Sagatavojiet ide\u0101las malt\u012btes, pateicoties prec\u012bzam digit\u0101lajam virtuves termometram ar taimeri. \r\nE2157 termometrs m\u0113ra temperat\u016bru tie\u0161i ga\u013cas vai jebkura cita \u0113diena iek\u0161pus\u0113. \r\nT\u0101p\u0113c tas ir nenov\u0113rt\u0113jams pal\u012bgs \u0101ra gril\u0113\u0161an\u0101 un m\u0101jas cep\u0161an\u0101, \u012bpa\u0161i ga\u013cas delikates\u0113s. \r\nTermometrs darbojas pla\u0161\u0101 temperat\u016bras diapazon\u0101 no -20 \u00b0 C l\u012bdz +250 \u00b0 C.<\/span><\/pre>\n<\/div>\n<div id=\"tw-target-rmn-container\" class=\"tw-target-rmn tw-ta-container F0azHf tw-nfl\">\n<pre id=\"tw-target-rmn\" class=\"tw-data-placeholder tw-text-small tw-ta\" dir=\"ltr\" data-placeholder=\"\"><\/pre>\n<\/div>\n<p><\/p>","protected":false},"excerpt":{"rendered":"<p>Sagatavojiet ide\u0101las malt\u012btes, pateicoties prec\u012bzam digit\u0101lajam virtuves termometram ar taimeri. E2157 termometrs m\u0113ra temperat\u016bru tie\u0161i ga\u013cas vai jebkura cita \u0113diena iek\u0161pus\u0113. T\u0101p\u0113c tas ir nenov\u0113rt\u0113jams pal\u012bgs \u0101ra gril\u0113\u0161an\u0101 un m\u0101jas cep\u0161an\u0101, \u012bpa\u0161i ga\u013cas delikates\u0113s. Termometrs darbojas pla\u0161\u0101 temperat\u016bras diapazon\u0101 no -20 \u00b0 C l\u012bdz +250 \u00b0 C.<\/p>\n","protected":false},"featured_media":27923,"comment_status":"closed","ping_status":"closed","template":"","meta":{"inline_featured_image":false},"product_cat":[541],"product_tag":[],"yst_prominent_words":[],"class_list":{"0":"post-27912","1":"product","2":"type-product","3":"status-publish","4":"has-post-thumbnail","6":"product_cat-termometri-meteostacijas","8":"first","9":"instock","10":"taxable","11":"shipping-taxable","12":"purchasable","13":"product-type-simple"},"jetpack_sharing_enabled":true,"_links":{"self":[{"href":"https:\/\/ddt.lv\/lv\/wp-json\/wp\/v2\/product\/27912"}],"collection":[{"href":"https:\/\/ddt.lv\/lv\/wp-json\/wp\/v2\/product"}],"about":[{"href":"https:\/\/ddt.lv\/lv\/wp-json\/wp\/v2\/types\/product"}],"replies":[{"embeddable":true,"href":"https:\/\/ddt.lv\/lv\/wp-json\/wp\/v2\/comments?post=27912"}],"wp:featuredmedia":[{"embeddable":true,"href":"https:\/\/ddt.lv\/lv\/wp-json\/wp\/v2\/media\/27923"}],"wp:attachment":[{"href":"https:\/\/ddt.lv\/lv\/wp-json\/wp\/v2\/media?parent=27912"}],"wp:term":[{"taxonomy":"product_cat","embeddable":true,"href":"https:\/\/ddt.lv\/lv\/wp-json\/wp\/v2\/product_cat?post=27912"},{"taxonomy":"product_tag","embeddable":true,"href":"https:\/\/ddt.lv\/lv\/wp-json\/wp\/v2\/product_tag?post=27912"},{"taxonomy":"yst_prominent_words","embeddable":true,"href":"https:\/\/ddt.lv\/lv\/wp-json\/wp\/v2\/yst_prominent_words?post=27912"}],"curies":[{"name":"wp","href":"https:\/\/api.w.org\/{rel}","templated":true}]}}