{"id":27909,"date":"2021-09-03T11:10:17","date_gmt":"2021-09-03T08:10:17","guid":{"rendered":"https:\/\/ddt.lv\/lv\/product\/akumulators-6v-1-3ah-97x24-x50mm-emos\/"},"modified":"2026-04-14T15:45:38","modified_gmt":"2026-04-14T12:45:38","slug":"akumulators-6v-1-3ah-97x24-x50mm-emos","status":"publish","type":"product","link":"https:\/\/ddt.lv\/lv\/product\/akumulators-6v-1-3ah-97x24-x50mm-emos\/","title":{"rendered":"Akumulators 6V 1.3Ah 97&#215;24 x50mm  EMOS"},"content":{"rendered":"<p><\/p>\n<div id=\"tw-target-text-container\" class=\"tw-ta-container F0azHf tw-nfl\">\n<pre id=\"tw-target-text\" class=\"tw-data-text tw-text-large XcVN5d tw-ta\" dir=\"ltr\" data-placeholder=\"Tulkojums\"><span class=\"Y2IQFc\" lang=\"lv\">EMOS akumulators ir piem\u0113rots k\u0101 rezerves akumulators lamp\u0101m, elektroniskaj\u0101m sist\u0113m\u0101m-signaliz\u0101cij\u0101m , EPS utt. Bezapkopes svina akumulators, ko vada ar v\u0101rstu, AGM konstrukcij\u0101 \u013cauj to izmantot jebkur\u0101 poz\u012bcij\u0101.\r\nAkumulators j\u0101uzl\u0101d\u0113 ar piem\u0113rotu baro\u0161anas avotu vai l\u0101d\u0113t\u0101ju, kura uzl\u0101des spriegums ir 14,4 V 12 V baterij\u0101m un 7,2 V 6 V baterij\u0101m. Ja l\u0101d\u0113t\u0101jam vai baro\u0161anas avotam nav \u0161o parametru, notiek nepiln\u012bga uzl\u0101de, un akumulators tiks \u0101tri izlietots un \u0101rk\u0101rt\u0113jos gad\u012bjumos izn\u012bcin\u0101ts. \u0160aj\u0101 gad\u012bjum\u0101 pretenzijas par akumulatoru nevar pie\u0146emt.<\/span><\/pre>\n<\/div>\n<div id=\"tw-target-rmn-container\" class=\"tw-target-rmn tw-ta-container F0azHf tw-nfl\">\n<h3 id=\"tw-target-rmn\" class=\"tw-data-placeholder tw-text-small tw-ta\" dir=\"ltr\"><\/h3>\n<\/div>\n<p><\/p>","protected":false},"excerpt":{"rendered":"<p>EMOS akumulators ir piem\u0113rots k\u0101 rezerves akumulators lamp\u0101m, elektroniskaj\u0101m sist\u0113m\u0101m-signaliz\u0101cij\u0101m , EPS utt. Bezapkopes svina akumulators, ko vada ar v\u0101rstu, AGM konstrukcij\u0101 \u013cauj to izmantot jebkur\u0101 poz\u012bcij\u0101. Akumulators j\u0101uzl\u0101d\u0113 ar piem\u0113rotu baro\u0161anas avotu vai l\u0101d\u0113t\u0101ju, kura uzl\u0101des spriegums ir 14,4 V 12 V baterij\u0101m un 7,2 V 6 V baterij\u0101m. Ja l\u0101d\u0113t\u0101jam vai baro\u0161anas avotam [&hellip;]<\/p>\n","protected":false},"featured_media":27913,"comment_status":"closed","ping_status":"closed","template":"","meta":{"inline_featured_image":false},"product_cat":[456],"product_tag":[],"yst_prominent_words":[],"class_list":{"0":"post-27909","1":"product","2":"type-product","3":"status-publish","4":"has-post-thumbnail","6":"product_cat-cf-akumulatori","8":"first","9":"instock","10":"taxable","11":"shipping-taxable","12":"purchasable","13":"product-type-simple"},"jetpack_sharing_enabled":true,"_links":{"self":[{"href":"https:\/\/ddt.lv\/lv\/wp-json\/wp\/v2\/product\/27909"}],"collection":[{"href":"https:\/\/ddt.lv\/lv\/wp-json\/wp\/v2\/product"}],"about":[{"href":"https:\/\/ddt.lv\/lv\/wp-json\/wp\/v2\/types\/product"}],"replies":[{"embeddable":true,"href":"https:\/\/ddt.lv\/lv\/wp-json\/wp\/v2\/comments?post=27909"}],"wp:featuredmedia":[{"embeddable":true,"href":"https:\/\/ddt.lv\/lv\/wp-json\/wp\/v2\/media\/27913"}],"wp:attachment":[{"href":"https:\/\/ddt.lv\/lv\/wp-json\/wp\/v2\/media?parent=27909"}],"wp:term":[{"taxonomy":"product_cat","embeddable":true,"href":"https:\/\/ddt.lv\/lv\/wp-json\/wp\/v2\/product_cat?post=27909"},{"taxonomy":"product_tag","embeddable":true,"href":"https:\/\/ddt.lv\/lv\/wp-json\/wp\/v2\/product_tag?post=27909"},{"taxonomy":"yst_prominent_words","embeddable":true,"href":"https:\/\/ddt.lv\/lv\/wp-json\/wp\/v2\/yst_prominent_words?post=27909"}],"curies":[{"name":"wp","href":"https:\/\/api.w.org\/{rel}","templated":true}]}}