{"id":27860,"date":"2021-08-31T13:50:13","date_gmt":"2021-08-31T10:50:13","guid":{"rendered":"https:\/\/ddt.lv\/lv\/product\/led-gaismeklis-ar-pulti-avide-philip-95w-5225lm-krasu-dimmesana-nakts-rezims-ar-atminu\/"},"modified":"2026-04-01T00:26:28","modified_gmt":"2026-03-31T21:26:28","slug":"led-gaismeklis-ar-pulti-avide-philip-95w-5225lm-krasu-dimmesana-nakts-rezims-ar-atminu","status":"publish","type":"product","link":"https:\/\/ddt.lv\/lv\/product\/led-gaismeklis-ar-pulti-avide-philip-95w-5225lm-krasu-dimmesana-nakts-rezims-ar-atminu\/","title":{"rendered":"LED gaismeklis ar pulti Avide PHILIP 95W 5225lm, kr\u0101su dimm\u0113\u0161ana, nakts re\u017e\u012bms, ar atmi\u0146u"},"content":{"rendered":"<p><\/p>\n<pre id=\"tw-target-text\" class=\"tw-data-text tw-text-large XcVN5d tw-ta\" dir=\"ltr\" data-placeholder=\"Tulkojums\"><span class=\"Y2IQFc\" lang=\"lv\">Jaunie Avide gaismek\u013ci pie\u0161\u0137ir m\u016bsu m\u0101j\u0101m unik\u0101lu stilu.\r\nIr 3 apgaismojuma re\u017e\u012bmi. Pirmaj\u0101 un otraj\u0101 re\u017e\u012bm\u0101 tiek izmantota silti baltas un auksti baltas gaismas diodes kombin\u0101cija, lai pan\u0101ktu da\u017e\u0101dus apgaismojuma efektus, bet tre\u0161aj\u0101 re\u017e\u012bm\u0101 tiek izmantota silti baltas un auksti baltas gaismas diodes kombin\u0101cija, lai rad\u012btu dabisku balto temperat\u016bru, dubultojot jaudu un spilgtumu.\r\n\r\nPirms pirm\u0101s lieto\u0161anas t\u0101lvad\u012bbas pults j\u0101pievieno spuldzei!\r\nSavienojums: 5 sekun\u017eu laik\u0101 p\u0113c baro\u0161anas iesl\u0113g\u0161anas \u012bsi nospiediet pogu, kas apz\u012bm\u0113ta ar WIFI. Ja savieno\u0161ana p\u0101r\u012b bija veiksm\u012bga, indikators mirgos 3 reizes un t\u0101lvad\u012bbas pults ir gatava lieto\u0161anai.\r\n\r\nPapildus p\u0101rsl\u0113g\u0161anai starp re\u017e\u012bmiem t\u0101lvad\u012bbas pults \u013cauj regul\u0113t spilgtumu un kr\u0101su temperat\u016bru un aktiviz\u0113t taimera funkciju: aktiviz\u0113jiet 5 min\u016btes. - Nospiediet vienu, divas reizes 30 min\u016btes un tr\u012bs reizes, lai izsl\u0113gtu taimeri.\r\nIzstr\u0101d\u0101jumam ir atmi\u0146as funkcija, t\u0101p\u0113c iepriek\u0161 izmantotais re\u017e\u012bms un spilgtums b\u016bs akt\u012bvs n\u0101kamaj\u0101 iesl\u0113g\u0161anas reiz\u0113.\r\n\r\n \r\n\r\n    Jauda: 95W \u200b\u200b(47,5 + 47,5)\r\n    Spriegums: 230 V\r\n    Sprieguma diapazons: 220-240 V\r\n    Darba temperat\u016bra: -20 + 40 \u00b0 C\r\n    IP klase: IP20\r\n    Diametrs: 480 mm\r\n    Augstums: 65 mm\r\n    Gaismas pl\u016bsma: 5 225 Lm\r\n    Kr\u0101su temperat\u016bra: CCT 4000 K\r\n    Apgaismojuma le\u0146\u0137is: 120 \u00b0\r\n    Diodes tips: SMD2835\r\n    Funkcijas: 3 apgaismojuma re\u017e\u012bmi, nakts apgaismojuma funkcija\r\n    Atmi\u0146as funkcija\r\n    Taimeris (5 min \/ 30 min)\r\n    Kr\u0101su temperat\u016bras un spilgtuma regul\u0113\u0161ana\r\n    Iepakojums: 525 mm x 550 mm x 95 mm\r\n    Svars: 3740 g<\/span><\/pre>\n<p><\/p>","protected":false},"excerpt":{"rendered":"<p>Jaunie Avide gaismek\u013ci pie\u0161\u0137ir m\u016bsu m\u0101j\u0101m unik\u0101lu stilu. Ir 3 apgaismojuma re\u017e\u012bmi. Pirmaj\u0101 un otraj\u0101 re\u017e\u012bm\u0101 tiek izmantota silti baltas un auksti baltas gaismas diodes kombin\u0101cija, lai pan\u0101ktu da\u017e\u0101dus apgaismojuma efektus, bet tre\u0161aj\u0101 re\u017e\u012bm\u0101 tiek izmantota silti baltas un auksti baltas gaismas diodes kombin\u0101cija, lai rad\u012btu dabisku balto temperat\u016bru, dubultojot jaudu un spilgtumu. Pirms pirm\u0101s [&hellip;]<\/p>\n","protected":false},"featured_media":27892,"comment_status":"closed","ping_status":"closed","template":"","meta":{"inline_featured_image":false},"product_cat":[898],"product_tag":[],"yst_prominent_words":[],"class_list":{"0":"post-27860","1":"product","2":"type-product","3":"status-publish","4":"has-post-thumbnail","6":"product_cat-led-dizaina-gaismekli","8":"first","9":"outofstock","10":"taxable","11":"shipping-taxable","12":"purchasable","13":"product-type-simple"},"jetpack_sharing_enabled":true,"_links":{"self":[{"href":"https:\/\/ddt.lv\/lv\/wp-json\/wp\/v2\/product\/27860"}],"collection":[{"href":"https:\/\/ddt.lv\/lv\/wp-json\/wp\/v2\/product"}],"about":[{"href":"https:\/\/ddt.lv\/lv\/wp-json\/wp\/v2\/types\/product"}],"replies":[{"embeddable":true,"href":"https:\/\/ddt.lv\/lv\/wp-json\/wp\/v2\/comments?post=27860"}],"wp:featuredmedia":[{"embeddable":true,"href":"https:\/\/ddt.lv\/lv\/wp-json\/wp\/v2\/media\/27892"}],"wp:attachment":[{"href":"https:\/\/ddt.lv\/lv\/wp-json\/wp\/v2\/media?parent=27860"}],"wp:term":[{"taxonomy":"product_cat","embeddable":true,"href":"https:\/\/ddt.lv\/lv\/wp-json\/wp\/v2\/product_cat?post=27860"},{"taxonomy":"product_tag","embeddable":true,"href":"https:\/\/ddt.lv\/lv\/wp-json\/wp\/v2\/product_tag?post=27860"},{"taxonomy":"yst_prominent_words","embeddable":true,"href":"https:\/\/ddt.lv\/lv\/wp-json\/wp\/v2\/yst_prominent_words?post=27860"}],"curies":[{"name":"wp","href":"https:\/\/api.w.org\/{rel}","templated":true}]}}