{"id":27855,"date":"2021-08-31T13:50:11","date_gmt":"2021-08-31T10:50:11","guid":{"rendered":"https:\/\/ddt.lv\/lv\/product\/led-gaismeklis-ar-pulti-ewa-124w-7440lm-krasu-dimmesana-nakts-rezims-ar-atminu-avide\/"},"modified":"2026-04-01T00:26:29","modified_gmt":"2026-03-31T21:26:29","slug":"led-gaismeklis-ar-pulti-ewa-124w-7440lm-krasu-dimmesana-nakts-rezims-ar-atminu-avide","status":"publish","type":"product","link":"https:\/\/ddt.lv\/lv\/product\/led-gaismeklis-ar-pulti-ewa-124w-7440lm-krasu-dimmesana-nakts-rezims-ar-atminu-avide\/","title":{"rendered":"LED gaismeklis ar pulti  EWA 124W 7440lm kr\u0101su dimm\u0113\u0161ana, nakts re\u017e\u012bms, ar atmi\u0146u  Avide"},"content":{"rendered":"<p><br \/>\n<\/p>","protected":false},"excerpt":{"rendered":"","protected":false},"featured_media":27867,"comment_status":"closed","ping_status":"closed","template":"","meta":{"inline_featured_image":false},"product_cat":[898],"product_tag":[],"yst_prominent_words":[],"class_list":{"0":"post-27855","1":"product","2":"type-product","3":"status-publish","4":"has-post-thumbnail","6":"product_cat-led-dizaina-gaismekli","8":"first","9":"outofstock","10":"taxable","11":"shipping-taxable","12":"purchasable","13":"product-type-simple"},"jetpack_sharing_enabled":true,"_links":{"self":[{"href":"https:\/\/ddt.lv\/lv\/wp-json\/wp\/v2\/product\/27855"}],"collection":[{"href":"https:\/\/ddt.lv\/lv\/wp-json\/wp\/v2\/product"}],"about":[{"href":"https:\/\/ddt.lv\/lv\/wp-json\/wp\/v2\/types\/product"}],"replies":[{"embeddable":true,"href":"https:\/\/ddt.lv\/lv\/wp-json\/wp\/v2\/comments?post=27855"}],"wp:featuredmedia":[{"embeddable":true,"href":"https:\/\/ddt.lv\/lv\/wp-json\/wp\/v2\/media\/27867"}],"wp:attachment":[{"href":"https:\/\/ddt.lv\/lv\/wp-json\/wp\/v2\/media?parent=27855"}],"wp:term":[{"taxonomy":"product_cat","embeddable":true,"href":"https:\/\/ddt.lv\/lv\/wp-json\/wp\/v2\/product_cat?post=27855"},{"taxonomy":"product_tag","embeddable":true,"href":"https:\/\/ddt.lv\/lv\/wp-json\/wp\/v2\/product_tag?post=27855"},{"taxonomy":"yst_prominent_words","embeddable":true,"href":"https:\/\/ddt.lv\/lv\/wp-json\/wp\/v2\/yst_prominent_words?post=27855"}],"curies":[{"name":"wp","href":"https:\/\/api.w.org\/{rel}","templated":true}]}}