{"id":27848,"date":"2021-08-30T11:40:12","date_gmt":"2021-08-30T08:40:12","guid":{"rendered":"https:\/\/ddt.lv\/lv\/product\/f58w-gro-s1l-retail-t8-g13-luminiscenta-spuldze-sylvania\/"},"modified":"2026-04-13T09:46:24","modified_gmt":"2026-04-13T06:46:24","slug":"f58w-gro-s1l-retail-t8-g13-luminiscenta-spuldze-sylvania","status":"publish","type":"product","link":"https:\/\/ddt.lv\/lv\/product\/f58w-gro-s1l-retail-t8-g13-luminiscenta-spuldze-sylvania\/","title":{"rendered":"F58W\/GRO S1l-Retail T8 G13 luminiscent\u0101 spuldze Sylvania"},"content":{"rendered":"<p>Augsts zil\u0101 un sarkan\u0101 starojuma l\u012bmenis pal\u012bdz veicin\u0101t vesel\u012bgu augu aug\u0161anu. Uzlabotas \u016bdensaugu un zivju dabisk\u0101s kr\u0101sas akv\u0101rijos. Sald\u016bdens akv\u0101riju apgaismo\u0161anai. Ieteicams izmantot ar\u012b siltumn\u012bc\u0101s un iek\u0161telpu d\u0101rzos.<\/p>","protected":false},"excerpt":{"rendered":"<p>Augsts zil\u0101 un sarkan\u0101 starojuma l\u012bmenis pal\u012bdz veicin\u0101t vesel\u012bgu augu aug\u0161anu. Uzlabotas \u016bdensaugu un zivju dabisk\u0101s kr\u0101sas akv\u0101rijos. Sald\u016bdens akv\u0101riju apgaismo\u0161anai. Ieteicams izmantot ar\u012b siltumn\u012bc\u0101s un iek\u0161telpu d\u0101rzos.<\/p>\n","protected":false},"featured_media":27849,"comment_status":"closed","ping_status":"closed","template":"","meta":{"inline_featured_image":false},"product_cat":[772,885],"product_tag":[],"yst_prominent_words":[],"class_list":{"0":"post-27848","1":"product","2":"type-product","3":"status-publish","4":"has-post-thumbnail","6":"product_cat-atlaides","7":"product_cat-grolux-augu-un-akvariju-spuldzes","9":"first","10":"instock","11":"sale","12":"taxable","13":"shipping-taxable","14":"purchasable","15":"product-type-simple"},"jetpack_sharing_enabled":true,"_links":{"self":[{"href":"https:\/\/ddt.lv\/lv\/wp-json\/wp\/v2\/product\/27848"}],"collection":[{"href":"https:\/\/ddt.lv\/lv\/wp-json\/wp\/v2\/product"}],"about":[{"href":"https:\/\/ddt.lv\/lv\/wp-json\/wp\/v2\/types\/product"}],"replies":[{"embeddable":true,"href":"https:\/\/ddt.lv\/lv\/wp-json\/wp\/v2\/comments?post=27848"}],"wp:featuredmedia":[{"embeddable":true,"href":"https:\/\/ddt.lv\/lv\/wp-json\/wp\/v2\/media\/27849"}],"wp:attachment":[{"href":"https:\/\/ddt.lv\/lv\/wp-json\/wp\/v2\/media?parent=27848"}],"wp:term":[{"taxonomy":"product_cat","embeddable":true,"href":"https:\/\/ddt.lv\/lv\/wp-json\/wp\/v2\/product_cat?post=27848"},{"taxonomy":"product_tag","embeddable":true,"href":"https:\/\/ddt.lv\/lv\/wp-json\/wp\/v2\/product_tag?post=27848"},{"taxonomy":"yst_prominent_words","embeddable":true,"href":"https:\/\/ddt.lv\/lv\/wp-json\/wp\/v2\/yst_prominent_words?post=27848"}],"curies":[{"name":"wp","href":"https:\/\/api.w.org\/{rel}","templated":true}]}}