{"id":27821,"date":"2021-08-24T12:30:13","date_gmt":"2021-08-24T09:30:13","guid":{"rendered":"https:\/\/ddt.lv\/lv\/product\/tosters-compact-2-grauzdiniem-800w-unold\/"},"modified":"2026-04-08T14:37:12","modified_gmt":"2026-04-08T11:37:12","slug":"tosters-compact-2-grauzdiniem-800w-unold","status":"publish","type":"product","link":"https:\/\/ddt.lv\/lv\/product\/tosters-compact-2-grauzdiniem-800w-unold\/","title":{"rendered":"Tosters COMPACT 2 grauzdi\u0146iem 800W UNOLD"},"content":{"rendered":"<p>Ar 6 bezgal\u012bgi regul\u0113jamiem br\u016bnin\u0101\u0161anas pak\u0101p\u0113m, TOASTER 2er Compact nodro\u0161ina divas maizes \u0161\u0137\u0113les ar krauk\u0161\u0137\u012bg\u0101ku garozi\u0146u atbilsto\u0161i j\u016bsu gaumei. Tam ir 4 funkcijas: atkaus\u0113\u0161ana, iesild\u012b\u0161ana\/p\u0113c grauzd\u0113\u0161anas, grauzd\u0113\u0161ana un aptur\u0113\u0161ana.  Citas priek\u0161roc\u012bbas: maizes \u0161\u0137\u0113\u013cu autom\u0101tiska centr\u0113\u0161ana, no\u0146emama drupatas atvilktne un integr\u0113ts maizes ru\u013c\u013ca stiprin\u0101jums. Aptuveni 85 cm garu kabeli var uzglab\u0101t augstas kvalit\u0101tes ner\u016bs\u0113jo\u0161\u0101 t\u0113rauda korpusa apak\u0161\u0101, ietaupot vietu.<\/p>","protected":false},"excerpt":{"rendered":"<p>Ar 6 bezgal\u012bgi regul\u0113jamiem br\u016bnin\u0101\u0161anas pak\u0101p\u0113m, TOASTER 2er Compact nodro\u0161ina divas maizes \u0161\u0137\u0113les ar krauk\u0161\u0137\u012bg\u0101ku garozi\u0146u atbilsto\u0161i j\u016bsu gaumei. Tam ir 4 funkcijas: atkaus\u0113\u0161ana, iesild\u012b\u0161ana\/p\u0113c grauzd\u0113\u0161anas, grauzd\u0113\u0161ana un aptur\u0113\u0161ana. Citas priek\u0161roc\u012bbas: maizes \u0161\u0137\u0113\u013cu autom\u0101tiska centr\u0113\u0161ana, no\u0146emama drupatas atvilktne un integr\u0113ts maizes ru\u013c\u013ca stiprin\u0101jums. Aptuveni 85 cm garu kabeli var uzglab\u0101t augstas kvalit\u0101tes ner\u016bs\u0113jo\u0161\u0101 t\u0113rauda korpusa [&hellip;]<\/p>\n","protected":false},"featured_media":27823,"comment_status":"closed","ping_status":"closed","template":"","meta":{"inline_featured_image":false},"product_cat":[531],"product_tag":[],"yst_prominent_words":[],"class_list":{"0":"post-27821","1":"product","2":"type-product","3":"status-publish","4":"has-post-thumbnail","6":"product_cat-tosteri","8":"first","9":"instock","10":"taxable","11":"shipping-taxable","12":"purchasable","13":"product-type-simple"},"jetpack_sharing_enabled":true,"_links":{"self":[{"href":"https:\/\/ddt.lv\/lv\/wp-json\/wp\/v2\/product\/27821"}],"collection":[{"href":"https:\/\/ddt.lv\/lv\/wp-json\/wp\/v2\/product"}],"about":[{"href":"https:\/\/ddt.lv\/lv\/wp-json\/wp\/v2\/types\/product"}],"replies":[{"embeddable":true,"href":"https:\/\/ddt.lv\/lv\/wp-json\/wp\/v2\/comments?post=27821"}],"wp:featuredmedia":[{"embeddable":true,"href":"https:\/\/ddt.lv\/lv\/wp-json\/wp\/v2\/media\/27823"}],"wp:attachment":[{"href":"https:\/\/ddt.lv\/lv\/wp-json\/wp\/v2\/media?parent=27821"}],"wp:term":[{"taxonomy":"product_cat","embeddable":true,"href":"https:\/\/ddt.lv\/lv\/wp-json\/wp\/v2\/product_cat?post=27821"},{"taxonomy":"product_tag","embeddable":true,"href":"https:\/\/ddt.lv\/lv\/wp-json\/wp\/v2\/product_tag?post=27821"},{"taxonomy":"yst_prominent_words","embeddable":true,"href":"https:\/\/ddt.lv\/lv\/wp-json\/wp\/v2\/yst_prominent_words?post=27821"}],"curies":[{"name":"wp","href":"https:\/\/api.w.org\/{rel}","templated":true}]}}