{"id":27781,"date":"2021-08-16T12:40:16","date_gmt":"2021-08-16T09:40:16","guid":{"rendered":"https:\/\/ddt.lv\/lv\/product\/led-mr16-7w-40-12v-380lm-4000k-dimmejama-spuldze-sylvania\/"},"modified":"2026-04-08T14:42:38","modified_gmt":"2026-04-08T11:42:38","slug":"led-mr16-7w-40-12v-380lm-4000k-dimmejama-spuldze-sylvania","status":"publish","type":"product","link":"https:\/\/ddt.lv\/lv\/product\/led-mr16-7w-40-12v-380lm-4000k-dimmejama-spuldze-sylvania\/","title":{"rendered":"LED MR16 7W 40&#8242; 12V 380lm 4000K dimmejama spuldze Sylvania"},"content":{"rendered":"<p>\u2022 85% ener\u0123ijas taup\u012b\u0161ana.<br \/>\n\u2022 Pla\u0161a l\u016bmena iepakojumu izv\u0113le.<br \/>\n\u2022 7W pied\u0101v\u0101 l\u012bdz 380Lm l\u012bdzv\u0113rt\u012bgu 35W Halogen MR16.<br \/>\n\u2022 7,5 W, pied\u0101v\u0101jot l\u012bdz 480 Lm, kas atbilst 42 W halog\u0113na MR16.<br \/>\n\u2022 Izmanto jaun\u0101ko COB mikrosh\u0113mu tehnolo\u0123iju, lai ieg\u016btu halog\u0113na izskatu.<br \/>\n\u2022 Pieejams da\u017e\u0101d\u0101s kr\u0101su temperat\u016br\u0101s 2700K Homelight, 3000K.<br \/>\n\u2022 Silta balta un 4000K v\u0113sa balta.<br \/>\n\u2022 Augsta efektivit\u0101te l\u012bdz 64Lm\/W.<br \/>\n\u2022 Savietojams ar apstiprin\u0101tiem elektroniskajiem transformatoriem*.<br \/>\n\u2022 Aptum\u0161ojams uz apstiprin\u0101tiem dimmeriem*.<br \/>\n\u2022 25000 stundu vid\u0113jais nomin\u0101lais kalpo\u0161anas laiks.<br \/>\n\u2022 3 gadu garantija.<\/p>","protected":false},"excerpt":{"rendered":"<p>\u2022 85% ener\u0123ijas taup\u012b\u0161ana. \u2022 Pla\u0161a l\u016bmena iepakojumu izv\u0113le. \u2022 7W pied\u0101v\u0101 l\u012bdz 380Lm l\u012bdzv\u0113rt\u012bgu 35W Halogen MR16. \u2022 7,5 W, pied\u0101v\u0101jot l\u012bdz 480 Lm, kas atbilst 42 W halog\u0113na MR16. \u2022 Izmanto jaun\u0101ko COB mikrosh\u0113mu tehnolo\u0123iju, lai ieg\u016btu halog\u0113na izskatu. \u2022 Pieejams da\u017e\u0101d\u0101s kr\u0101su temperat\u016br\u0101s 2700K Homelight, 3000K. \u2022 Silta balta un 4000K v\u0113sa [&hellip;]<\/p>\n","protected":false},"featured_media":27801,"comment_status":"closed","ping_status":"closed","template":"","meta":{"inline_featured_image":false},"product_cat":[1127],"product_tag":[],"yst_prominent_words":[],"class_list":{"0":"post-27781","1":"product","2":"type-product","3":"status-publish","4":"has-post-thumbnail","6":"product_cat-mr16-spuldzes","8":"first","9":"instock","10":"taxable","11":"shipping-taxable","12":"purchasable","13":"product-type-simple"},"jetpack_sharing_enabled":true,"_links":{"self":[{"href":"https:\/\/ddt.lv\/lv\/wp-json\/wp\/v2\/product\/27781"}],"collection":[{"href":"https:\/\/ddt.lv\/lv\/wp-json\/wp\/v2\/product"}],"about":[{"href":"https:\/\/ddt.lv\/lv\/wp-json\/wp\/v2\/types\/product"}],"replies":[{"embeddable":true,"href":"https:\/\/ddt.lv\/lv\/wp-json\/wp\/v2\/comments?post=27781"}],"wp:featuredmedia":[{"embeddable":true,"href":"https:\/\/ddt.lv\/lv\/wp-json\/wp\/v2\/media\/27801"}],"wp:attachment":[{"href":"https:\/\/ddt.lv\/lv\/wp-json\/wp\/v2\/media?parent=27781"}],"wp:term":[{"taxonomy":"product_cat","embeddable":true,"href":"https:\/\/ddt.lv\/lv\/wp-json\/wp\/v2\/product_cat?post=27781"},{"taxonomy":"product_tag","embeddable":true,"href":"https:\/\/ddt.lv\/lv\/wp-json\/wp\/v2\/product_tag?post=27781"},{"taxonomy":"yst_prominent_words","embeddable":true,"href":"https:\/\/ddt.lv\/lv\/wp-json\/wp\/v2\/yst_prominent_words?post=27781"}],"curies":[{"name":"wp","href":"https:\/\/api.w.org\/{rel}","templated":true}]}}