{"id":27780,"date":"2021-08-16T12:40:16","date_gmt":"2021-08-16T09:40:16","guid":{"rendered":"https:\/\/ddt.lv\/lv\/product\/led-gu10-6w-40-240v-420lm-4000k-dimmejama-spuldze-sylvania\/"},"modified":"2026-04-06T11:03:05","modified_gmt":"2026-04-06T08:03:05","slug":"led-gu10-6w-40-240v-420lm-4000k-dimmejama-spuldze-sylvania","status":"publish","type":"product","link":"https:\/\/ddt.lv\/lv\/product\/led-gu10-6w-40-240v-420lm-4000k-dimmejama-spuldze-sylvania\/","title":{"rendered":"LED GU10 6W 40&#8217; 240V 420lm 4000K dimmejama spuldze Sylvania"},"content":{"rendered":"<p>RefLED Superia ES50 V2.1 Dimmable nodro\u0161ina izcilas kvalit\u0101tes t\u012bkla sprieguma LED apgaismojumu, kas pied\u0101v\u0101 420 lm, aizst\u0101jot 60 W Halogen GU10, ietaupot vair\u0101k nek\u0101 80% ener\u0123ijas un pagarinot lampas kalpo\u0161anas laiku l\u012bdz 25 000 stund\u0101m. For\u0161i balta, 4000K kr\u0101sa ar 40 gr\u0101du le\u0146\u0137i, \u0161is RefLED Superia ES50 V2.1 dimm\u0113jamais 420lm ir ra\u017eots Eirop\u0101 saska\u0146\u0101 ar augst\u0101kajiem Sylvania standartiem, un tiem tiek nodro\u0161in\u0101ta 5 gadu garantija. GU10 v\u0101ci\u0146\u0161. Pateicoties Sylvania unik\u0101lajai Coolfit autom\u0101tisk\u0101s siltuma kontroles (AHC) tehnolo\u0123ijai, \u0161\u012bs lampas nodro\u0161ina l\u012bdz 25 000 stundu pat sl\u0113gt\u0101s lamp\u0101s. \u0160\u012bs lampas, kas veidotas saska\u0146\u0101 ar Sylvania PureForm dizaina \u0113tiku, atbilst halog\u0113na GU10 fiziskajam izm\u0113ram un formai, un t\u0101s nodro\u0161ina, ka t\u0101s var ievietot visos gaismek\u013cos. Viena punkta avota dizains, izmantojot Sylvania kompakto klasteru SMD dizainu (CCSMD), radot halog\u0113na lampas izskatu ar lielisku kr\u0101su kr\u0101su konsistenci.<\/p>","protected":false},"excerpt":{"rendered":"<p>RefLED Superia ES50 V2.1 Dimmable nodro\u0161ina izcilas kvalit\u0101tes t\u012bkla sprieguma LED apgaismojumu, kas pied\u0101v\u0101 420 lm, aizst\u0101jot 60 W Halogen GU10, ietaupot vair\u0101k nek\u0101 80% ener\u0123ijas un pagarinot lampas kalpo\u0161anas laiku l\u012bdz 25 000 stund\u0101m. For\u0161i balta, 4000K kr\u0101sa ar 40 gr\u0101du le\u0146\u0137i, \u0161is RefLED Superia ES50 V2.1 dimm\u0113jamais 420lm ir ra\u017eots Eirop\u0101 saska\u0146\u0101 ar [&hellip;]<\/p>\n","protected":false},"featured_media":27802,"comment_status":"closed","ping_status":"closed","template":"","meta":{"inline_featured_image":false},"product_cat":[852],"product_tag":[],"yst_prominent_words":[],"class_list":{"0":"post-27780","1":"product","2":"type-product","3":"status-publish","4":"has-post-thumbnail","6":"product_cat-gu10-spuldzes","8":"first","9":"instock","10":"taxable","11":"shipping-taxable","12":"purchasable","13":"product-type-simple"},"jetpack_sharing_enabled":true,"_links":{"self":[{"href":"https:\/\/ddt.lv\/lv\/wp-json\/wp\/v2\/product\/27780"}],"collection":[{"href":"https:\/\/ddt.lv\/lv\/wp-json\/wp\/v2\/product"}],"about":[{"href":"https:\/\/ddt.lv\/lv\/wp-json\/wp\/v2\/types\/product"}],"replies":[{"embeddable":true,"href":"https:\/\/ddt.lv\/lv\/wp-json\/wp\/v2\/comments?post=27780"}],"wp:featuredmedia":[{"embeddable":true,"href":"https:\/\/ddt.lv\/lv\/wp-json\/wp\/v2\/media\/27802"}],"wp:attachment":[{"href":"https:\/\/ddt.lv\/lv\/wp-json\/wp\/v2\/media?parent=27780"}],"wp:term":[{"taxonomy":"product_cat","embeddable":true,"href":"https:\/\/ddt.lv\/lv\/wp-json\/wp\/v2\/product_cat?post=27780"},{"taxonomy":"product_tag","embeddable":true,"href":"https:\/\/ddt.lv\/lv\/wp-json\/wp\/v2\/product_tag?post=27780"},{"taxonomy":"yst_prominent_words","embeddable":true,"href":"https:\/\/ddt.lv\/lv\/wp-json\/wp\/v2\/yst_prominent_words?post=27780"}],"curies":[{"name":"wp","href":"https:\/\/api.w.org\/{rel}","templated":true}]}}