{"id":27779,"date":"2021-08-16T12:40:15","date_gmt":"2021-08-16T09:40:15","guid":{"rendered":"https:\/\/ddt.lv\/lv\/product\/led-gu10-5w-40-240v-380lm-4000k-spuldze-sylvania\/"},"modified":"2026-04-06T10:55:42","modified_gmt":"2026-04-06T07:55:42","slug":"led-gu10-5w-40-240v-380lm-4000k-spuldze-sylvania","status":"publish","type":"product","link":"https:\/\/ddt.lv\/lv\/product\/led-gu10-5w-40-240v-380lm-4000k-spuldze-sylvania\/","title":{"rendered":"LED GU10 5W 40&#8217; 240V 380lm 4000K spuldze Sylvania"},"content":{"rendered":"<p>RefLED+ ES50 V2 ir gal\u012bg\u0101 LED lampa halog\u0113na GU10 aizst\u0101\u0161anai ar LED, nodro\u0161inot iztur\u012bgu, ilgu m\u016b\u017eu risin\u0101jumu ar objekt\u012bva dizainu, kas imit\u0113 halog\u0113na \u0161\u0137aut\u0146u izskatu un pied\u0101v\u0101 pilnu 50 mm gaismas atv\u0113rumu. 380 lm gaismas, kas atbilst 55 W ar vid\u0113jo nomin\u0101lo kalpo\u0161anas laiku 25 000 stundas. PureForm dizains noz\u012bm\u0113, ka \u0161\u012b lampa ir veidota t\u0101, lai t\u0101s izm\u0113ri b\u016btu identiski GU10 lampai, nodro\u0161inot, ka t\u0101 der visiem gaismek\u013ciem. GU10 v\u0101ci\u0146\u0161. 40 gr\u0101du le\u0146\u0137is ar v\u0113su baltu 4000K. Nodro\u0161ina 3 gadu garantija. Izmanto Sylania kompakto klasteru SMD (CCSMD) dizaina LED tehnolo\u0123iju, kas pied\u0101v\u0101 viena punkta avota izskatu ar halog\u0113nu ar krauk\u0161\u0137\u012bgu, asu staru vad\u012bbu un izcilu kr\u0101su konsekvenci, vienlaikus nodro\u0161inot visu svar\u012bgo nopl\u016bdes gaismu viendab\u012bgai gaismas sadalei.<\/p>","protected":false},"excerpt":{"rendered":"<p>RefLED+ ES50 V2 ir gal\u012bg\u0101 LED lampa halog\u0113na GU10 aizst\u0101\u0161anai ar LED, nodro\u0161inot iztur\u012bgu, ilgu m\u016b\u017eu risin\u0101jumu ar objekt\u012bva dizainu, kas imit\u0113 halog\u0113na \u0161\u0137aut\u0146u izskatu un pied\u0101v\u0101 pilnu 50 mm gaismas atv\u0113rumu. 380 lm gaismas, kas atbilst 55 W ar vid\u0113jo nomin\u0101lo kalpo\u0161anas laiku 25 000 stundas. PureForm dizains noz\u012bm\u0113, ka \u0161\u012b lampa ir veidota [&hellip;]<\/p>\n","protected":false},"featured_media":27800,"comment_status":"closed","ping_status":"closed","template":"","meta":{"inline_featured_image":false},"product_cat":[772,852],"product_tag":[],"yst_prominent_words":[],"class_list":{"0":"post-27779","1":"product","2":"type-product","3":"status-publish","4":"has-post-thumbnail","6":"product_cat-atlaides","7":"product_cat-gu10-spuldzes","9":"first","10":"instock","11":"sale","12":"taxable","13":"shipping-taxable","14":"purchasable","15":"product-type-simple"},"jetpack_sharing_enabled":true,"_links":{"self":[{"href":"https:\/\/ddt.lv\/lv\/wp-json\/wp\/v2\/product\/27779"}],"collection":[{"href":"https:\/\/ddt.lv\/lv\/wp-json\/wp\/v2\/product"}],"about":[{"href":"https:\/\/ddt.lv\/lv\/wp-json\/wp\/v2\/types\/product"}],"replies":[{"embeddable":true,"href":"https:\/\/ddt.lv\/lv\/wp-json\/wp\/v2\/comments?post=27779"}],"wp:featuredmedia":[{"embeddable":true,"href":"https:\/\/ddt.lv\/lv\/wp-json\/wp\/v2\/media\/27800"}],"wp:attachment":[{"href":"https:\/\/ddt.lv\/lv\/wp-json\/wp\/v2\/media?parent=27779"}],"wp:term":[{"taxonomy":"product_cat","embeddable":true,"href":"https:\/\/ddt.lv\/lv\/wp-json\/wp\/v2\/product_cat?post=27779"},{"taxonomy":"product_tag","embeddable":true,"href":"https:\/\/ddt.lv\/lv\/wp-json\/wp\/v2\/product_tag?post=27779"},{"taxonomy":"yst_prominent_words","embeddable":true,"href":"https:\/\/ddt.lv\/lv\/wp-json\/wp\/v2\/yst_prominent_words?post=27779"}],"curies":[{"name":"wp","href":"https:\/\/api.w.org\/{rel}","templated":true}]}}