{"id":27777,"date":"2021-08-16T12:40:14","date_gmt":"2021-08-16T09:40:14","guid":{"rendered":"https:\/\/ddt.lv\/lv\/product\/led-gu10-5-5w-40-230v-425lm-3000k-dimmejama-ra80-spuldze-sylvania\/"},"modified":"2026-04-06T11:03:05","modified_gmt":"2026-04-06T08:03:05","slug":"led-gu10-5-5w-40-230v-425lm-3000k-dimmejama-ra80-spuldze-sylvania","status":"publish","type":"product","link":"https:\/\/ddt.lv\/lv\/product\/led-gu10-5-5w-40-230v-425lm-3000k-dimmejama-ra80-spuldze-sylvania\/","title":{"rendered":"LED GU10 5.5W 40&#8217; 230V 425lm 3000K dimmejama Ra80 spuldze Sylvania"},"content":{"rendered":"<p>\u2022 Augstas veiktsp\u0113jas energoefekt\u012bvs LED aptum\u0161ojams GU10 ar izm\u0113ru un vizu\u0101lu halog\u0113na lampas izskatu &#8211; A+ ener\u0123ijas kategorija \u2022 Pieejams  40 \u00b0 staru le\u0146\u0137\u012b. \u2022 Darba spriegums: 198-254V \u2022 Augsta l\u016bmena efektivit\u0101te &#8211; l\u012bdz 82Lm\/W \u2022 3000K . 5 gadu garantija \u2022 Lampas izm\u0113rs: 50x56mm \u2022 Jaudas koeficients: 0,90 \u2022 Aptum\u0161ojams ar apstiprin\u0101tiem dimmeriem.<\/p>","protected":false},"excerpt":{"rendered":"<p>\u2022 Augstas veiktsp\u0113jas energoefekt\u012bvs LED aptum\u0161ojams GU10 ar izm\u0113ru un vizu\u0101lu halog\u0113na lampas izskatu &#8211; A+ ener\u0123ijas kategorija \u2022 Pieejams 40 \u00b0 staru le\u0146\u0137\u012b. \u2022 Darba spriegums: 198-254V \u2022 Augsta l\u016bmena efektivit\u0101te &#8211; l\u012bdz 82Lm\/W \u2022 3000K . 5 gadu garantija \u2022 Lampas izm\u0113rs: 50x56mm \u2022 Jaudas koeficients: 0,90 \u2022 Aptum\u0161ojams ar apstiprin\u0101tiem dimmeriem.<\/p>\n","protected":false},"featured_media":27795,"comment_status":"closed","ping_status":"closed","template":"","meta":{"inline_featured_image":false},"product_cat":[852],"product_tag":[],"yst_prominent_words":[],"class_list":{"0":"post-27777","1":"product","2":"type-product","3":"status-publish","4":"has-post-thumbnail","6":"product_cat-gu10-spuldzes","8":"first","9":"outofstock","10":"taxable","11":"shipping-taxable","12":"purchasable","13":"product-type-simple"},"jetpack_sharing_enabled":true,"_links":{"self":[{"href":"https:\/\/ddt.lv\/lv\/wp-json\/wp\/v2\/product\/27777"}],"collection":[{"href":"https:\/\/ddt.lv\/lv\/wp-json\/wp\/v2\/product"}],"about":[{"href":"https:\/\/ddt.lv\/lv\/wp-json\/wp\/v2\/types\/product"}],"replies":[{"embeddable":true,"href":"https:\/\/ddt.lv\/lv\/wp-json\/wp\/v2\/comments?post=27777"}],"wp:featuredmedia":[{"embeddable":true,"href":"https:\/\/ddt.lv\/lv\/wp-json\/wp\/v2\/media\/27795"}],"wp:attachment":[{"href":"https:\/\/ddt.lv\/lv\/wp-json\/wp\/v2\/media?parent=27777"}],"wp:term":[{"taxonomy":"product_cat","embeddable":true,"href":"https:\/\/ddt.lv\/lv\/wp-json\/wp\/v2\/product_cat?post=27777"},{"taxonomy":"product_tag","embeddable":true,"href":"https:\/\/ddt.lv\/lv\/wp-json\/wp\/v2\/product_tag?post=27777"},{"taxonomy":"yst_prominent_words","embeddable":true,"href":"https:\/\/ddt.lv\/lv\/wp-json\/wp\/v2\/yst_prominent_words?post=27777"}],"curies":[{"name":"wp","href":"https:\/\/api.w.org\/{rel}","templated":true}]}}