{"id":27775,"date":"2021-08-16T12:40:14","date_gmt":"2021-08-16T09:40:14","guid":{"rendered":"https:\/\/ddt.lv\/lv\/product\/led-mr16-5w-12v-350lm-105-gu5-3-3000k-spuldze-inesa\/"},"modified":"2026-04-08T14:32:24","modified_gmt":"2026-04-08T11:32:24","slug":"led-mr16-5w-12v-350lm-105-gu5-3-3000k-spuldze-inesa","status":"publish","type":"product","link":"https:\/\/ddt.lv\/lv\/product\/led-mr16-5w-12v-350lm-105-gu5-3-3000k-spuldze-inesa\/","title":{"rendered":"LED MR16 5W 12V 350lm 105&#8217; GU5.3 3000K spuldze INESA"},"content":{"rendered":"<p>Nomin\u0101l\u0101 jauda 5 W<br \/>\nNomin\u0101lais spriegums 12 V AC\/DC<br \/>\nNomin\u0101l\u0101 str\u0101va 600 mA<br \/>\nJaudas koeficients 0,5<br \/>\nEkvivalenta kv\u0113lspuldzes jauda 32 W<\/p>\n<p>Nomin\u0101l\u0101 lietder\u012bg\u0101 gaismas pl\u016bsma 350 lm<\/p>\n<p>Nomin\u0101lais staru k\u016b\u013ca le\u0146\u0137is (pusp\u012b\u0137a v\u0113rt\u012bba) 105 \u00b0<br \/>\nNomin\u0101l\u0101 maksim\u0101l\u0101 intensit\u0101te 190 cd<br \/>\nL\u012bdz\u012bga kr\u0101su temperat\u016bra 3000 K<br \/>\nKr\u0101sas temperat\u016bras apz\u012bm\u0113jums silts balts<br \/>\nKr\u0101su atveido\u0161anas indekss (Ra) 80+ Ra<br \/>\nKr\u0101su konsistence \u2264 6 SDCM<br \/>\nIesild\u012b\u0161an\u0101s laiks, lai sasniegtu 60% pilnas gaismas \u2264 1,0 s<\/p>","protected":false},"excerpt":{"rendered":"<p>Nomin\u0101l\u0101 jauda 5 W Nomin\u0101lais spriegums 12 V AC\/DC Nomin\u0101l\u0101 str\u0101va 600 mA Jaudas koeficients 0,5 Ekvivalenta kv\u0113lspuldzes jauda 32 W Nomin\u0101l\u0101 lietder\u012bg\u0101 gaismas pl\u016bsma 350 lm Nomin\u0101lais staru k\u016b\u013ca le\u0146\u0137is (pusp\u012b\u0137a v\u0113rt\u012bba) 105 \u00b0 Nomin\u0101l\u0101 maksim\u0101l\u0101 intensit\u0101te 190 cd L\u012bdz\u012bga kr\u0101su temperat\u016bra 3000 K Kr\u0101sas temperat\u016bras apz\u012bm\u0113jums silts balts Kr\u0101su atveido\u0161anas indekss (Ra) 80+ [&hellip;]<\/p>\n","protected":false},"featured_media":27796,"comment_status":"closed","ping_status":"closed","template":"","meta":{"inline_featured_image":false},"product_cat":[772,1127],"product_tag":[],"yst_prominent_words":[],"class_list":{"0":"post-27775","1":"product","2":"type-product","3":"status-publish","4":"has-post-thumbnail","6":"product_cat-atlaides","7":"product_cat-mr16-spuldzes","9":"first","10":"outofstock","11":"sale","12":"taxable","13":"shipping-taxable","14":"purchasable","15":"product-type-simple"},"jetpack_sharing_enabled":true,"_links":{"self":[{"href":"https:\/\/ddt.lv\/lv\/wp-json\/wp\/v2\/product\/27775"}],"collection":[{"href":"https:\/\/ddt.lv\/lv\/wp-json\/wp\/v2\/product"}],"about":[{"href":"https:\/\/ddt.lv\/lv\/wp-json\/wp\/v2\/types\/product"}],"replies":[{"embeddable":true,"href":"https:\/\/ddt.lv\/lv\/wp-json\/wp\/v2\/comments?post=27775"}],"wp:featuredmedia":[{"embeddable":true,"href":"https:\/\/ddt.lv\/lv\/wp-json\/wp\/v2\/media\/27796"}],"wp:attachment":[{"href":"https:\/\/ddt.lv\/lv\/wp-json\/wp\/v2\/media?parent=27775"}],"wp:term":[{"taxonomy":"product_cat","embeddable":true,"href":"https:\/\/ddt.lv\/lv\/wp-json\/wp\/v2\/product_cat?post=27775"},{"taxonomy":"product_tag","embeddable":true,"href":"https:\/\/ddt.lv\/lv\/wp-json\/wp\/v2\/product_tag?post=27775"},{"taxonomy":"yst_prominent_words","embeddable":true,"href":"https:\/\/ddt.lv\/lv\/wp-json\/wp\/v2\/yst_prominent_words?post=27775"}],"curies":[{"name":"wp","href":"https:\/\/api.w.org\/{rel}","templated":true}]}}