{"id":27772,"date":"2021-08-16T12:40:13","date_gmt":"2021-08-16T09:40:13","guid":{"rendered":"https:\/\/ddt.lv\/lv\/product\/led-gls-a60-clear-filament-e27-7-5w-240v-1000lm-2700k-spuldze-sylvania\/"},"modified":"2026-04-01T00:23:12","modified_gmt":"2026-03-31T21:23:12","slug":"led-gls-a60-clear-filament-e27-7-5w-240v-1000lm-2700k-spuldze-sylvania","status":"publish","type":"product","link":"https:\/\/ddt.lv\/lv\/product\/led-gls-a60-clear-filament-e27-7-5w-240v-1000lm-2700k-spuldze-sylvania\/","title":{"rendered":"LED GLS A60 Clear Filament E27 7.5W 240V 1000lm 2700K spuldze Sylvania"},"content":{"rendered":"<p>Tehnolo\u0123ija LED<br \/>\nVats (nomin\u0101lais) (W) 8<br \/>\nIerakstiet ToLEDo Retro A60<br \/>\nV\u0101ci\u0146\u0161\/pamatne E27<br \/>\nArmat\u016bras v\u0113rt\u0113jums Atv\u0113rts<br \/>\nVisp\u0101r\u0113js lietojums Viesm\u012bl\u012bba, m\u0101jok\u013ci un pat\u0113r\u0113t\u0101ji<br \/>\nETIM klase EC001959<br \/>\nE-numurs FI 4740484<br \/>\nE-numurs SE 8292204<br \/>\nGaismas pl\u016bsma (lm) 1055<br \/>\nKr\u0101su temperat\u016bra (K) 2700<br \/>\nGaismas kr\u0101sa Homelight<br \/>\nCRI (Ra) 80<br \/>\nStaru le\u0146\u0137is (\u00b0) 300<br \/>\nJauda (W) 8<br \/>\nProdukta spriegums (V) 230<br \/>\nVid\u0113jais kalpo\u0161anas laiks (nomin\u0101lais) (h) 15000<\/p>","protected":false},"excerpt":{"rendered":"<p>Tehnolo\u0123ija LED Vats (nomin\u0101lais) (W) 8 Ierakstiet ToLEDo Retro A60 V\u0101ci\u0146\u0161\/pamatne E27 Armat\u016bras v\u0113rt\u0113jums Atv\u0113rts Visp\u0101r\u0113js lietojums Viesm\u012bl\u012bba, m\u0101jok\u013ci un pat\u0113r\u0113t\u0101ji ETIM klase EC001959 E-numurs FI 4740484 E-numurs SE 8292204 Gaismas pl\u016bsma (lm) 1055 Kr\u0101su temperat\u016bra (K) 2700 Gaismas kr\u0101sa Homelight CRI (Ra) 80 Staru le\u0146\u0137is (\u00b0) 300 Jauda (W) 8 Produkta spriegums (V) 230 [&hellip;]<\/p>\n","protected":false},"featured_media":27793,"comment_status":"closed","ping_status":"closed","template":"","meta":{"inline_featured_image":false},"product_cat":[925],"product_tag":[],"yst_prominent_words":[],"class_list":{"0":"post-27772","1":"product","2":"type-product","3":"status-publish","4":"has-post-thumbnail","6":"product_cat-filament-tipa-spuldzes","8":"first","9":"instock","10":"taxable","11":"shipping-taxable","12":"purchasable","13":"product-type-simple"},"jetpack_sharing_enabled":true,"_links":{"self":[{"href":"https:\/\/ddt.lv\/lv\/wp-json\/wp\/v2\/product\/27772"}],"collection":[{"href":"https:\/\/ddt.lv\/lv\/wp-json\/wp\/v2\/product"}],"about":[{"href":"https:\/\/ddt.lv\/lv\/wp-json\/wp\/v2\/types\/product"}],"replies":[{"embeddable":true,"href":"https:\/\/ddt.lv\/lv\/wp-json\/wp\/v2\/comments?post=27772"}],"wp:featuredmedia":[{"embeddable":true,"href":"https:\/\/ddt.lv\/lv\/wp-json\/wp\/v2\/media\/27793"}],"wp:attachment":[{"href":"https:\/\/ddt.lv\/lv\/wp-json\/wp\/v2\/media?parent=27772"}],"wp:term":[{"taxonomy":"product_cat","embeddable":true,"href":"https:\/\/ddt.lv\/lv\/wp-json\/wp\/v2\/product_cat?post=27772"},{"taxonomy":"product_tag","embeddable":true,"href":"https:\/\/ddt.lv\/lv\/wp-json\/wp\/v2\/product_tag?post=27772"},{"taxonomy":"yst_prominent_words","embeddable":true,"href":"https:\/\/ddt.lv\/lv\/wp-json\/wp\/v2\/yst_prominent_words?post=27772"}],"curies":[{"name":"wp","href":"https:\/\/api.w.org\/{rel}","templated":true}]}}