{"id":27770,"date":"2021-08-16T12:30:14","date_gmt":"2021-08-16T09:30:14","guid":{"rendered":"https:\/\/ddt.lv\/lv\/product\/led-globe-retro-spuldze-g120-clear-e27-12w-240v-1531lm-2700k-sylvania\/"},"modified":"2026-04-01T00:23:13","modified_gmt":"2026-03-31T21:23:13","slug":"led-globe-retro-spuldze-g120-clear-e27-12w-240v-1531lm-2700k-sylvania","status":"publish","type":"product","link":"https:\/\/ddt.lv\/lv\/product\/led-globe-retro-spuldze-g120-clear-e27-12w-240v-1531lm-2700k-sylvania\/","title":{"rendered":"LED GLOBE Retro spuldze G120 Clear E27 12W 240V 1531lm 2700K Sylvania"},"content":{"rendered":"<p>\u2022 Lieliski piem\u0113rota dekorat\u012bvam un visp\u0101r\u0113jam apgaismojumam un rada siltu gaisotni, kas l\u012bdz\u012bga tradicion\u0101laj\u0101m lamp\u0101m<br \/>\n\u2022 T\u0101ds pats izskats, izm\u0113rs un funkcionalit\u0101te k\u0101 kv\u0113lspuldz\u0113m<br \/>\n\u2022 Vispus\u0113js gaismas sadal\u012bjums<br \/>\n\u2022 A ++ ener\u0123ijas kategorija<br \/>\n\u2022 Piem\u0113rota kv\u0113lspuld\u017eu un halog\u0113na lampu nomai\u0146a<br \/>\n\u2022 Pie\u0161\u0137ir t\u0101du pa\u0161u dzirksto\u0161u gaismas efektu k\u0101 kv\u0113lspuldze<br \/>\n\u2022 Izm\u0113ri ir identiski kv\u0113lspuldz\u0113m &#8211; der visiem stiprin\u0101jumiem<br \/>\n\u2022 Videi draudz\u012bgs &#8211; nav dz\u012bvsudraba un zem\u0101kas CO2 emisijas<\/p>","protected":false},"excerpt":{"rendered":"<p>\u2022 Lieliski piem\u0113rota dekorat\u012bvam un visp\u0101r\u0113jam apgaismojumam un rada siltu gaisotni, kas l\u012bdz\u012bga tradicion\u0101laj\u0101m lamp\u0101m \u2022 T\u0101ds pats izskats, izm\u0113rs un funkcionalit\u0101te k\u0101 kv\u0113lspuldz\u0113m \u2022 Vispus\u0113js gaismas sadal\u012bjums \u2022 A ++ ener\u0123ijas kategorija \u2022 Piem\u0113rota kv\u0113lspuld\u017eu un halog\u0113na lampu nomai\u0146a \u2022 Pie\u0161\u0137ir t\u0101du pa\u0161u dzirksto\u0161u gaismas efektu k\u0101 kv\u0113lspuldze \u2022 Izm\u0113ri ir identiski kv\u0113lspuldz\u0113m &#8211; [&hellip;]<\/p>\n","protected":false},"featured_media":27785,"comment_status":"closed","ping_status":"closed","template":"","meta":{"inline_featured_image":false},"product_cat":[925],"product_tag":[],"yst_prominent_words":[],"class_list":{"0":"post-27770","1":"product","2":"type-product","3":"status-publish","4":"has-post-thumbnail","6":"product_cat-filament-tipa-spuldzes","8":"first","9":"outofstock","10":"taxable","11":"shipping-taxable","12":"purchasable","13":"product-type-simple"},"jetpack_sharing_enabled":true,"_links":{"self":[{"href":"https:\/\/ddt.lv\/lv\/wp-json\/wp\/v2\/product\/27770"}],"collection":[{"href":"https:\/\/ddt.lv\/lv\/wp-json\/wp\/v2\/product"}],"about":[{"href":"https:\/\/ddt.lv\/lv\/wp-json\/wp\/v2\/types\/product"}],"replies":[{"embeddable":true,"href":"https:\/\/ddt.lv\/lv\/wp-json\/wp\/v2\/comments?post=27770"}],"wp:featuredmedia":[{"embeddable":true,"href":"https:\/\/ddt.lv\/lv\/wp-json\/wp\/v2\/media\/27785"}],"wp:attachment":[{"href":"https:\/\/ddt.lv\/lv\/wp-json\/wp\/v2\/media?parent=27770"}],"wp:term":[{"taxonomy":"product_cat","embeddable":true,"href":"https:\/\/ddt.lv\/lv\/wp-json\/wp\/v2\/product_cat?post=27770"},{"taxonomy":"product_tag","embeddable":true,"href":"https:\/\/ddt.lv\/lv\/wp-json\/wp\/v2\/product_tag?post=27770"},{"taxonomy":"yst_prominent_words","embeddable":true,"href":"https:\/\/ddt.lv\/lv\/wp-json\/wp\/v2\/yst_prominent_words?post=27770"}],"curies":[{"name":"wp","href":"https:\/\/api.w.org\/{rel}","templated":true}]}}