{"id":27769,"date":"2021-08-16T12:30:14","date_gmt":"2021-08-16T09:30:14","guid":{"rendered":"https:\/\/ddt.lv\/lv\/product\/led-filament-toledo-retro-dimmejama-e27-4-5w-470lm-2700k-spuldze-sylvania\/"},"modified":"2026-04-13T10:02:55","modified_gmt":"2026-04-13T07:02:55","slug":"led-filament-toledo-retro-dimmejama-e27-4-5w-470lm-2700k-spuldze-sylvania","status":"publish","type":"product","link":"https:\/\/ddt.lv\/lv\/product\/led-filament-toledo-retro-dimmejama-e27-4-5w-470lm-2700k-spuldze-sylvania\/","title":{"rendered":"LED Filament ToLEDo Retro Dimm\u0113jama E27 4.5W 470lm 2700K spuldze Sylvania"},"content":{"rendered":"<p>nomin\u0101l\u0101 jauda: 4.5W (40)<br \/>\nbaro\u0161anas spriegums: 220-240V AC<br \/>\nv\u0101ci\u0146\u0161: E27<br \/>\ngaismas pl\u016bsma: 470 lm<br \/>\ngaismas efektivit\u0101te: 100lm \/ W<br \/>\nkr\u0101su temperat\u016bra: 2700K<br \/>\ngai\u0161a kr\u0101sa: 827<br \/>\nkalpo\u0161anas laiks: 15 000 h<br \/>\nEner\u0123ijas klase: A ++<br \/>\nburbu\u013ca forma: sf\u0113riska<br \/>\nmaks. lampas diametrs: 45 mm<\/p>","protected":false},"excerpt":{"rendered":"<p>nomin\u0101l\u0101 jauda: 4.5W (40) baro\u0161anas spriegums: 220-240V AC v\u0101ci\u0146\u0161: E27 gaismas pl\u016bsma: 470 lm gaismas efektivit\u0101te: 100lm \/ W kr\u0101su temperat\u016bra: 2700K gai\u0161a kr\u0101sa: 827 kalpo\u0161anas laiks: 15 000 h Ener\u0123ijas klase: A ++ burbu\u013ca forma: sf\u0113riska maks. lampas diametrs: 45 mm<\/p>\n","protected":false},"featured_media":27786,"comment_status":"closed","ping_status":"closed","template":"","meta":{"inline_featured_image":false},"product_cat":[925],"product_tag":[],"yst_prominent_words":[],"class_list":{"0":"post-27769","1":"product","2":"type-product","3":"status-publish","4":"has-post-thumbnail","6":"product_cat-filament-tipa-spuldzes","8":"first","9":"instock","10":"taxable","11":"shipping-taxable","12":"purchasable","13":"product-type-simple"},"jetpack_sharing_enabled":true,"_links":{"self":[{"href":"https:\/\/ddt.lv\/lv\/wp-json\/wp\/v2\/product\/27769"}],"collection":[{"href":"https:\/\/ddt.lv\/lv\/wp-json\/wp\/v2\/product"}],"about":[{"href":"https:\/\/ddt.lv\/lv\/wp-json\/wp\/v2\/types\/product"}],"replies":[{"embeddable":true,"href":"https:\/\/ddt.lv\/lv\/wp-json\/wp\/v2\/comments?post=27769"}],"wp:featuredmedia":[{"embeddable":true,"href":"https:\/\/ddt.lv\/lv\/wp-json\/wp\/v2\/media\/27786"}],"wp:attachment":[{"href":"https:\/\/ddt.lv\/lv\/wp-json\/wp\/v2\/media?parent=27769"}],"wp:term":[{"taxonomy":"product_cat","embeddable":true,"href":"https:\/\/ddt.lv\/lv\/wp-json\/wp\/v2\/product_cat?post=27769"},{"taxonomy":"product_tag","embeddable":true,"href":"https:\/\/ddt.lv\/lv\/wp-json\/wp\/v2\/product_tag?post=27769"},{"taxonomy":"yst_prominent_words","embeddable":true,"href":"https:\/\/ddt.lv\/lv\/wp-json\/wp\/v2\/yst_prominent_words?post=27769"}],"curies":[{"name":"wp","href":"https:\/\/api.w.org\/{rel}","templated":true}]}}